{"id":7746,"date":"2023-10-24T18:48:45","date_gmt":"2023-10-24T16:48:45","guid":{"rendered":"https:\/\/fr.twiza.org\/portail\/?page_id=7746"},"modified":"2023-10-24T18:48:46","modified_gmt":"2023-10-24T16:48:46","slug":"conseils-pour-les-organisateurs-de-chantier","status":"publish","type":"page","link":"https:\/\/fr.twiza.org\/portail\/conseils-pour-les-organisateurs-de-chantier\/","title":{"rendered":"Conseils pour les organisateurs de chantier"},"content":{"rendered":"\n<p>Tu as un chantier participatif publi\u00e9 dans le r\u00e9seau et tu cherches de l&rsquo;inspiration pour avoir plus de participants.<\/p>\n\n\n\n<p>Voici une liste des bonnes pratiques qu&rsquo;on a recens\u00e9es aupr\u00e8s des autres organisateurs du r\u00e9seau et qui fonctionnent pour <strong>mobiliser<\/strong> des <strong>b\u00e9n\u00e9voles<\/strong> :<\/p>\n\n\n\n<ul class=\"wp-block-list\">\n<li><strong>La base : prendre son t\u00e9l\u00e9phone<\/strong> et appeler d\u00e8s que possible tout b\u00e9n\u00e9vole qui te contacte, plut\u00f4t que de rester par messagerie, \u00e7a aide \u00e0 motiver le b\u00e9n\u00e9vole surtout si tu lui demandes ce qui l&rsquo;int\u00e9resse et ce qu&rsquo;il vient chercher sur ton chantier.<\/li>\n<\/ul>\n\n\n\n<ul class=\"wp-block-list\">\n<li><strong>Le groupe de discussion<\/strong> sur (Whatsapp ou autre messagerie instantann\u00e9e) avec tous les b\u00e9n\u00e9voles d\u00e9j\u00e0 venus ou qui t&rsquo;ont fait part de leur motivation, il semblerait que \u00e7a cr\u00e9e une belle \u00e9mulation des uns et des autres pour revenir.<\/li>\n<\/ul>\n\n\n\n<ul class=\"wp-block-list\">\n<li><strong>La mailing list<\/strong> avec tous ceux qui viennent sur ton chantier pour donner des nouvelles et annoncer les prochains gros chantiers, l\u00e0 aussi pour garder le lien avec tous ceux qui sont venus et les motiver \u00e0 revenir sur certains temps forts.<\/li>\n<\/ul>\n\n\n\n<ul class=\"wp-block-list\">\n<li><strong>La presse locale<\/strong> ou les magazines des collectivit\u00e9s locales (ville, agglom\u00e9ration, d\u00e9partement, r\u00e9gion, parc naturel etc) sont toujours en recherche de sujets \u00e0 publier, il est bien plus facile que l&rsquo;on croit d&rsquo;y figurer. Ce sont des actions men\u00e9es par plusieurs membres du r\u00e9seau qui les aide \u00e0 se faire connaitre sur leur territoire en dehors du r\u00e9seau Twiza. Les journalistes de la presse locale sont tr\u00e8s friands des sujets sur le participatif et l&rsquo;\u00e9co-construction. Voici quelques articles obtenus par des organisateurs de chantier du r\u00e9seau : <a href=\"https:\/\/drive.google.com\/drive\/folders\/1p1TV8-IkezVPjV9atJMLiu2xlRFrjq1U\" target=\"_blank\" rel=\"noreferrer noopener\">Revue de presse<\/a>.<\/li>\n<\/ul>\n\n\n\n<ul class=\"wp-block-list\">\n<li><strong>De l&rsquo;affichage en local<\/strong> \u00e0 l&rsquo;AMAP, le magasin de producteurs, dans les lieux avec des r\u00e9seaux engag\u00e9s ou \u00e0 l&rsquo;\u00e9cole d&rsquo;ing\u00e9nieur ou d&rsquo;architecture la plus proche de chez toi, sont aussi des bons outils pour faire conna\u00eetre ton chantier.<\/li>\n<\/ul>\n\n\n\n<p><\/p>\n\n\n\n<p>Pour cela on vous a pr\u00e9par\u00e9 des <strong>affiches<\/strong> que vous pouvez t\u00e9l\u00e9charger et imprimer <a href=\"https:\/\/drive.google.com\/file\/d\/1brdZRXxw7uWqUYeGJX9lXDtAFZxCoXm7\/view\" target=\"_blank\" rel=\"noreferrer noopener\">Affiche simple<\/a> ou <a href=\"https:\/\/drive.google.com\/file\/d\/1kcgbOAbjNBOad4NCasH4ZcbiJx7abjlb\/view\" target=\"_blank\" rel=\"noreferrer noopener\">Affiche double<\/a>. <\/p>\n\n\n\n<p>Petite pr\u00e9cision, <strong>n&rsquo;indique pas ton adresse pr\u00e9cise<\/strong> sur ces affiches pour \u00e9viter les vols de chantier, mais simplement : la <strong>ville<\/strong>, ton n\u00b0 de <strong>t\u00e9l\u00e9phone<\/strong>, et le <strong>type<\/strong> de <strong>chantier<\/strong> que tu proposes en indiquant de te contacter.<\/p>\n\n\n\n<div style=\"height:20px\" aria-hidden=\"true\" class=\"wp-block-spacer\"><\/div>\n\n\n<div class=\"wp-block-image\">\n<figure class=\"aligncenter size-full is-resized\"><img fetchpriority=\"high\" decoding=\"async\" width=\"1024\" height=\"570\" src=\"https:\/\/fr.twiza.org\/portail\/wp-content\/uploads\/2022\/12\/conseils-pour-organisateurs-de-chantier-1-1024px.png\" alt=\"Affiche Twiza \u00e0 remplir et afficher dans des lieux \u00e0 proximit\u00e9 de ton chantier pour faire venir des b\u00e9n\u00e9voles\" class=\"wp-image-7748\" style=\"width:512px;height:285px\" srcset=\"https:\/\/fr.twiza.org\/portail\/wp-content\/uploads\/2022\/12\/conseils-pour-organisateurs-de-chantier-1-1024px.png 1024w, https:\/\/fr.twiza.org\/portail\/wp-content\/uploads\/2022\/12\/conseils-pour-organisateurs-de-chantier-1-1024px-600x334.png 600w, https:\/\/fr.twiza.org\/portail\/wp-content\/uploads\/2022\/12\/conseils-pour-organisateurs-de-chantier-1-1024px-300x167.png 300w, https:\/\/fr.twiza.org\/portail\/wp-content\/uploads\/2022\/12\/conseils-pour-organisateurs-de-chantier-1-1024px-768x428.png 768w\" sizes=\"(max-width: 1024px) 100vw, 1024px\" \/><\/figure>\n<\/div>\n\n\n<div style=\"height:25px\" aria-hidden=\"true\" class=\"wp-block-spacer\"><\/div>\n\n\n\n<p>Rappel des autres <strong>outils<\/strong> mis \u00e0 ta disposition apr\u00e8s ton entretien t\u00e9l\u00e9phonique d&rsquo;accueil, pour pr\u00e9parer ton chantier :<\/p>\n\n\n\n<ul class=\"wp-block-list\">\n<li>Une <a href=\"https:\/\/drive.google.com\/file\/d\/1yViAFuaWMumgXqABfhDh9JnKbo6_KzDZ\/view\" target=\"_blank\" rel=\"noreferrer noopener\">check-list<\/a> des points \u00e0 aborder au t\u00e9l\u00e9phone avec les b\u00e9n\u00e9voles pour ne rien oublier lors de votre appel<\/li>\n<\/ul>\n\n\n\n<ul class=\"wp-block-list\">\n<li>Une proposition de <a href=\"https:\/\/docs.google.com\/document\/d\/13F4Sx4aJHTLgrRZ1l4VLvxt74Guk1-fOwOanKYoFGVM\/copy\" target=\"_blank\" rel=\"noreferrer noopener\">charte<\/a> \u00e0 faire signer aux b\u00e9n\u00e9voles \u00e0 leur arriv\u00e9e sur ton chantier ou en amont<\/li>\n<\/ul>\n\n\n\n<ul class=\"wp-block-list\">\n<li>Un formulaire de demande de <a href=\"https:\/\/airtable.com\/shrsFOakq5aIriZy3\" target=\"_blank\" rel=\"noreferrer noopener\">coup de pouce visibilit\u00e9<\/a> pour nous demander de booster la visibilit\u00e9 de ton chantier pour des p\u00e9riodes o\u00f9 tu manquerais de b\u00e9n\u00e9voles pour des temps forts. Tu retrouves le lien vers ce formulaire tout en bas du site dans la section \u00ab\u00a0le r\u00e9seau\u00a0\u00bb.<\/li>\n<\/ul>\n\n\n\n<p>Nous t&rsquo;invitons \u00e9galement \u00e0 prendre le temps de d\u00e9couvrir notre <strong><em>d\u00e9marche qualit\u00e9<\/em><\/strong>.<\/p>\n\n\n\n<div style=\"height:35px\" aria-hidden=\"true\" class=\"wp-block-spacer\"><\/div>\n","protected":false},"excerpt":{"rendered":"<p>Tu as un chantier participatif publi\u00e9 dans le r\u00e9seau et tu cherches de l&rsquo;inspiration pour avoir plus de participants. Voici une liste des bonnes pratiques qu&rsquo;on a recens\u00e9es aupr\u00e8s des autres organisateurs du r\u00e9seau et qui fonctionnent pour mobiliser des b\u00e9n\u00e9voles : Pour cela on vous a pr\u00e9par\u00e9 des affiches [&hellip;]<\/p>\n","protected":false},"author":3,"featured_media":0,"parent":0,"menu_order":0,"comment_status":"closed","ping_status":"closed","template":"","meta":{"_eb_attr":"","_themeisle_gutenberg_block_has_review":false,"footnotes":""},"class_list":["post-7746","page","type-page","status-publish","hentry"],"yoast_head":"<!-- This site is optimized with the Yoast SEO Premium plugin v27.2 (Yoast SEO v27.4) - https:\/\/yoast.com\/product\/yoast-seo-premium-wordpress\/ -->\n<title>Conseils pour les organisateurs de chantier<\/title>\n<meta name=\"description\" content=\"Quelques conseils pour les organisateurs\u00b7trices de chantier participatif pour augmenter ses chances d&#039;accueillir des b\u00e9n\u00e9voles\" \/>\n<meta name=\"robots\" content=\"index, follow, max-snippet:-1, max-image-preview:large, max-video-preview:-1\" \/>\n<link rel=\"canonical\" href=\"https:\/\/fr.twiza.org\/portail\/conseils-pour-les-organisateurs-de-chantier\/\" \/>\n<meta property=\"og:locale\" content=\"fr_FR\" \/>\n<meta property=\"og:type\" content=\"article\" \/>\n<meta property=\"og:title\" content=\"Conseils pour les organisateurs de chantier\" \/>\n<meta property=\"og:description\" content=\"Quelques conseils pour les organisateurs\u00b7trices de chantier participatif pour augmenter ses chances d&#039;accueillir des b\u00e9n\u00e9voles\" \/>\n<meta property=\"og:url\" content=\"https:\/\/fr.twiza.org\/portail\/conseils-pour-les-organisateurs-de-chantier\/\" \/>\n<meta property=\"og:site_name\" content=\"R\u00e9seau Twiza\" \/>\n<meta property=\"article:publisher\" content=\"https:\/\/fr-fr.facebook.com\/Twiza.fr\/\" \/>\n<meta property=\"article:modified_time\" content=\"2023-10-24T16:48:46+00:00\" \/>\n<meta property=\"og:image\" content=\"https:\/\/fr.twiza.org\/portail\/wp-content\/uploads\/2022\/12\/conseils-pour-organisateurs-de-chantier-1-1024px.png\" \/>\n<meta name=\"twitter:card\" content=\"summary_large_image\" \/>\n<script type=\"application\/ld+json\" class=\"yoast-schema-graph\">{\"@context\":\"https:\\\/\\\/schema.org\",\"@graph\":[{\"@type\":\"WebPage\",\"@id\":\"https:\\\/\\\/fr.twiza.org\\\/portail\\\/conseils-pour-les-organisateurs-de-chantier\\\/\",\"url\":\"https:\\\/\\\/fr.twiza.org\\\/portail\\\/conseils-pour-les-organisateurs-de-chantier\\\/\",\"name\":\"Conseils pour les organisateurs de chantier\",\"isPartOf\":{\"@id\":\"https:\\\/\\\/fr.twiza.org\\\/portail\\\/#website\"},\"primaryImageOfPage\":{\"@id\":\"https:\\\/\\\/fr.twiza.org\\\/portail\\\/conseils-pour-les-organisateurs-de-chantier\\\/#primaryimage\"},\"image\":{\"@id\":\"https:\\\/\\\/fr.twiza.org\\\/portail\\\/conseils-pour-les-organisateurs-de-chantier\\\/#primaryimage\"},\"thumbnailUrl\":\"https:\\\/\\\/fr.twiza.org\\\/portail\\\/wp-content\\\/uploads\\\/2022\\\/12\\\/conseils-pour-organisateurs-de-chantier-1-1024px.png\",\"datePublished\":\"2023-10-24T16:48:45+00:00\",\"dateModified\":\"2023-10-24T16:48:46+00:00\",\"description\":\"Quelques conseils pour les organisateurs\u00b7trices de chantier participatif pour augmenter ses chances d'accueillir des b\u00e9n\u00e9voles\",\"breadcrumb\":{\"@id\":\"https:\\\/\\\/fr.twiza.org\\\/portail\\\/conseils-pour-les-organisateurs-de-chantier\\\/#breadcrumb\"},\"inLanguage\":\"fr-FR\",\"potentialAction\":[{\"@type\":\"ReadAction\",\"target\":[\"https:\\\/\\\/fr.twiza.org\\\/portail\\\/conseils-pour-les-organisateurs-de-chantier\\\/\"]}]},{\"@type\":\"ImageObject\",\"inLanguage\":\"fr-FR\",\"@id\":\"https:\\\/\\\/fr.twiza.org\\\/portail\\\/conseils-pour-les-organisateurs-de-chantier\\\/#primaryimage\",\"url\":\"https:\\\/\\\/fr.twiza.org\\\/portail\\\/wp-content\\\/uploads\\\/2022\\\/12\\\/conseils-pour-organisateurs-de-chantier-1-1024px.png\",\"contentUrl\":\"https:\\\/\\\/fr.twiza.org\\\/portail\\\/wp-content\\\/uploads\\\/2022\\\/12\\\/conseils-pour-organisateurs-de-chantier-1-1024px.png\",\"width\":1024,\"height\":570},{\"@type\":\"BreadcrumbList\",\"@id\":\"https:\\\/\\\/fr.twiza.org\\\/portail\\\/conseils-pour-les-organisateurs-de-chantier\\\/#breadcrumb\",\"itemListElement\":[{\"@type\":\"ListItem\",\"position\":1,\"name\":\"Accueil\",\"item\":\"https:\\\/\\\/fr.twiza.org\\\/portail\\\/\"},{\"@type\":\"ListItem\",\"position\":2,\"name\":\"Conseils pour les organisateurs de chantier\"}]},{\"@type\":\"WebSite\",\"@id\":\"https:\\\/\\\/fr.twiza.org\\\/portail\\\/#website\",\"url\":\"https:\\\/\\\/fr.twiza.org\\\/portail\\\/\",\"name\":\"R\u00e9seau Twiza\",\"description\":\"Entraide pour un habitat \u00e9cologique, convivial et r\u00e9silient\",\"publisher\":{\"@id\":\"https:\\\/\\\/fr.twiza.org\\\/portail\\\/#organization\"},\"potentialAction\":[{\"@type\":\"SearchAction\",\"target\":{\"@type\":\"EntryPoint\",\"urlTemplate\":\"https:\\\/\\\/fr.twiza.org\\\/portail\\\/?s={search_term_string}\"},\"query-input\":{\"@type\":\"PropertyValueSpecification\",\"valueRequired\":true,\"valueName\":\"search_term_string\"}}],\"inLanguage\":\"fr-FR\"},{\"@type\":\"Organization\",\"@id\":\"https:\\\/\\\/fr.twiza.org\\\/portail\\\/#organization\",\"name\":\"R\u00e9seau Twiza\",\"url\":\"https:\\\/\\\/fr.twiza.org\\\/portail\\\/\",\"logo\":{\"@type\":\"ImageObject\",\"inLanguage\":\"fr-FR\",\"@id\":\"https:\\\/\\\/fr.twiza.org\\\/portail\\\/#\\\/schema\\\/logo\\\/image\\\/\",\"url\":\"https:\\\/\\\/fr.twiza.org\\\/portail\\\/wp-content\\\/uploads\\\/2021\\\/05\\\/cropped-logo-reseau-twiza.jpg\",\"contentUrl\":\"https:\\\/\\\/fr.twiza.org\\\/portail\\\/wp-content\\\/uploads\\\/2021\\\/05\\\/cropped-logo-reseau-twiza.jpg\",\"width\":400,\"height\":102,\"caption\":\"R\u00e9seau Twiza\"},\"image\":{\"@id\":\"https:\\\/\\\/fr.twiza.org\\\/portail\\\/#\\\/schema\\\/logo\\\/image\\\/\"},\"sameAs\":[\"https:\\\/\\\/fr-fr.facebook.com\\\/Twiza.fr\\\/\",\"https:\\\/\\\/www.instagram.com\\\/twiza_fr\\\/\",\"https:\\\/\\\/www.linkedin.com\\\/company\\\/reseautwiza\\\/\"]}]}<\/script>\n<!-- \/ Yoast SEO Premium plugin. -->","yoast_head_json":{"title":"Conseils pour les organisateurs de chantier","description":"Quelques conseils pour les organisateurs\u00b7trices de chantier participatif pour augmenter ses chances d'accueillir des b\u00e9n\u00e9voles","robots":{"index":"index","follow":"follow","max-snippet":"max-snippet:-1","max-image-preview":"max-image-preview:large","max-video-preview":"max-video-preview:-1"},"canonical":"https:\/\/fr.twiza.org\/portail\/conseils-pour-les-organisateurs-de-chantier\/","og_locale":"fr_FR","og_type":"article","og_title":"Conseils pour les organisateurs de chantier","og_description":"Quelques conseils pour les organisateurs\u00b7trices de chantier participatif pour augmenter ses chances d'accueillir des b\u00e9n\u00e9voles","og_url":"https:\/\/fr.twiza.org\/portail\/conseils-pour-les-organisateurs-de-chantier\/","og_site_name":"R\u00e9seau Twiza","article_publisher":"https:\/\/fr-fr.facebook.com\/Twiza.fr\/","article_modified_time":"2023-10-24T16:48:46+00:00","og_image":[{"url":"https:\/\/fr.twiza.org\/portail\/wp-content\/uploads\/2022\/12\/conseils-pour-organisateurs-de-chantier-1-1024px.png","type":"","width":"","height":""}],"twitter_card":"summary_large_image","schema":{"@context":"https:\/\/schema.org","@graph":[{"@type":"WebPage","@id":"https:\/\/fr.twiza.org\/portail\/conseils-pour-les-organisateurs-de-chantier\/","url":"https:\/\/fr.twiza.org\/portail\/conseils-pour-les-organisateurs-de-chantier\/","name":"Conseils pour les organisateurs de chantier","isPartOf":{"@id":"https:\/\/fr.twiza.org\/portail\/#website"},"primaryImageOfPage":{"@id":"https:\/\/fr.twiza.org\/portail\/conseils-pour-les-organisateurs-de-chantier\/#primaryimage"},"image":{"@id":"https:\/\/fr.twiza.org\/portail\/conseils-pour-les-organisateurs-de-chantier\/#primaryimage"},"thumbnailUrl":"https:\/\/fr.twiza.org\/portail\/wp-content\/uploads\/2022\/12\/conseils-pour-organisateurs-de-chantier-1-1024px.png","datePublished":"2023-10-24T16:48:45+00:00","dateModified":"2023-10-24T16:48:46+00:00","description":"Quelques conseils pour les organisateurs\u00b7trices de chantier participatif pour augmenter ses chances d'accueillir des b\u00e9n\u00e9voles","breadcrumb":{"@id":"https:\/\/fr.twiza.org\/portail\/conseils-pour-les-organisateurs-de-chantier\/#breadcrumb"},"inLanguage":"fr-FR","potentialAction":[{"@type":"ReadAction","target":["https:\/\/fr.twiza.org\/portail\/conseils-pour-les-organisateurs-de-chantier\/"]}]},{"@type":"ImageObject","inLanguage":"fr-FR","@id":"https:\/\/fr.twiza.org\/portail\/conseils-pour-les-organisateurs-de-chantier\/#primaryimage","url":"https:\/\/fr.twiza.org\/portail\/wp-content\/uploads\/2022\/12\/conseils-pour-organisateurs-de-chantier-1-1024px.png","contentUrl":"https:\/\/fr.twiza.org\/portail\/wp-content\/uploads\/2022\/12\/conseils-pour-organisateurs-de-chantier-1-1024px.png","width":1024,"height":570},{"@type":"BreadcrumbList","@id":"https:\/\/fr.twiza.org\/portail\/conseils-pour-les-organisateurs-de-chantier\/#breadcrumb","itemListElement":[{"@type":"ListItem","position":1,"name":"Accueil","item":"https:\/\/fr.twiza.org\/portail\/"},{"@type":"ListItem","position":2,"name":"Conseils pour les organisateurs de chantier"}]},{"@type":"WebSite","@id":"https:\/\/fr.twiza.org\/portail\/#website","url":"https:\/\/fr.twiza.org\/portail\/","name":"R\u00e9seau Twiza","description":"Entraide pour un habitat \u00e9cologique, convivial et r\u00e9silient","publisher":{"@id":"https:\/\/fr.twiza.org\/portail\/#organization"},"potentialAction":[{"@type":"SearchAction","target":{"@type":"EntryPoint","urlTemplate":"https:\/\/fr.twiza.org\/portail\/?s={search_term_string}"},"query-input":{"@type":"PropertyValueSpecification","valueRequired":true,"valueName":"search_term_string"}}],"inLanguage":"fr-FR"},{"@type":"Organization","@id":"https:\/\/fr.twiza.org\/portail\/#organization","name":"R\u00e9seau Twiza","url":"https:\/\/fr.twiza.org\/portail\/","logo":{"@type":"ImageObject","inLanguage":"fr-FR","@id":"https:\/\/fr.twiza.org\/portail\/#\/schema\/logo\/image\/","url":"https:\/\/fr.twiza.org\/portail\/wp-content\/uploads\/2021\/05\/cropped-logo-reseau-twiza.jpg","contentUrl":"https:\/\/fr.twiza.org\/portail\/wp-content\/uploads\/2021\/05\/cropped-logo-reseau-twiza.jpg","width":400,"height":102,"caption":"R\u00e9seau Twiza"},"image":{"@id":"https:\/\/fr.twiza.org\/portail\/#\/schema\/logo\/image\/"},"sameAs":["https:\/\/fr-fr.facebook.com\/Twiza.fr\/","https:\/\/www.instagram.com\/twiza_fr\/","https:\/\/www.linkedin.com\/company\/reseautwiza\/"]}]}},"jetpack_sharing_enabled":true,"_links":{"self":[{"href":"https:\/\/fr.twiza.org\/portail\/wp-json\/wp\/v2\/pages\/7746","targetHints":{"allow":["GET"]}}],"collection":[{"href":"https:\/\/fr.twiza.org\/portail\/wp-json\/wp\/v2\/pages"}],"about":[{"href":"https:\/\/fr.twiza.org\/portail\/wp-json\/wp\/v2\/types\/page"}],"author":[{"embeddable":true,"href":"https:\/\/fr.twiza.org\/portail\/wp-json\/wp\/v2\/users\/3"}],"replies":[{"embeddable":true,"href":"https:\/\/fr.twiza.org\/portail\/wp-json\/wp\/v2\/comments?post=7746"}],"version-history":[{"count":6,"href":"https:\/\/fr.twiza.org\/portail\/wp-json\/wp\/v2\/pages\/7746\/revisions"}],"predecessor-version":[{"id":9529,"href":"https:\/\/fr.twiza.org\/portail\/wp-json\/wp\/v2\/pages\/7746\/revisions\/9529"}],"wp:attachment":[{"href":"https:\/\/fr.twiza.org\/portail\/wp-json\/wp\/v2\/media?parent=7746"}],"curies":[{"name":"wp","href":"https:\/\/api.w.org\/{rel}","templated":true}]}}