{"id":7870,"date":"2023-10-25T19:15:23","date_gmt":"2023-10-25T17:15:23","guid":{"rendered":"https:\/\/fr.twiza.org\/portail\/?page_id=7870"},"modified":"2026-03-24T10:01:24","modified_gmt":"2026-03-24T09:01:24","slug":"espace-presse-twiza","status":"publish","type":"page","link":"https:\/\/fr.twiza.org\/portail\/espace-presse-twiza\/","title":{"rendered":"Espace presse Twiza"},"content":{"rendered":"<div class=\"wp-block-image is-resized\">\n<figure class=\"aligncenter size-full\"><img fetchpriority=\"high\" decoding=\"async\" width=\"1024\" height=\"576\" src=\"https:\/\/fr.twiza.org\/portail\/wp-content\/uploads\/2023\/01\/Rejoins-le-reseau-twiza-1-1024px-edited.png\" alt=\"Espace presse Twiza : mise \u00e0 disposition de supports de communication divers\" class=\"wp-image-7879\" srcset=\"https:\/\/fr.twiza.org\/portail\/wp-content\/uploads\/2023\/01\/Rejoins-le-reseau-twiza-1-1024px-edited.png 1024w, https:\/\/fr.twiza.org\/portail\/wp-content\/uploads\/2023\/01\/Rejoins-le-reseau-twiza-1-1024px-edited-600x338.png 600w, https:\/\/fr.twiza.org\/portail\/wp-content\/uploads\/2023\/01\/Rejoins-le-reseau-twiza-1-1024px-edited-300x169.png 300w, https:\/\/fr.twiza.org\/portail\/wp-content\/uploads\/2023\/01\/Rejoins-le-reseau-twiza-1-1024px-edited-768x432.png 768w\" sizes=\"(max-width: 1024px) 100vw, 1024px\" \/><\/figure>\n<\/div>\n\n\n<div style=\"height:20px\" aria-hidden=\"true\" class=\"wp-block-spacer\"><\/div>\n\n\n\n<p class=\"has-text-align-center\"><strong>Communiqu\u00e9s de presse, logos Twiza, plaquettes etc. Toutes les informations utiles aux journalistes.<\/strong><\/p>\n\n\n\n<p class=\"has-text-align-left\">L&rsquo;initiative du <strong>r\u00e9seau<\/strong> <strong>Twiza<\/strong> suscite naturellement beaucoup d&rsquo;int\u00e9r\u00eat et de sympathie. C&rsquo;est un sujet tr\u00e8s consensuel qui pla\u00eet syst\u00e9matiquement.<\/p>\n\n\n\n<p class=\"has-text-align-left\"><strong>Journalistes<\/strong>, nous essaierons de vous faciliter la t\u00e2che si vous souhaitez en informer vos lecteurs, visiteurs, t\u00e9l\u00e9spectateurs, abonn\u00e9s&#8230; dans la limite de nos moyens naturellement.<\/p>\n\n\n\n<h2 class=\"wp-block-heading\" id=\"h-contact-presse\">Contact Presse<\/h2>\n\n\n\n<p>Pour tes demandes ou proposition de <strong>relation presse<\/strong>, tu peux contacter <strong>Th\u00e9o<\/strong> <strong>Sola\u00ef<\/strong> qui s&rsquo;occupe de la communication Twiza : <strong>theo@twiza.org <\/strong>| <strong>06 30 29 42 60<\/strong><\/p>\n\n\n\n<h2 class=\"wp-block-heading\" id=\"h-supports-visuels\">Supports visuels<\/h2>\n\n\n\n<p>Voici quelques <strong>illustrations Twiza<\/strong> libres de droit : <\/p>\n\n\n\n<ul class=\"wp-block-list\">\n<li><strong>Logo Twiza HD format carr\u00e9<\/strong> en <a href=\"https:\/\/fr.twiza.org\/Edelweiss.Upload\/tinymce\/pages\/PRESSE\/twiza-carre-JPEG.jpg\" target=\"_blank\" rel=\"noreferrer noopener\">JPEG<\/a> et en <a href=\"https:\/\/fr.twiza.org\/Edelweiss.Upload\/tinymce\/pages\/PRESSE\/twiza-carre-PNG.png\" target=\"_blank\" rel=\"noreferrer noopener\">PNG<\/a><\/li>\n\n\n\n<li><strong>Logo Twiza HD format rectangle<\/strong> en <a href=\"https:\/\/fr.twiza.org\/Edelweiss.Upload\/tinymce\/pages\/PRESSE\/twiza-rectangle-JPEG.jpg\" target=\"_blank\" rel=\"noreferrer noopener\">JPEG<\/a> et en<a href=\"https:\/\/fr.twiza.org\/Edelweiss.Upload\/tinymce\/pages\/PRESSE\/twiza-rectangle-PNG.png\" target=\"_blank\" rel=\"noreferrer noopener\"> PNG<\/a><\/li>\n\n\n\n<li>Une <a href=\"https:\/\/drive.google.com\/drive\/folders\/1TUJe1SjjhxHMpPwjdIOO2VHndsR3Xlgl\">photo de l&rsquo;\u00e9quipe<\/a><\/li>\n\n\n\n<li>Quelques <strong>photos<\/strong> <strong>libres de droits<\/strong> t\u00e9l\u00e9chargeables\n<ul class=\"wp-block-list\">\n<li>version web taille optimis\u00e9e dans cet <a href=\"https:\/\/photos.google.com\/share\/AF1QipOS9vzqfG7z8OSadTMQ7wFO0lsos6KjAv-UZoWxvlfS_HMxg8PIvYzUbS9JD08Wqg?key=bUVHajE1WXNUSmlJNERJLUZqRXpCUlpZOHkwa0pB\" target=\"_blank\" rel=\"noreferrer noopener\">album partag\u00e9<\/a><\/li>\n\n\n\n<li>version Haute D\u00e9finition dans cet <a href=\"https:\/\/photos.google.com\/share\/AF1QipMcw9Vggv4iWzegsESfPk9Ta761zukFJCPTfg3d0IYqp-iwUOWOv6Rl0zbaCjJEZQ?key=ZHBrcHZ2QkpKSEtvV3JqaGVseUwtanlJR2pUQjdn\" target=\"_blank\" rel=\"noreferrer noopener\">album partag\u00e9<\/a><\/li>\n\n\n\n<li>d\u00e9couvrez aussi une s\u00e9lection de belles photos sur <a href=\"https:\/\/www.instagram.com\/twiza_fr\/\" target=\"_blank\" rel=\"noreferrer noopener\">notre compte Instagram<\/a>.<\/li>\n<\/ul>\n<\/li>\n<\/ul>\n\n\n\n<h2 class=\"wp-block-heading\">Vid\u00e9os<\/h2>\n\n\n\n<p>Notre cha\u00eene <a href=\"https:\/\/www.youtube.com\/channel\/UCsyWwP-ozoRiBo5y-kawMuA\" target=\"_blank\" rel=\"noreferrer noopener\">YouTube<\/a> <strong>Twiza<\/strong> diffuse plusieurs vid\u00e9os.<\/p>\n\n\n\n<h2 class=\"wp-block-heading\">R\u00e9seaux sociaux<\/h2>\n\n\n\n<p>Le <strong>r\u00e9seau Twiza<\/strong> est connect\u00e9 aux r\u00e9seaux sociaux, abonnez-vous ! Nous sommes pr\u00e9sents sur <a href=\"https:\/\/www.facebook.com\/Twiza.fr\/\" target=\"_blank\" rel=\"noreferrer noopener\">Facebook<\/a>, <a href=\"https:\/\/www.instagram.com\/twiza_fr\/\" target=\"_blank\" rel=\"noreferrer noopener\">Instagram<\/a> et <a href=\"https:\/\/www.linkedin.com\/signup\/cold-join?session_redirect=https%3A%2F%2Fwww%2Elinkedin%2Ecom%2Fcompany-beta%2F11117551&amp;trk=login_reg_redirect\" target=\"_blank\" rel=\"noreferrer noopener\">LinkedIn<\/a>.<\/p>\n\n\n\n<p>En quelques secondes, vous pouvez partager nos profils du r\u00e9seau Twiza ou vous faire le relais de nos actus.<\/p>\n\n\n\n<h2 class=\"wp-block-heading\">Contactez-nous !<\/h2>\n\n\n\n<p>Nous tenons \u00e9galement \u00e0 votre disposition d&rsquo;autres <strong>supports<\/strong> de <strong>communication<\/strong>, \u00e0 la demande :<\/p>\n\n\n\n<ul class=\"wp-block-list\">\n<li><strong>Photos<\/strong><\/li>\n\n\n\n<li><strong>R\u00e9dactionnel<\/strong><\/li>\n\n\n\n<li><strong>T\u00e9moignages<\/strong><\/li>\n\n\n\n<li><strong>Etc<\/strong>&#8230;<\/li>\n<\/ul>\n\n\n\n<p>Nous pouvons aussi faciliter la mise en relation avec des <strong>organisateurs\u00b7trices<\/strong> de <strong>chantier participatif<\/strong>, des <strong>participants<\/strong>, des <strong>professionnels<\/strong> accompagnateurs et d&rsquo;autres acteurs de ce milieu.<\/p>\n\n\n\n<p>Pour nous \u00e9crire tu peux <a href=\"mailto:contact@twiza.org?subject=Contact%20presse\">cliquer ici<\/a><\/p>\n\n\n\n<div style=\"height:61px\" aria-hidden=\"true\" class=\"wp-block-spacer\"><\/div>\n\n\n\n<div style=\"height:35px\" aria-hidden=\"true\" class=\"wp-block-spacer\"><\/div>\n","protected":false},"excerpt":{"rendered":"<p>Communiqu\u00e9s de presse, logos Twiza, plaquettes etc. Toutes les informations utiles aux journalistes. L&rsquo;initiative du r\u00e9seau Twiza suscite naturellement beaucoup d&rsquo;int\u00e9r\u00eat et de sympathie. C&rsquo;est un sujet tr\u00e8s consensuel qui pla\u00eet syst\u00e9matiquement. Journalistes, nous essaierons de vous faciliter la t\u00e2che si vous souhaitez en informer vos lecteurs, visiteurs, t\u00e9l\u00e9spectateurs, abonn\u00e9s&#8230; [&hellip;]<\/p>\n","protected":false},"author":3,"featured_media":0,"parent":0,"menu_order":0,"comment_status":"closed","ping_status":"closed","template":"","meta":{"_eb_attr":"","_themeisle_gutenberg_block_has_review":false,"footnotes":""},"class_list":["post-7870","page","type-page","status-publish","hentry"],"yoast_head":"<!-- This site is optimized with the Yoast SEO Premium plugin v27.2 (Yoast SEO v27.3) - https:\/\/yoast.com\/product\/yoast-seo-premium-wordpress\/ -->\n<title>Espace presse Twiza<\/title>\n<meta name=\"description\" content=\"Espace presse Twiza : supports visuels (logos Twiza), vid\u00e9os, r\u00e9seaux sociaux, supports de communication ...\" \/>\n<meta name=\"robots\" content=\"index, follow, max-snippet:-1, max-image-preview:large, max-video-preview:-1\" \/>\n<link rel=\"canonical\" href=\"https:\/\/fr.twiza.org\/portail\/espace-presse-twiza\/\" \/>\n<meta property=\"og:locale\" content=\"fr_FR\" \/>\n<meta property=\"og:type\" content=\"article\" \/>\n<meta property=\"og:title\" content=\"Espace presse Twiza\" \/>\n<meta property=\"og:description\" content=\"Espace presse Twiza : supports visuels (logos Twiza), vid\u00e9os, r\u00e9seaux sociaux, supports de communication ...\" \/>\n<meta property=\"og:url\" content=\"https:\/\/fr.twiza.org\/portail\/espace-presse-twiza\/\" \/>\n<meta property=\"og:site_name\" content=\"R\u00e9seau Twiza\" \/>\n<meta property=\"article:publisher\" content=\"https:\/\/fr-fr.facebook.com\/Twiza.fr\/\" \/>\n<meta property=\"article:modified_time\" content=\"2026-03-24T09:01:24+00:00\" \/>\n<meta property=\"og:image\" content=\"https:\/\/fr.twiza.org\/portail\/wp-content\/uploads\/2023\/01\/Rejoins-le-reseau-twiza-1-1024px-edited.png\" \/>\n\t<meta property=\"og:image:width\" content=\"1024\" \/>\n\t<meta property=\"og:image:height\" content=\"576\" \/>\n\t<meta property=\"og:image:type\" content=\"image\/png\" \/>\n<meta name=\"twitter:card\" content=\"summary_large_image\" \/>\n<script type=\"application\/ld+json\" class=\"yoast-schema-graph\">{\"@context\":\"https:\\\/\\\/schema.org\",\"@graph\":[{\"@type\":\"WebPage\",\"@id\":\"https:\\\/\\\/fr.twiza.org\\\/portail\\\/espace-presse-twiza\\\/\",\"url\":\"https:\\\/\\\/fr.twiza.org\\\/portail\\\/espace-presse-twiza\\\/\",\"name\":\"Espace presse Twiza\",\"isPartOf\":{\"@id\":\"https:\\\/\\\/fr.twiza.org\\\/portail\\\/#website\"},\"primaryImageOfPage\":{\"@id\":\"https:\\\/\\\/fr.twiza.org\\\/portail\\\/espace-presse-twiza\\\/#primaryimage\"},\"image\":{\"@id\":\"https:\\\/\\\/fr.twiza.org\\\/portail\\\/espace-presse-twiza\\\/#primaryimage\"},\"thumbnailUrl\":\"https:\\\/\\\/fr.twiza.org\\\/portail\\\/wp-content\\\/uploads\\\/2023\\\/01\\\/Rejoins-le-reseau-twiza-1-1024px-edited.png\",\"datePublished\":\"2023-10-25T17:15:23+00:00\",\"dateModified\":\"2026-03-24T09:01:24+00:00\",\"description\":\"Espace presse Twiza : supports visuels (logos Twiza), vid\u00e9os, r\u00e9seaux sociaux, supports de communication ...\",\"breadcrumb\":{\"@id\":\"https:\\\/\\\/fr.twiza.org\\\/portail\\\/espace-presse-twiza\\\/#breadcrumb\"},\"inLanguage\":\"fr-FR\",\"potentialAction\":[{\"@type\":\"ReadAction\",\"target\":[\"https:\\\/\\\/fr.twiza.org\\\/portail\\\/espace-presse-twiza\\\/\"]}]},{\"@type\":\"ImageObject\",\"inLanguage\":\"fr-FR\",\"@id\":\"https:\\\/\\\/fr.twiza.org\\\/portail\\\/espace-presse-twiza\\\/#primaryimage\",\"url\":\"https:\\\/\\\/fr.twiza.org\\\/portail\\\/wp-content\\\/uploads\\\/2023\\\/01\\\/Rejoins-le-reseau-twiza-1-1024px-edited.png\",\"contentUrl\":\"https:\\\/\\\/fr.twiza.org\\\/portail\\\/wp-content\\\/uploads\\\/2023\\\/01\\\/Rejoins-le-reseau-twiza-1-1024px-edited.png\",\"width\":1024,\"height\":576},{\"@type\":\"BreadcrumbList\",\"@id\":\"https:\\\/\\\/fr.twiza.org\\\/portail\\\/espace-presse-twiza\\\/#breadcrumb\",\"itemListElement\":[{\"@type\":\"ListItem\",\"position\":1,\"name\":\"Accueil\",\"item\":\"https:\\\/\\\/fr.twiza.org\\\/portail\\\/\"},{\"@type\":\"ListItem\",\"position\":2,\"name\":\"Espace presse Twiza\"}]},{\"@type\":\"WebSite\",\"@id\":\"https:\\\/\\\/fr.twiza.org\\\/portail\\\/#website\",\"url\":\"https:\\\/\\\/fr.twiza.org\\\/portail\\\/\",\"name\":\"R\u00e9seau Twiza\",\"description\":\"Entraide pour un habitat \u00e9cologique, convivial et r\u00e9silient\",\"publisher\":{\"@id\":\"https:\\\/\\\/fr.twiza.org\\\/portail\\\/#organization\"},\"potentialAction\":[{\"@type\":\"SearchAction\",\"target\":{\"@type\":\"EntryPoint\",\"urlTemplate\":\"https:\\\/\\\/fr.twiza.org\\\/portail\\\/?s={search_term_string}\"},\"query-input\":{\"@type\":\"PropertyValueSpecification\",\"valueRequired\":true,\"valueName\":\"search_term_string\"}}],\"inLanguage\":\"fr-FR\"},{\"@type\":\"Organization\",\"@id\":\"https:\\\/\\\/fr.twiza.org\\\/portail\\\/#organization\",\"name\":\"R\u00e9seau Twiza\",\"url\":\"https:\\\/\\\/fr.twiza.org\\\/portail\\\/\",\"logo\":{\"@type\":\"ImageObject\",\"inLanguage\":\"fr-FR\",\"@id\":\"https:\\\/\\\/fr.twiza.org\\\/portail\\\/#\\\/schema\\\/logo\\\/image\\\/\",\"url\":\"https:\\\/\\\/fr.twiza.org\\\/portail\\\/wp-content\\\/uploads\\\/2021\\\/05\\\/cropped-logo-reseau-twiza.jpg\",\"contentUrl\":\"https:\\\/\\\/fr.twiza.org\\\/portail\\\/wp-content\\\/uploads\\\/2021\\\/05\\\/cropped-logo-reseau-twiza.jpg\",\"width\":400,\"height\":102,\"caption\":\"R\u00e9seau Twiza\"},\"image\":{\"@id\":\"https:\\\/\\\/fr.twiza.org\\\/portail\\\/#\\\/schema\\\/logo\\\/image\\\/\"},\"sameAs\":[\"https:\\\/\\\/fr-fr.facebook.com\\\/Twiza.fr\\\/\",\"https:\\\/\\\/www.instagram.com\\\/twiza_fr\\\/\",\"https:\\\/\\\/www.linkedin.com\\\/company\\\/reseautwiza\\\/\"]}]}<\/script>\n<!-- \/ Yoast SEO Premium plugin. -->","yoast_head_json":{"title":"Espace presse Twiza","description":"Espace presse Twiza : supports visuels (logos Twiza), vid\u00e9os, r\u00e9seaux sociaux, supports de communication ...","robots":{"index":"index","follow":"follow","max-snippet":"max-snippet:-1","max-image-preview":"max-image-preview:large","max-video-preview":"max-video-preview:-1"},"canonical":"https:\/\/fr.twiza.org\/portail\/espace-presse-twiza\/","og_locale":"fr_FR","og_type":"article","og_title":"Espace presse Twiza","og_description":"Espace presse Twiza : supports visuels (logos Twiza), vid\u00e9os, r\u00e9seaux sociaux, supports de communication ...","og_url":"https:\/\/fr.twiza.org\/portail\/espace-presse-twiza\/","og_site_name":"R\u00e9seau Twiza","article_publisher":"https:\/\/fr-fr.facebook.com\/Twiza.fr\/","article_modified_time":"2026-03-24T09:01:24+00:00","og_image":[{"width":1024,"height":576,"url":"https:\/\/fr.twiza.org\/portail\/wp-content\/uploads\/2023\/01\/Rejoins-le-reseau-twiza-1-1024px-edited.png","type":"image\/png"}],"twitter_card":"summary_large_image","schema":{"@context":"https:\/\/schema.org","@graph":[{"@type":"WebPage","@id":"https:\/\/fr.twiza.org\/portail\/espace-presse-twiza\/","url":"https:\/\/fr.twiza.org\/portail\/espace-presse-twiza\/","name":"Espace presse Twiza","isPartOf":{"@id":"https:\/\/fr.twiza.org\/portail\/#website"},"primaryImageOfPage":{"@id":"https:\/\/fr.twiza.org\/portail\/espace-presse-twiza\/#primaryimage"},"image":{"@id":"https:\/\/fr.twiza.org\/portail\/espace-presse-twiza\/#primaryimage"},"thumbnailUrl":"https:\/\/fr.twiza.org\/portail\/wp-content\/uploads\/2023\/01\/Rejoins-le-reseau-twiza-1-1024px-edited.png","datePublished":"2023-10-25T17:15:23+00:00","dateModified":"2026-03-24T09:01:24+00:00","description":"Espace presse Twiza : supports visuels (logos Twiza), vid\u00e9os, r\u00e9seaux sociaux, supports de communication ...","breadcrumb":{"@id":"https:\/\/fr.twiza.org\/portail\/espace-presse-twiza\/#breadcrumb"},"inLanguage":"fr-FR","potentialAction":[{"@type":"ReadAction","target":["https:\/\/fr.twiza.org\/portail\/espace-presse-twiza\/"]}]},{"@type":"ImageObject","inLanguage":"fr-FR","@id":"https:\/\/fr.twiza.org\/portail\/espace-presse-twiza\/#primaryimage","url":"https:\/\/fr.twiza.org\/portail\/wp-content\/uploads\/2023\/01\/Rejoins-le-reseau-twiza-1-1024px-edited.png","contentUrl":"https:\/\/fr.twiza.org\/portail\/wp-content\/uploads\/2023\/01\/Rejoins-le-reseau-twiza-1-1024px-edited.png","width":1024,"height":576},{"@type":"BreadcrumbList","@id":"https:\/\/fr.twiza.org\/portail\/espace-presse-twiza\/#breadcrumb","itemListElement":[{"@type":"ListItem","position":1,"name":"Accueil","item":"https:\/\/fr.twiza.org\/portail\/"},{"@type":"ListItem","position":2,"name":"Espace presse Twiza"}]},{"@type":"WebSite","@id":"https:\/\/fr.twiza.org\/portail\/#website","url":"https:\/\/fr.twiza.org\/portail\/","name":"R\u00e9seau Twiza","description":"Entraide pour un habitat \u00e9cologique, convivial et r\u00e9silient","publisher":{"@id":"https:\/\/fr.twiza.org\/portail\/#organization"},"potentialAction":[{"@type":"SearchAction","target":{"@type":"EntryPoint","urlTemplate":"https:\/\/fr.twiza.org\/portail\/?s={search_term_string}"},"query-input":{"@type":"PropertyValueSpecification","valueRequired":true,"valueName":"search_term_string"}}],"inLanguage":"fr-FR"},{"@type":"Organization","@id":"https:\/\/fr.twiza.org\/portail\/#organization","name":"R\u00e9seau Twiza","url":"https:\/\/fr.twiza.org\/portail\/","logo":{"@type":"ImageObject","inLanguage":"fr-FR","@id":"https:\/\/fr.twiza.org\/portail\/#\/schema\/logo\/image\/","url":"https:\/\/fr.twiza.org\/portail\/wp-content\/uploads\/2021\/05\/cropped-logo-reseau-twiza.jpg","contentUrl":"https:\/\/fr.twiza.org\/portail\/wp-content\/uploads\/2021\/05\/cropped-logo-reseau-twiza.jpg","width":400,"height":102,"caption":"R\u00e9seau Twiza"},"image":{"@id":"https:\/\/fr.twiza.org\/portail\/#\/schema\/logo\/image\/"},"sameAs":["https:\/\/fr-fr.facebook.com\/Twiza.fr\/","https:\/\/www.instagram.com\/twiza_fr\/","https:\/\/www.linkedin.com\/company\/reseautwiza\/"]}]}},"jetpack_sharing_enabled":true,"_links":{"self":[{"href":"https:\/\/fr.twiza.org\/portail\/wp-json\/wp\/v2\/pages\/7870","targetHints":{"allow":["GET"]}}],"collection":[{"href":"https:\/\/fr.twiza.org\/portail\/wp-json\/wp\/v2\/pages"}],"about":[{"href":"https:\/\/fr.twiza.org\/portail\/wp-json\/wp\/v2\/types\/page"}],"author":[{"embeddable":true,"href":"https:\/\/fr.twiza.org\/portail\/wp-json\/wp\/v2\/users\/3"}],"replies":[{"embeddable":true,"href":"https:\/\/fr.twiza.org\/portail\/wp-json\/wp\/v2\/comments?post=7870"}],"version-history":[{"count":18,"href":"https:\/\/fr.twiza.org\/portail\/wp-json\/wp\/v2\/pages\/7870\/revisions"}],"predecessor-version":[{"id":14194,"href":"https:\/\/fr.twiza.org\/portail\/wp-json\/wp\/v2\/pages\/7870\/revisions\/14194"}],"wp:attachment":[{"href":"https:\/\/fr.twiza.org\/portail\/wp-json\/wp\/v2\/media?parent=7870"}],"curies":[{"name":"wp","href":"https:\/\/api.w.org\/{rel}","templated":true}]}}