{"id":7891,"date":"2023-10-26T08:49:40","date_gmt":"2023-10-26T06:49:40","guid":{"rendered":"https:\/\/fr.twiza.org\/portail\/?page_id=7891"},"modified":"2023-10-26T08:49:40","modified_gmt":"2023-10-26T06:49:40","slug":"sites-amis","status":"publish","type":"page","link":"https:\/\/fr.twiza.org\/portail\/sites-amis\/","title":{"rendered":"Sites Amis"},"content":{"rendered":"\n<div style=\"height:25px\" aria-hidden=\"true\" class=\"wp-block-spacer\"><\/div>\n\n\n\n<p>Voici une liste des sites amis de Twiza, nous r\u00e9f\u00e9ren\u00e7ons ici les liens utiles pour la construction, la r\u00e9novation \u00e9cologique et la permaculture.<\/p>\n\n\n\n<div style=\"height:25px\" aria-hidden=\"true\" class=\"wp-block-spacer\"><\/div>\n\n\n<div class=\"wp-block-image\">\n<figure class=\"alignleft size-full is-resized\"><a href=\"https:\/\/www.rfcp.fr\/\"><img fetchpriority=\"high\" decoding=\"async\" width=\"300\" height=\"226\" src=\"https:\/\/fr.twiza.org\/portail\/wp-content\/uploads\/2023\/02\/LOGO-RFCP-RVB.jpeg\" alt=\"Logo de l'association RFCP : R\u00e9seau Fran\u00e7ais de la Construction Paille\" class=\"wp-image-7909\" style=\"width:150px;height:113px\"\/><\/a><\/figure>\n<\/div>\n\n\n<div style=\"height:15px\" aria-hidden=\"true\" class=\"wp-block-spacer\"><\/div>\n\n\n\n<p>L&rsquo;<a href=\"https:\/\/www.rfcp.fr\/\" target=\"_blank\" rel=\"noreferrer noopener\">association RFCP<\/a> a pour objet le d\u00e9veloppement de l&rsquo;usage du mat\u00e9riau <strong>paille<\/strong> dans la construction. Elle r\u00e9unit les diff\u00e9rents acteurs et actrices de la construction en paille en France afin de populariser ce type de construction, de g\u00e9n\u00e9raliser les bonnes pratiques de mise en \u0153uvre et d&rsquo;en promouvoir les performances.<\/p>\n\n\n\n<div style=\"height:25px\" aria-hidden=\"true\" class=\"wp-block-spacer\"><\/div>\n\n\n\n<figure class=\"wp-block-image size-full is-resized\"><a href=\"https:\/\/maisons-paysannes.org\/\"><img decoding=\"async\" width=\"155\" height=\"77\" src=\"https:\/\/fr.twiza.org\/portail\/wp-content\/uploads\/2023\/02\/logo_maisons-paysannes.png\" alt=\"Logo de l'association Maisons Paysannes de France qui a pour mission la sauvegarde du patrimoine rural b\u00e2ti et paysager\" class=\"wp-image-7913\" style=\"width:155px;height:77px\"\/><\/a><\/figure>\n\n\n\n<div style=\"height:15px\" aria-hidden=\"true\" class=\"wp-block-spacer\"><\/div>\n\n\n\n<p>L&rsquo;<a href=\"https:\/\/maisons-paysannes.org\/\" target=\"_blank\" rel=\"noreferrer noopener\">association Maisons Paysannes<\/a> de France a pour mission la sauvegarde du patrimoine rural b\u00e2ti et paysager. Sur le terrain, cette association nationale, reconnue d&rsquo;utilit\u00e9 publique, aide les particuliers et les collectivit\u00e9s locales dans leurs projets en faveur du patrimoine rural. Vous trouverez les contacts de chaque antenne r\u00e9gionale sur la <a href=\"https:\/\/fr.twiza.org\/professionnels-eco-construction-maison-paysanne\/v3\/se43642\/p0\/c0\" target=\"_blank\" rel=\"noreferrer noopener\">carte des professionnels et associations du r\u00e9seau Twiza<\/a>. Maisons Paysannes de France est adh\u00e9rente du r\u00e9seau Twiza.<\/p>\n\n\n\n<div style=\"height:25px\" aria-hidden=\"true\" class=\"wp-block-spacer\"><\/div>\n\n\n\n<figure class=\"wp-block-image size-medium is-resized\"><a href=\"https:\/\/www.approchepaille.fr\/\"><img decoding=\"async\" width=\"300\" height=\"207\" src=\"https:\/\/fr.twiza.org\/portail\/wp-content\/uploads\/2023\/02\/Logo-approche-paille-300x207.jpeg\" alt=\"Logo de l'association APPROCHE Paille sp\u00e9cialis\u00e9e dans la promotion de la construction en paille\" class=\"wp-image-7915\" style=\"width:225px;height:155px\" srcset=\"https:\/\/fr.twiza.org\/portail\/wp-content\/uploads\/2023\/02\/Logo-approche-paille-300x207.jpeg 300w, https:\/\/fr.twiza.org\/portail\/wp-content\/uploads\/2023\/02\/Logo-approche-paille-600x414.jpeg 600w, https:\/\/fr.twiza.org\/portail\/wp-content\/uploads\/2023\/02\/Logo-approche-paille-768x530.jpeg 768w, https:\/\/fr.twiza.org\/portail\/wp-content\/uploads\/2023\/02\/Logo-approche-paille.jpeg 1024w\" sizes=\"(max-width: 300px) 100vw, 300px\" \/><\/a><\/figure>\n\n\n\n<div style=\"height:15px\" aria-hidden=\"true\" class=\"wp-block-spacer\"><\/div>\n\n\n\n<p>L&rsquo;<a href=\"https:\/\/www.approchepaille.fr\/\" target=\"_blank\" rel=\"noreferrer noopener\">association APPROCHE-Paille<\/a> est sp\u00e9cialis\u00e9e dans la promotion de la construction en paille.  Elle fait la promotion de la construction d&rsquo;habitations en ossature bois et isolation en ballots de paille en agissant en direction des autoconstructeurs avec la diffusion et la formation \u00e0 la technique du GREB. APPROCHE-Paille est adh\u00e9rente du r\u00e9seau Twiza.<\/p>\n\n\n\n<div style=\"height:25px\" aria-hidden=\"true\" class=\"wp-block-spacer\"><\/div>\n\n\n\n<figure class=\"wp-block-image size-full is-resized\"><a href=\"https:\/\/www.approche-ecohabitat.org\/\"><img loading=\"lazy\" decoding=\"async\" width=\"228\" height=\"286\" src=\"https:\/\/fr.twiza.org\/portail\/wp-content\/uploads\/2023\/02\/Logo-approche-ecohabitat.png\" alt=\"\" class=\"wp-image-7917\" style=\"width:171px;height:215px\"\/><\/a><\/figure>\n\n\n\n<div style=\"height:15px\" aria-hidden=\"true\" class=\"wp-block-spacer\"><\/div>\n\n\n\n<p><a href=\"https:\/\/www.approche-ecohabitat.org\/\" target=\"_blank\" rel=\"noreferrer noopener\">APPROCHE-Ecohabitat<\/a> est une association bretonne cr\u00e9\u00e9e par des professionnels de l&rsquo;\u00e9coconstruction avec pour objet de promouvoir un habitat, des lieux de vie et de travail sains, \u00e9conomes en ressources, mat\u00e9riaux et \u00e9nergie, respectueux de l&rsquo;environnement, de la culture et des g\u00e9n\u00e9rations futures. C&rsquo;est aujourd&rsquo;hui un r\u00e9seau de plus de 100 adh\u00e9rents impliqu\u00e9s dans une d\u00e9marche d&rsquo;\u00e9cohabitat : professionnels, institutionnels, \u00e9lus et citoyens.<\/p>\n\n\n\n<div style=\"height:25px\" aria-hidden=\"true\" class=\"wp-block-spacer\"><\/div>\n\n\n\n<figure class=\"wp-block-image size-full is-resized\"><a href=\"https:\/\/wwoof.fr\/fr\/\"><img loading=\"lazy\" decoding=\"async\" width=\"325\" height=\"155\" src=\"https:\/\/fr.twiza.org\/portail\/wp-content\/uploads\/2023\/02\/Logo-wwoof-france.png\" alt=\"\" class=\"wp-image-7918\" style=\"width:163px;height:78px\" srcset=\"https:\/\/fr.twiza.org\/portail\/wp-content\/uploads\/2023\/02\/Logo-wwoof-france.png 325w, https:\/\/fr.twiza.org\/portail\/wp-content\/uploads\/2023\/02\/Logo-wwoof-france-300x143.png 300w\" sizes=\"(max-width: 325px) 100vw, 325px\" \/><\/a><\/figure>\n\n\n\n<div style=\"height:15px\" aria-hidden=\"true\" class=\"wp-block-spacer\"><\/div>\n\n\n\n<p>Le <a href=\"https:\/\/wwoof.fr\/fr\/\" target=\"_blank\" rel=\"noreferrer noopener\">WWOOFing<\/a> est un mouvement mondial qui vise \u00e0 reconnecter les hommes et les femmes \u00e0 la terre en participant b\u00e9n\u00e9volement \u00e0 des pratiques agricoles biologiques. Les b\u00e9n\u00e9voles sont re\u00e7us dans de petites exploitations \u00e0 \u00e9chelle humaine o\u00f9 vivent et travaillent des familles ou des collectifs. Les b\u00e9n\u00e9voles aident au travail agricole et partagent la vie quotidienne des h\u00f4tes qui leur offrent le g\u00eete et le couvert.<\/p>\n\n\n\n<div style=\"height:25px\" aria-hidden=\"true\" class=\"wp-block-spacer\"><\/div>\n\n\n\n<figure class=\"wp-block-image size-full is-resized\"><a href=\"https:\/\/lowtechlab.org\/fr\"><img loading=\"lazy\" decoding=\"async\" width=\"225\" height=\"225\" src=\"https:\/\/fr.twiza.org\/portail\/wp-content\/uploads\/2023\/02\/Logo-lowtech-lab.jpeg\" alt=\"\" class=\"wp-image-7921\" style=\"width:225px;height:225px\" srcset=\"https:\/\/fr.twiza.org\/portail\/wp-content\/uploads\/2023\/02\/Logo-lowtech-lab.jpeg 225w, https:\/\/fr.twiza.org\/portail\/wp-content\/uploads\/2023\/02\/Logo-lowtech-lab-160x160.jpeg 160w\" sizes=\"(max-width: 225px) 100vw, 225px\" \/><\/a><\/figure>\n\n\n\n<div style=\"height:15px\" aria-hidden=\"true\" class=\"wp-block-spacer\"><\/div>\n\n\n\n<p>Le <a href=\"https:\/\/lowtechlab.org\/fr\" target=\"_blank\" rel=\"noreferrer noopener\">Low-tech Lab<\/a> s&rsquo;est donn\u00e9 pour mission de partager les solutions et l&rsquo;esprit low-tech avec le plus grand nombre, afin de donner \u00e0 chacun l&rsquo;envie et les moyens de vivre mieux avec moins. Le terme low-tech est utilis\u00e9 pour qualifier des objets, des syst\u00e8mes, des techniques, des services, des savoir-faire, des pratiques, des modes de vie et m\u00eame des courants de pens\u00e9e, qui int\u00e8grent la technologie selon trois grands principes : Utile ; Accessible ; Durable.<\/p>\n\n\n\n<div style=\"height:25px\" aria-hidden=\"true\" class=\"wp-block-spacer\"><\/div>\n\n\n\n<figure class=\"wp-block-image size-full\"><a href=\"http:\/\/www.permaculture85.fr\/\"><img loading=\"lazy\" decoding=\"async\" width=\"300\" height=\"100\" src=\"https:\/\/fr.twiza.org\/portail\/wp-content\/uploads\/2023\/02\/logo-permaculture85.png\" alt=\"\" class=\"wp-image-7924\"\/><\/a><\/figure>\n\n\n\n<div style=\"height:15px\" aria-hidden=\"true\" class=\"wp-block-spacer\"><\/div>\n\n\n\n<p>Le <a href=\"http:\/\/www.permaculture85.fr\/\" target=\"_blank\" rel=\"noreferrer noopener\">r\u00e9seau Permaculture 85<\/a> a pour but de mettre en relation les personnes du territoire vend\u00e9en int\u00e9ress\u00e9s par la permaculture et\/ou mettant en place des actions en lien avec la permaculture. Permaculture 85 est un des correspondants locaux du r\u00e9seau national de la permaculture <a href=\"https:\/\/asso.permaculture.fr\/\" target=\"_blank\" rel=\"noreferrer noopener\">Brin de paille<\/a>.<\/p>\n\n\n\n<p><\/p>\n\n\n\n<figure class=\"wp-block-image is-resized\"><a href=\"https:\/\/les-castors.fr\/\" target=\"_blank\" rel=\"noreferrer noopener\"><img decoding=\"async\" src=\"https:\/\/fr.twiza.org\/Edelweiss.Upload\/tinymce\/pages\/page%20AMI\/Castors.png?1677840337728\" alt=\"Castors\" style=\"width:291px;height:99px\"\/><\/a><\/figure>\n\n\n\n<p>&nbsp;L&rsquo;association \u00ab\u00a0Autoconstructeurs <a href=\"https:\/\/les-castors.fr\/\" target=\"_blank\" rel=\"noreferrer noopener\">CASTORS Rh\u00f4ne-Alpes<\/a>\u00a0\u00bb&nbsp;a pour but de f\u00e9d\u00e9rer les \u00e9nergies de ses membres dans un syst\u00e8me d\u2019\u00e9changes et d\u2019entraides afin que chacun puisse \u00eatre accompagn\u00e9 \u00e0 tous les niveaux dans sa d\u00e9marche d\u2019auto construction ou d\u2019auto r\u00e9novation. Elle favorise une d\u00e9marche \u00e9cologique et peu \u00e9nergivore dans le cadre du d\u00e9veloppement durable.<\/p>\n\n\n\n<div style=\"height:25px\" aria-hidden=\"true\" class=\"wp-block-spacer\"><\/div>\n\n\n\n<p>Si tu fais partie d&rsquo;un site en rapport avec ces th\u00e9matiques et que tu as d\u00e9j\u00e0 r\u00e9f\u00e9renc\u00e9 Twiza sur ton site, merci de nous le faire savoir.<\/p>\n\n\n\n<div style=\"height:35px\" aria-hidden=\"true\" class=\"wp-block-spacer\"><\/div>\n","protected":false},"excerpt":{"rendered":"<p>Voici une liste des sites amis de Twiza, nous r\u00e9f\u00e9ren\u00e7ons ici les liens utiles pour la construction, la r\u00e9novation \u00e9cologique et la permaculture. L&rsquo;association RFCP a pour objet le d\u00e9veloppement de l&rsquo;usage du mat\u00e9riau paille dans la construction. Elle r\u00e9unit les diff\u00e9rents acteurs et actrices de la construction en paille [&hellip;]<\/p>\n","protected":false},"author":3,"featured_media":0,"parent":0,"menu_order":0,"comment_status":"closed","ping_status":"closed","template":"","meta":{"_eb_attr":"","_themeisle_gutenberg_block_has_review":false,"footnotes":""},"class_list":["post-7891","page","type-page","status-publish","hentry"],"yoast_head":"<!-- This site is optimized with the Yoast SEO Premium plugin v27.2 (Yoast SEO v27.4) - https:\/\/yoast.com\/product\/yoast-seo-premium-wordpress\/ -->\n<title>Sites Amis<\/title>\n<meta name=\"description\" content=\"Liste des sites amis du r\u00e9seau Twiza : liens utiles pour la construction, la r\u00e9novation \u00e9cologique et la permaculture.\" \/>\n<meta name=\"robots\" content=\"index, follow, max-snippet:-1, max-image-preview:large, max-video-preview:-1\" \/>\n<link rel=\"canonical\" href=\"https:\/\/fr.twiza.org\/portail\/sites-amis\/\" \/>\n<meta property=\"og:locale\" content=\"fr_FR\" \/>\n<meta property=\"og:type\" content=\"article\" \/>\n<meta property=\"og:title\" content=\"Sites Amis\" \/>\n<meta property=\"og:description\" content=\"Liste des sites amis du r\u00e9seau Twiza : liens utiles pour la construction, la r\u00e9novation \u00e9cologique et la permaculture.\" \/>\n<meta property=\"og:url\" content=\"https:\/\/fr.twiza.org\/portail\/sites-amis\/\" \/>\n<meta property=\"og:site_name\" content=\"R\u00e9seau Twiza\" \/>\n<meta property=\"article:publisher\" content=\"https:\/\/fr-fr.facebook.com\/Twiza.fr\/\" \/>\n<meta property=\"og:image\" content=\"https:\/\/fr.twiza.org\/portail\/wp-content\/uploads\/2023\/02\/LOGO-RFCP-RVB.jpeg\" \/>\n<meta name=\"twitter:card\" content=\"summary_large_image\" \/>\n<script type=\"application\/ld+json\" class=\"yoast-schema-graph\">{\"@context\":\"https:\\\/\\\/schema.org\",\"@graph\":[{\"@type\":\"WebPage\",\"@id\":\"https:\\\/\\\/fr.twiza.org\\\/portail\\\/sites-amis\\\/\",\"url\":\"https:\\\/\\\/fr.twiza.org\\\/portail\\\/sites-amis\\\/\",\"name\":\"Sites Amis\",\"isPartOf\":{\"@id\":\"https:\\\/\\\/fr.twiza.org\\\/portail\\\/#website\"},\"primaryImageOfPage\":{\"@id\":\"https:\\\/\\\/fr.twiza.org\\\/portail\\\/sites-amis\\\/#primaryimage\"},\"image\":{\"@id\":\"https:\\\/\\\/fr.twiza.org\\\/portail\\\/sites-amis\\\/#primaryimage\"},\"thumbnailUrl\":\"https:\\\/\\\/fr.twiza.org\\\/portail\\\/wp-content\\\/uploads\\\/2023\\\/02\\\/LOGO-RFCP-RVB.jpeg\",\"datePublished\":\"2023-10-26T06:49:40+00:00\",\"description\":\"Liste des sites amis du r\u00e9seau Twiza : liens utiles pour la construction, la r\u00e9novation \u00e9cologique et la permaculture.\",\"breadcrumb\":{\"@id\":\"https:\\\/\\\/fr.twiza.org\\\/portail\\\/sites-amis\\\/#breadcrumb\"},\"inLanguage\":\"fr-FR\",\"potentialAction\":[{\"@type\":\"ReadAction\",\"target\":[\"https:\\\/\\\/fr.twiza.org\\\/portail\\\/sites-amis\\\/\"]}]},{\"@type\":\"ImageObject\",\"inLanguage\":\"fr-FR\",\"@id\":\"https:\\\/\\\/fr.twiza.org\\\/portail\\\/sites-amis\\\/#primaryimage\",\"url\":\"https:\\\/\\\/fr.twiza.org\\\/portail\\\/wp-content\\\/uploads\\\/2023\\\/02\\\/LOGO-RFCP-RVB.jpeg\",\"contentUrl\":\"https:\\\/\\\/fr.twiza.org\\\/portail\\\/wp-content\\\/uploads\\\/2023\\\/02\\\/LOGO-RFCP-RVB.jpeg\",\"width\":300,\"height\":226},{\"@type\":\"BreadcrumbList\",\"@id\":\"https:\\\/\\\/fr.twiza.org\\\/portail\\\/sites-amis\\\/#breadcrumb\",\"itemListElement\":[{\"@type\":\"ListItem\",\"position\":1,\"name\":\"Accueil\",\"item\":\"https:\\\/\\\/fr.twiza.org\\\/portail\\\/\"},{\"@type\":\"ListItem\",\"position\":2,\"name\":\"Sites Amis\"}]},{\"@type\":\"WebSite\",\"@id\":\"https:\\\/\\\/fr.twiza.org\\\/portail\\\/#website\",\"url\":\"https:\\\/\\\/fr.twiza.org\\\/portail\\\/\",\"name\":\"R\u00e9seau Twiza\",\"description\":\"Entraide pour un habitat \u00e9cologique, convivial et r\u00e9silient\",\"publisher\":{\"@id\":\"https:\\\/\\\/fr.twiza.org\\\/portail\\\/#organization\"},\"potentialAction\":[{\"@type\":\"SearchAction\",\"target\":{\"@type\":\"EntryPoint\",\"urlTemplate\":\"https:\\\/\\\/fr.twiza.org\\\/portail\\\/?s={search_term_string}\"},\"query-input\":{\"@type\":\"PropertyValueSpecification\",\"valueRequired\":true,\"valueName\":\"search_term_string\"}}],\"inLanguage\":\"fr-FR\"},{\"@type\":\"Organization\",\"@id\":\"https:\\\/\\\/fr.twiza.org\\\/portail\\\/#organization\",\"name\":\"R\u00e9seau Twiza\",\"url\":\"https:\\\/\\\/fr.twiza.org\\\/portail\\\/\",\"logo\":{\"@type\":\"ImageObject\",\"inLanguage\":\"fr-FR\",\"@id\":\"https:\\\/\\\/fr.twiza.org\\\/portail\\\/#\\\/schema\\\/logo\\\/image\\\/\",\"url\":\"https:\\\/\\\/fr.twiza.org\\\/portail\\\/wp-content\\\/uploads\\\/2021\\\/05\\\/cropped-logo-reseau-twiza.jpg\",\"contentUrl\":\"https:\\\/\\\/fr.twiza.org\\\/portail\\\/wp-content\\\/uploads\\\/2021\\\/05\\\/cropped-logo-reseau-twiza.jpg\",\"width\":400,\"height\":102,\"caption\":\"R\u00e9seau Twiza\"},\"image\":{\"@id\":\"https:\\\/\\\/fr.twiza.org\\\/portail\\\/#\\\/schema\\\/logo\\\/image\\\/\"},\"sameAs\":[\"https:\\\/\\\/fr-fr.facebook.com\\\/Twiza.fr\\\/\",\"https:\\\/\\\/www.instagram.com\\\/twiza_fr\\\/\",\"https:\\\/\\\/www.linkedin.com\\\/company\\\/reseautwiza\\\/\"]}]}<\/script>\n<!-- \/ Yoast SEO Premium plugin. -->","yoast_head_json":{"title":"Sites Amis","description":"Liste des sites amis du r\u00e9seau Twiza : liens utiles pour la construction, la r\u00e9novation \u00e9cologique et la permaculture.","robots":{"index":"index","follow":"follow","max-snippet":"max-snippet:-1","max-image-preview":"max-image-preview:large","max-video-preview":"max-video-preview:-1"},"canonical":"https:\/\/fr.twiza.org\/portail\/sites-amis\/","og_locale":"fr_FR","og_type":"article","og_title":"Sites Amis","og_description":"Liste des sites amis du r\u00e9seau Twiza : liens utiles pour la construction, la r\u00e9novation \u00e9cologique et la permaculture.","og_url":"https:\/\/fr.twiza.org\/portail\/sites-amis\/","og_site_name":"R\u00e9seau Twiza","article_publisher":"https:\/\/fr-fr.facebook.com\/Twiza.fr\/","og_image":[{"url":"https:\/\/fr.twiza.org\/portail\/wp-content\/uploads\/2023\/02\/LOGO-RFCP-RVB.jpeg","type":"","width":"","height":""}],"twitter_card":"summary_large_image","schema":{"@context":"https:\/\/schema.org","@graph":[{"@type":"WebPage","@id":"https:\/\/fr.twiza.org\/portail\/sites-amis\/","url":"https:\/\/fr.twiza.org\/portail\/sites-amis\/","name":"Sites Amis","isPartOf":{"@id":"https:\/\/fr.twiza.org\/portail\/#website"},"primaryImageOfPage":{"@id":"https:\/\/fr.twiza.org\/portail\/sites-amis\/#primaryimage"},"image":{"@id":"https:\/\/fr.twiza.org\/portail\/sites-amis\/#primaryimage"},"thumbnailUrl":"https:\/\/fr.twiza.org\/portail\/wp-content\/uploads\/2023\/02\/LOGO-RFCP-RVB.jpeg","datePublished":"2023-10-26T06:49:40+00:00","description":"Liste des sites amis du r\u00e9seau Twiza : liens utiles pour la construction, la r\u00e9novation \u00e9cologique et la permaculture.","breadcrumb":{"@id":"https:\/\/fr.twiza.org\/portail\/sites-amis\/#breadcrumb"},"inLanguage":"fr-FR","potentialAction":[{"@type":"ReadAction","target":["https:\/\/fr.twiza.org\/portail\/sites-amis\/"]}]},{"@type":"ImageObject","inLanguage":"fr-FR","@id":"https:\/\/fr.twiza.org\/portail\/sites-amis\/#primaryimage","url":"https:\/\/fr.twiza.org\/portail\/wp-content\/uploads\/2023\/02\/LOGO-RFCP-RVB.jpeg","contentUrl":"https:\/\/fr.twiza.org\/portail\/wp-content\/uploads\/2023\/02\/LOGO-RFCP-RVB.jpeg","width":300,"height":226},{"@type":"BreadcrumbList","@id":"https:\/\/fr.twiza.org\/portail\/sites-amis\/#breadcrumb","itemListElement":[{"@type":"ListItem","position":1,"name":"Accueil","item":"https:\/\/fr.twiza.org\/portail\/"},{"@type":"ListItem","position":2,"name":"Sites Amis"}]},{"@type":"WebSite","@id":"https:\/\/fr.twiza.org\/portail\/#website","url":"https:\/\/fr.twiza.org\/portail\/","name":"R\u00e9seau Twiza","description":"Entraide pour un habitat \u00e9cologique, convivial et r\u00e9silient","publisher":{"@id":"https:\/\/fr.twiza.org\/portail\/#organization"},"potentialAction":[{"@type":"SearchAction","target":{"@type":"EntryPoint","urlTemplate":"https:\/\/fr.twiza.org\/portail\/?s={search_term_string}"},"query-input":{"@type":"PropertyValueSpecification","valueRequired":true,"valueName":"search_term_string"}}],"inLanguage":"fr-FR"},{"@type":"Organization","@id":"https:\/\/fr.twiza.org\/portail\/#organization","name":"R\u00e9seau Twiza","url":"https:\/\/fr.twiza.org\/portail\/","logo":{"@type":"ImageObject","inLanguage":"fr-FR","@id":"https:\/\/fr.twiza.org\/portail\/#\/schema\/logo\/image\/","url":"https:\/\/fr.twiza.org\/portail\/wp-content\/uploads\/2021\/05\/cropped-logo-reseau-twiza.jpg","contentUrl":"https:\/\/fr.twiza.org\/portail\/wp-content\/uploads\/2021\/05\/cropped-logo-reseau-twiza.jpg","width":400,"height":102,"caption":"R\u00e9seau Twiza"},"image":{"@id":"https:\/\/fr.twiza.org\/portail\/#\/schema\/logo\/image\/"},"sameAs":["https:\/\/fr-fr.facebook.com\/Twiza.fr\/","https:\/\/www.instagram.com\/twiza_fr\/","https:\/\/www.linkedin.com\/company\/reseautwiza\/"]}]}},"jetpack_sharing_enabled":true,"_links":{"self":[{"href":"https:\/\/fr.twiza.org\/portail\/wp-json\/wp\/v2\/pages\/7891","targetHints":{"allow":["GET"]}}],"collection":[{"href":"https:\/\/fr.twiza.org\/portail\/wp-json\/wp\/v2\/pages"}],"about":[{"href":"https:\/\/fr.twiza.org\/portail\/wp-json\/wp\/v2\/types\/page"}],"author":[{"embeddable":true,"href":"https:\/\/fr.twiza.org\/portail\/wp-json\/wp\/v2\/users\/3"}],"replies":[{"embeddable":true,"href":"https:\/\/fr.twiza.org\/portail\/wp-json\/wp\/v2\/comments?post=7891"}],"version-history":[{"count":19,"href":"https:\/\/fr.twiza.org\/portail\/wp-json\/wp\/v2\/pages\/7891\/revisions"}],"predecessor-version":[{"id":9552,"href":"https:\/\/fr.twiza.org\/portail\/wp-json\/wp\/v2\/pages\/7891\/revisions\/9552"}],"wp:attachment":[{"href":"https:\/\/fr.twiza.org\/portail\/wp-json\/wp\/v2\/media?parent=7891"}],"curies":[{"name":"wp","href":"https:\/\/api.w.org\/{rel}","templated":true}]}}