{"id":8138,"date":"2023-03-13T11:20:50","date_gmt":"2023-03-13T10:20:50","guid":{"rendered":"https:\/\/fr.twiza.org\/portail\/?page_id=8138"},"modified":"2024-08-26T13:02:41","modified_gmt":"2024-08-26T11:02:41","slug":"mon-projet","status":"publish","type":"page","link":"https:\/\/fr.twiza.org\/portail\/mon-projet\/","title":{"rendered":"Mon projet"},"content":{"rendered":"\n<p><\/p>\n\n\n\n<figure class=\"wp-block-image size-large\"><img fetchpriority=\"high\" decoding=\"async\" width=\"1608\" height=\"1006\" src=\"https:\/\/fr.twiza.org\/portail\/wp-content\/uploads\/2023\/03\/DEF-Paremts-ext-1-O-edited.jpeg\" alt=\"\" class=\"wp-image-8247\" srcset=\"https:\/\/fr.twiza.org\/portail\/wp-content\/uploads\/2023\/03\/DEF-Paremts-ext-1-O-edited.jpeg 1608w, https:\/\/fr.twiza.org\/portail\/wp-content\/uploads\/2023\/03\/DEF-Paremts-ext-1-O-edited-600x375.jpeg 600w, https:\/\/fr.twiza.org\/portail\/wp-content\/uploads\/2023\/03\/DEF-Paremts-ext-1-O-edited-300x188.jpeg 300w, https:\/\/fr.twiza.org\/portail\/wp-content\/uploads\/2023\/03\/DEF-Paremts-ext-1-O-edited-1024x641.jpeg 1024w, https:\/\/fr.twiza.org\/portail\/wp-content\/uploads\/2023\/03\/DEF-Paremts-ext-1-O-edited-768x480.jpeg 768w, https:\/\/fr.twiza.org\/portail\/wp-content\/uploads\/2023\/03\/DEF-Paremts-ext-1-O-edited-1536x961.jpeg 1536w\" sizes=\"(max-width: 1608px) 100vw, 1608px\" \/><\/figure>\n\n\n\n<div style=\"height:25px\" aria-hidden=\"true\" class=\"wp-block-spacer\"><\/div>\n\n\n\n<p>Tu as un <strong>projet<\/strong> d&rsquo;<strong>habitat<\/strong> ? Tu en es au tout d\u00e9but de la phase de r\u00e9flexion, de r\u00eave&#8230;ou tu as d\u00e9j\u00e0 commenc\u00e9 les travaux ?<\/p>\n\n\n\n<p>Quelle que soit l&rsquo;\u00e9tape o\u00f9 tu en es, au sein de <strong>Twiza<\/strong> on te met \u00e0 disposition un certain nombre d&rsquo;outils et de connaissances pour de te guider. En tant que r\u00e9seau, on t&rsquo;aide \u00e0 te <strong>mettre en relation<\/strong> avec les <strong>structures<\/strong> et <strong>acteurs comp\u00e9tents<\/strong> pour <strong>t&rsquo;accompagner<\/strong> tout au long de ton <strong>projet<\/strong>.<\/p>\n\n\n\n<p>On te propose notamment des <strong>articles<\/strong> et des ressources documentaires, des <strong>visios<\/strong> <strong>avec des<\/strong> <strong>pros<\/strong> du r\u00e9seau, un <strong>annuaire<\/strong> <strong>des<\/strong> <strong>centres de formation<\/strong>, des <strong>professionnels<\/strong> <strong>de l&rsquo;habitat \u00e9cologique<\/strong>, ainsi que des <strong>fournisseurs de mat\u00e9riaux<\/strong> adh\u00e9rents du r\u00e9seau, un accompagnement pour l&rsquo;achat de tes <strong>menuiseries<\/strong>, un <strong>forum<\/strong> pour poser tes questions etc&#8230;.<\/p>\n\n\n\n<p><\/p>\n\n\n\n<div style=\"height:25px\" aria-hidden=\"true\" class=\"wp-block-spacer\"><\/div>\n\n\n\n<div class=\"wp-block-media-text has-media-on-the-right is-stacked-on-mobile is-vertically-aligned-top\" style=\"grid-template-columns:auto 40%\"><div class=\"wp-block-media-text__content\">\n<p><\/p>\n\n\n\n<div class=\"wp-block-buttons is-content-justification-center is-layout-flex wp-container-core-buttons-is-layout-a89b3969 wp-block-buttons-is-layout-flex\">\n<div class=\"wp-block-button has-custom-width wp-block-button__width-75 has-custom-font-size\" style=\"font-size:22px\"><a class=\"wp-block-button__link wp-element-button\" href=\"https:\/\/fr.twiza.org\/portail\/mon-projet-de-construction-par-ou-commencer\/\" target=\"_blank\" rel=\"noreferrer noopener\">Par o\u00f9 commencer ?<\/a><\/div>\n<\/div>\n<\/div><figure class=\"wp-block-media-text__media\"><img decoding=\"async\" width=\"800\" height=\"600\" src=\"https:\/\/fr.twiza.org\/portail\/wp-content\/uploads\/2023\/02\/Mon-projet-comment-aborder-mon-projet-construction-renovation-1-800x600px-1.jpeg\" alt=\"\" class=\"wp-image-8174 size-full\" srcset=\"https:\/\/fr.twiza.org\/portail\/wp-content\/uploads\/2023\/02\/Mon-projet-comment-aborder-mon-projet-construction-renovation-1-800x600px-1.jpeg 800w, https:\/\/fr.twiza.org\/portail\/wp-content\/uploads\/2023\/02\/Mon-projet-comment-aborder-mon-projet-construction-renovation-1-800x600px-1-600x450.jpeg 600w, https:\/\/fr.twiza.org\/portail\/wp-content\/uploads\/2023\/02\/Mon-projet-comment-aborder-mon-projet-construction-renovation-1-800x600px-1-300x225.jpeg 300w, https:\/\/fr.twiza.org\/portail\/wp-content\/uploads\/2023\/02\/Mon-projet-comment-aborder-mon-projet-construction-renovation-1-800x600px-1-768x576.jpeg 768w\" sizes=\"(max-width: 800px) 100vw, 800px\" \/><\/figure><\/div>\n\n\n\n<div style=\"height:40px\" aria-hidden=\"true\" class=\"wp-block-spacer\"><\/div>\n\n\n\n<div class=\"wp-block-media-text alignwide has-media-on-the-right is-stacked-on-mobile\" style=\"grid-template-columns:auto 40%\"><div class=\"wp-block-media-text__content\">\n<p><\/p>\n\n\n\n<div class=\"wp-block-buttons is-content-justification-center is-layout-flex wp-container-core-buttons-is-layout-a89b3969 wp-block-buttons-is-layout-flex\">\n<div class=\"wp-block-button has-custom-width wp-block-button__width-75 has-custom-font-size\" style=\"font-size:22px\"><a class=\"wp-block-button__link wp-element-button\" href=\"https:\/\/fr.twiza.org\/portail\/minformer\/\">M&rsquo;informer<\/a><\/div>\n<\/div>\n<\/div><figure class=\"wp-block-media-text__media\"><img decoding=\"async\" width=\"800\" height=\"537\" src=\"https:\/\/fr.twiza.org\/portail\/wp-content\/uploads\/2023\/02\/Mon-projet-m-informer-1-800x537px.jpeg\" alt=\"\" class=\"wp-image-8175 size-full\" srcset=\"https:\/\/fr.twiza.org\/portail\/wp-content\/uploads\/2023\/02\/Mon-projet-m-informer-1-800x537px.jpeg 800w, https:\/\/fr.twiza.org\/portail\/wp-content\/uploads\/2023\/02\/Mon-projet-m-informer-1-800x537px-600x403.jpeg 600w, https:\/\/fr.twiza.org\/portail\/wp-content\/uploads\/2023\/02\/Mon-projet-m-informer-1-800x537px-300x201.jpeg 300w, https:\/\/fr.twiza.org\/portail\/wp-content\/uploads\/2023\/02\/Mon-projet-m-informer-1-800x537px-768x516.jpeg 768w\" sizes=\"(max-width: 800px) 100vw, 800px\" \/><\/figure><\/div>\n\n\n\n<div style=\"height:40px\" aria-hidden=\"true\" class=\"wp-block-spacer\"><\/div>\n\n\n\n<div class=\"wp-block-media-text alignwide has-media-on-the-right is-stacked-on-mobile\" style=\"grid-template-columns:auto 40%\"><div class=\"wp-block-media-text__content\">\n<p><\/p>\n\n\n\n<div class=\"wp-block-buttons is-content-justification-center is-layout-flex wp-container-core-buttons-is-layout-a89b3969 wp-block-buttons-is-layout-flex\">\n<div class=\"wp-block-button has-custom-width wp-block-button__width-75 has-custom-font-size\" style=\"font-size:22px\"><a class=\"wp-block-button__link wp-element-button\" href=\"https:\/\/fr.twiza.org\/portail\/se-former\/\" target=\"_blank\" rel=\"noreferrer noopener\">Me former<\/a><\/div>\n<\/div>\n<\/div><figure class=\"wp-block-media-text__media\"><a href=\"https:\/\/fr.twiza.org\/portail\/se-former\/\" target=\"_blank\" rel=\"noreferrer noopener\"><img loading=\"lazy\" decoding=\"async\" width=\"800\" height=\"600\" src=\"https:\/\/fr.twiza.org\/portail\/wp-content\/uploads\/2023\/02\/21917-Mon-projet-me-former-1-800x600px-1.jpeg\" alt=\"\" class=\"wp-image-8176 size-full\" srcset=\"https:\/\/fr.twiza.org\/portail\/wp-content\/uploads\/2023\/02\/21917-Mon-projet-me-former-1-800x600px-1.jpeg 800w, https:\/\/fr.twiza.org\/portail\/wp-content\/uploads\/2023\/02\/21917-Mon-projet-me-former-1-800x600px-1-600x450.jpeg 600w, https:\/\/fr.twiza.org\/portail\/wp-content\/uploads\/2023\/02\/21917-Mon-projet-me-former-1-800x600px-1-300x225.jpeg 300w, https:\/\/fr.twiza.org\/portail\/wp-content\/uploads\/2023\/02\/21917-Mon-projet-me-former-1-800x600px-1-768x576.jpeg 768w\" sizes=\"(max-width: 800px) 100vw, 800px\" \/><\/a><\/figure><\/div>\n\n\n\n<div style=\"height:40px\" aria-hidden=\"true\" class=\"wp-block-spacer\"><\/div>\n\n\n\n<div class=\"wp-block-media-text alignwide has-media-on-the-right is-stacked-on-mobile\" style=\"grid-template-columns:auto 40%\"><div class=\"wp-block-media-text__content\">\n<p><\/p>\n\n\n\n<div class=\"wp-block-buttons is-content-justification-center is-layout-flex wp-container-core-buttons-is-layout-a89b3969 wp-block-buttons-is-layout-flex\">\n<div class=\"wp-block-button has-custom-width wp-block-button__width-75 has-custom-font-size\" style=\"font-size:22px\"><a class=\"wp-block-button__link wp-element-button\" href=\"https:\/\/fr.twiza.org\/portail\/trouver-des-professionnels-ecoconstruction\/\" target=\"_blank\" rel=\"noreferrer noopener\">Trouver des pros<\/a><\/div>\n<\/div>\n<\/div><figure class=\"wp-block-media-text__media\"><a href=\"https:\/\/fr.twiza.org\/portail\/trouver-des-professionnels-ecoconstruction\/\" target=\"_blank\" rel=\"noreferrer noopener\"><img loading=\"lazy\" decoding=\"async\" width=\"800\" height=\"600\" src=\"https:\/\/fr.twiza.org\/portail\/wp-content\/uploads\/2023\/02\/Mon-projet-trouver-des-pros-1-800x600px.jpeg\" alt=\"\" class=\"wp-image-8177 size-full\" srcset=\"https:\/\/fr.twiza.org\/portail\/wp-content\/uploads\/2023\/02\/Mon-projet-trouver-des-pros-1-800x600px.jpeg 800w, https:\/\/fr.twiza.org\/portail\/wp-content\/uploads\/2023\/02\/Mon-projet-trouver-des-pros-1-800x600px-600x450.jpeg 600w, https:\/\/fr.twiza.org\/portail\/wp-content\/uploads\/2023\/02\/Mon-projet-trouver-des-pros-1-800x600px-300x225.jpeg 300w, https:\/\/fr.twiza.org\/portail\/wp-content\/uploads\/2023\/02\/Mon-projet-trouver-des-pros-1-800x600px-768x576.jpeg 768w\" sizes=\"(max-width: 800px) 100vw, 800px\" \/><\/a><\/figure><\/div>\n\n\n\n<div style=\"height:40px\" aria-hidden=\"true\" class=\"wp-block-spacer\"><\/div>\n\n\n\n<div class=\"wp-block-media-text alignwide has-media-on-the-right is-stacked-on-mobile\" style=\"grid-template-columns:auto 40%\"><div class=\"wp-block-media-text__content\">\n<p><\/p>\n\n\n\n<div class=\"wp-block-buttons is-content-justification-center is-layout-flex wp-container-core-buttons-is-layout-a89b3969 wp-block-buttons-is-layout-flex\">\n<div class=\"wp-block-button has-custom-width wp-block-button__width-75 has-custom-font-size\" style=\"font-size:22px\"><a class=\"wp-block-button__link wp-element-button\" href=\"https:\/\/fr.twiza.org\/portail\/se-fournir\/\" target=\"_blank\" rel=\"noreferrer noopener\">Me fournir<\/a><\/div>\n<\/div>\n<\/div><figure class=\"wp-block-media-text__media\"><a href=\"https:\/\/fr.twiza.org\/portail\/se-fournir\/\" target=\"_blank\" rel=\"noreferrer noopener\"><img loading=\"lazy\" decoding=\"async\" width=\"800\" height=\"600\" src=\"https:\/\/fr.twiza.org\/portail\/wp-content\/uploads\/2023\/02\/21917-Mon-projet-me-fournir-1-recadree-800x600px-1.jpeg\" alt=\"\" class=\"wp-image-8179 size-full\" srcset=\"https:\/\/fr.twiza.org\/portail\/wp-content\/uploads\/2023\/02\/21917-Mon-projet-me-fournir-1-recadree-800x600px-1.jpeg 800w, https:\/\/fr.twiza.org\/portail\/wp-content\/uploads\/2023\/02\/21917-Mon-projet-me-fournir-1-recadree-800x600px-1-600x450.jpeg 600w, https:\/\/fr.twiza.org\/portail\/wp-content\/uploads\/2023\/02\/21917-Mon-projet-me-fournir-1-recadree-800x600px-1-300x225.jpeg 300w, https:\/\/fr.twiza.org\/portail\/wp-content\/uploads\/2023\/02\/21917-Mon-projet-me-fournir-1-recadree-800x600px-1-768x576.jpeg 768w\" sizes=\"(max-width: 800px) 100vw, 800px\" \/><\/a><\/figure><\/div>\n\n\n\n<div style=\"height:40px\" aria-hidden=\"true\" class=\"wp-block-spacer\"><\/div>\n\n\n\n<div class=\"wp-block-media-text alignwide has-media-on-the-right is-stacked-on-mobile\" style=\"grid-template-columns:auto 40%\"><div class=\"wp-block-media-text__content\">\n<p><\/p>\n\n\n\n<div class=\"wp-block-buttons is-content-justification-center is-layout-flex wp-container-core-buttons-is-layout-a89b3969 wp-block-buttons-is-layout-flex\">\n<div class=\"wp-block-button has-custom-width wp-block-button__width-75 has-custom-font-size\" style=\"font-size:22px\"><a class=\"wp-block-button__link wp-element-button\" href=\"https:\/\/forum.twiza.org\/t\/menuiseries-fournies-et-posees-en-garantie-decennale\/5978\" target=\"_blank\" rel=\"noreferrer noopener\">Mes menuiseries<\/a><\/div>\n<\/div>\n<\/div><figure class=\"wp-block-media-text__media\"><a href=\"https:\/\/achats.twiza.org\/produits\/menuiseries\" target=\"_blank\" rel=\"noreferrer noopener\"><img loading=\"lazy\" decoding=\"async\" width=\"800\" height=\"576\" src=\"https:\/\/fr.twiza.org\/portail\/wp-content\/uploads\/2023\/02\/61644-Mon-projet-mes-menuiseries-1-800x576px.jpeg\" alt=\"\" class=\"wp-image-8180 size-full\" srcset=\"https:\/\/fr.twiza.org\/portail\/wp-content\/uploads\/2023\/02\/61644-Mon-projet-mes-menuiseries-1-800x576px.jpeg 800w, https:\/\/fr.twiza.org\/portail\/wp-content\/uploads\/2023\/02\/61644-Mon-projet-mes-menuiseries-1-800x576px-600x432.jpeg 600w, https:\/\/fr.twiza.org\/portail\/wp-content\/uploads\/2023\/02\/61644-Mon-projet-mes-menuiseries-1-800x576px-300x216.jpeg 300w, https:\/\/fr.twiza.org\/portail\/wp-content\/uploads\/2023\/02\/61644-Mon-projet-mes-menuiseries-1-800x576px-768x553.jpeg 768w\" sizes=\"(max-width: 800px) 100vw, 800px\" \/><\/a><\/figure><\/div>\n\n\n\n<div style=\"height:40px\" aria-hidden=\"true\" class=\"wp-block-spacer\"><\/div>\n\n\n\n<div class=\"wp-block-media-text alignwide has-media-on-the-right is-stacked-on-mobile\" style=\"grid-template-columns:auto 40%\"><div class=\"wp-block-media-text__content\">\n<p><\/p>\n\n\n\n<div class=\"wp-block-buttons is-content-justification-center is-layout-flex wp-container-core-buttons-is-layout-a89b3969 wp-block-buttons-is-layout-flex\">\n<div class=\"wp-block-button has-custom-width wp-block-button__width-75 has-custom-font-size\" style=\"font-size:22px\"><a class=\"wp-block-button__link wp-element-button\" href=\"https:\/\/forum.twiza.org\/\">Poser mes questions<\/a><\/div>\n<\/div>\n<\/div><figure class=\"wp-block-media-text__media\"><img loading=\"lazy\" decoding=\"async\" width=\"800\" height=\"600\" src=\"https:\/\/fr.twiza.org\/portail\/wp-content\/uploads\/2023\/02\/Mon-projet-poser-mes-questions-4-800x600px.jpeg\" alt=\"\" class=\"wp-image-8181 size-full\" srcset=\"https:\/\/fr.twiza.org\/portail\/wp-content\/uploads\/2023\/02\/Mon-projet-poser-mes-questions-4-800x600px.jpeg 800w, https:\/\/fr.twiza.org\/portail\/wp-content\/uploads\/2023\/02\/Mon-projet-poser-mes-questions-4-800x600px-600x450.jpeg 600w, https:\/\/fr.twiza.org\/portail\/wp-content\/uploads\/2023\/02\/Mon-projet-poser-mes-questions-4-800x600px-300x225.jpeg 300w, https:\/\/fr.twiza.org\/portail\/wp-content\/uploads\/2023\/02\/Mon-projet-poser-mes-questions-4-800x600px-768x576.jpeg 768w\" sizes=\"(max-width: 800px) 100vw, 800px\" \/><\/figure><\/div>\n\n\n\n<div style=\"height:50px\" aria-hidden=\"true\" class=\"wp-block-spacer\"><\/div>\n","protected":false},"excerpt":{"rendered":"<p>Tu as un projet d&rsquo;habitat ? Tu en es au tout d\u00e9but de la phase de r\u00e9flexion, de r\u00eave&#8230;ou tu as d\u00e9j\u00e0 commenc\u00e9 les travaux ? Quelle que soit l&rsquo;\u00e9tape o\u00f9 tu en es, au sein de Twiza on te met \u00e0 disposition un certain nombre d&rsquo;outils et de connaissances [&hellip;]<\/p>\n","protected":false},"author":3,"featured_media":0,"parent":0,"menu_order":0,"comment_status":"closed","ping_status":"closed","template":"","meta":{"_eb_attr":"","_themeisle_gutenberg_block_has_review":false,"footnotes":""},"class_list":["post-8138","page","type-page","status-publish","hentry"],"yoast_head":"<!-- This site is optimized with the Yoast SEO Premium plugin v27.2 (Yoast SEO v27.3) - https:\/\/yoast.com\/product\/yoast-seo-premium-wordpress\/ -->\n<title>Mon projet<\/title>\n<meta name=\"robots\" content=\"index, follow, max-snippet:-1, max-image-preview:large, max-video-preview:-1\" \/>\n<link rel=\"canonical\" href=\"https:\/\/fr.twiza.org\/portail\/mon-projet\/\" \/>\n<meta property=\"og:locale\" content=\"fr_FR\" \/>\n<meta property=\"og:type\" content=\"article\" \/>\n<meta property=\"og:title\" content=\"Mon projet\" \/>\n<meta property=\"og:description\" content=\"Tu as un projet d&rsquo;habitat ? Tu en es au tout d\u00e9but de la phase de r\u00e9flexion, de r\u00eave&#8230;ou tu as d\u00e9j\u00e0 commenc\u00e9 les travaux ? Quelle que soit l&rsquo;\u00e9tape o\u00f9 tu en es, au sein de Twiza on te met \u00e0 disposition un certain nombre d&rsquo;outils et de connaissances [&hellip;]\" \/>\n<meta property=\"og:url\" content=\"https:\/\/fr.twiza.org\/portail\/mon-projet\/\" \/>\n<meta property=\"og:site_name\" content=\"R\u00e9seau Twiza\" \/>\n<meta property=\"article:publisher\" content=\"https:\/\/fr-fr.facebook.com\/Twiza.fr\/\" \/>\n<meta property=\"article:modified_time\" content=\"2024-08-26T11:02:41+00:00\" \/>\n<meta property=\"og:image\" content=\"https:\/\/fr.twiza.org\/portail\/wp-content\/uploads\/2023\/03\/DEF-Paremts-ext-1-O-edited.jpeg\" \/>\n<meta name=\"twitter:card\" content=\"summary_large_image\" \/>\n<script type=\"application\/ld+json\" class=\"yoast-schema-graph\">{\"@context\":\"https:\\\/\\\/schema.org\",\"@graph\":[{\"@type\":\"WebPage\",\"@id\":\"https:\\\/\\\/fr.twiza.org\\\/portail\\\/mon-projet\\\/\",\"url\":\"https:\\\/\\\/fr.twiza.org\\\/portail\\\/mon-projet\\\/\",\"name\":\"Mon projet\",\"isPartOf\":{\"@id\":\"https:\\\/\\\/fr.twiza.org\\\/portail\\\/#website\"},\"primaryImageOfPage\":{\"@id\":\"https:\\\/\\\/fr.twiza.org\\\/portail\\\/mon-projet\\\/#primaryimage\"},\"image\":{\"@id\":\"https:\\\/\\\/fr.twiza.org\\\/portail\\\/mon-projet\\\/#primaryimage\"},\"thumbnailUrl\":\"https:\\\/\\\/fr.twiza.org\\\/portail\\\/wp-content\\\/uploads\\\/2023\\\/03\\\/DEF-Paremts-ext-1-O-edited.jpeg\",\"datePublished\":\"2023-03-13T10:20:50+00:00\",\"dateModified\":\"2024-08-26T11:02:41+00:00\",\"breadcrumb\":{\"@id\":\"https:\\\/\\\/fr.twiza.org\\\/portail\\\/mon-projet\\\/#breadcrumb\"},\"inLanguage\":\"fr-FR\",\"potentialAction\":[{\"@type\":\"ReadAction\",\"target\":[\"https:\\\/\\\/fr.twiza.org\\\/portail\\\/mon-projet\\\/\"]}]},{\"@type\":\"ImageObject\",\"inLanguage\":\"fr-FR\",\"@id\":\"https:\\\/\\\/fr.twiza.org\\\/portail\\\/mon-projet\\\/#primaryimage\",\"url\":\"https:\\\/\\\/fr.twiza.org\\\/portail\\\/wp-content\\\/uploads\\\/2023\\\/03\\\/DEF-Paremts-ext-1-O-edited.jpeg\",\"contentUrl\":\"https:\\\/\\\/fr.twiza.org\\\/portail\\\/wp-content\\\/uploads\\\/2023\\\/03\\\/DEF-Paremts-ext-1-O-edited.jpeg\",\"width\":1608,\"height\":1006},{\"@type\":\"BreadcrumbList\",\"@id\":\"https:\\\/\\\/fr.twiza.org\\\/portail\\\/mon-projet\\\/#breadcrumb\",\"itemListElement\":[{\"@type\":\"ListItem\",\"position\":1,\"name\":\"Accueil\",\"item\":\"https:\\\/\\\/fr.twiza.org\\\/portail\\\/\"},{\"@type\":\"ListItem\",\"position\":2,\"name\":\"Mon projet\"}]},{\"@type\":\"WebSite\",\"@id\":\"https:\\\/\\\/fr.twiza.org\\\/portail\\\/#website\",\"url\":\"https:\\\/\\\/fr.twiza.org\\\/portail\\\/\",\"name\":\"R\u00e9seau Twiza\",\"description\":\"Entraide pour un habitat \u00e9cologique, convivial et r\u00e9silient\",\"publisher\":{\"@id\":\"https:\\\/\\\/fr.twiza.org\\\/portail\\\/#organization\"},\"potentialAction\":[{\"@type\":\"SearchAction\",\"target\":{\"@type\":\"EntryPoint\",\"urlTemplate\":\"https:\\\/\\\/fr.twiza.org\\\/portail\\\/?s={search_term_string}\"},\"query-input\":{\"@type\":\"PropertyValueSpecification\",\"valueRequired\":true,\"valueName\":\"search_term_string\"}}],\"inLanguage\":\"fr-FR\"},{\"@type\":\"Organization\",\"@id\":\"https:\\\/\\\/fr.twiza.org\\\/portail\\\/#organization\",\"name\":\"R\u00e9seau Twiza\",\"url\":\"https:\\\/\\\/fr.twiza.org\\\/portail\\\/\",\"logo\":{\"@type\":\"ImageObject\",\"inLanguage\":\"fr-FR\",\"@id\":\"https:\\\/\\\/fr.twiza.org\\\/portail\\\/#\\\/schema\\\/logo\\\/image\\\/\",\"url\":\"https:\\\/\\\/fr.twiza.org\\\/portail\\\/wp-content\\\/uploads\\\/2021\\\/05\\\/cropped-logo-reseau-twiza.jpg\",\"contentUrl\":\"https:\\\/\\\/fr.twiza.org\\\/portail\\\/wp-content\\\/uploads\\\/2021\\\/05\\\/cropped-logo-reseau-twiza.jpg\",\"width\":400,\"height\":102,\"caption\":\"R\u00e9seau Twiza\"},\"image\":{\"@id\":\"https:\\\/\\\/fr.twiza.org\\\/portail\\\/#\\\/schema\\\/logo\\\/image\\\/\"},\"sameAs\":[\"https:\\\/\\\/fr-fr.facebook.com\\\/Twiza.fr\\\/\",\"https:\\\/\\\/www.instagram.com\\\/twiza_fr\\\/\",\"https:\\\/\\\/www.linkedin.com\\\/company\\\/reseautwiza\\\/\"]}]}<\/script>\n<!-- \/ Yoast SEO Premium plugin. -->","yoast_head_json":{"title":"Mon projet","robots":{"index":"index","follow":"follow","max-snippet":"max-snippet:-1","max-image-preview":"max-image-preview:large","max-video-preview":"max-video-preview:-1"},"canonical":"https:\/\/fr.twiza.org\/portail\/mon-projet\/","og_locale":"fr_FR","og_type":"article","og_title":"Mon projet","og_description":"Tu as un projet d&rsquo;habitat ? Tu en es au tout d\u00e9but de la phase de r\u00e9flexion, de r\u00eave&#8230;ou tu as d\u00e9j\u00e0 commenc\u00e9 les travaux ? Quelle que soit l&rsquo;\u00e9tape o\u00f9 tu en es, au sein de Twiza on te met \u00e0 disposition un certain nombre d&rsquo;outils et de connaissances [&hellip;]","og_url":"https:\/\/fr.twiza.org\/portail\/mon-projet\/","og_site_name":"R\u00e9seau Twiza","article_publisher":"https:\/\/fr-fr.facebook.com\/Twiza.fr\/","article_modified_time":"2024-08-26T11:02:41+00:00","og_image":[{"url":"https:\/\/fr.twiza.org\/portail\/wp-content\/uploads\/2023\/03\/DEF-Paremts-ext-1-O-edited.jpeg","type":"","width":"","height":""}],"twitter_card":"summary_large_image","schema":{"@context":"https:\/\/schema.org","@graph":[{"@type":"WebPage","@id":"https:\/\/fr.twiza.org\/portail\/mon-projet\/","url":"https:\/\/fr.twiza.org\/portail\/mon-projet\/","name":"Mon projet","isPartOf":{"@id":"https:\/\/fr.twiza.org\/portail\/#website"},"primaryImageOfPage":{"@id":"https:\/\/fr.twiza.org\/portail\/mon-projet\/#primaryimage"},"image":{"@id":"https:\/\/fr.twiza.org\/portail\/mon-projet\/#primaryimage"},"thumbnailUrl":"https:\/\/fr.twiza.org\/portail\/wp-content\/uploads\/2023\/03\/DEF-Paremts-ext-1-O-edited.jpeg","datePublished":"2023-03-13T10:20:50+00:00","dateModified":"2024-08-26T11:02:41+00:00","breadcrumb":{"@id":"https:\/\/fr.twiza.org\/portail\/mon-projet\/#breadcrumb"},"inLanguage":"fr-FR","potentialAction":[{"@type":"ReadAction","target":["https:\/\/fr.twiza.org\/portail\/mon-projet\/"]}]},{"@type":"ImageObject","inLanguage":"fr-FR","@id":"https:\/\/fr.twiza.org\/portail\/mon-projet\/#primaryimage","url":"https:\/\/fr.twiza.org\/portail\/wp-content\/uploads\/2023\/03\/DEF-Paremts-ext-1-O-edited.jpeg","contentUrl":"https:\/\/fr.twiza.org\/portail\/wp-content\/uploads\/2023\/03\/DEF-Paremts-ext-1-O-edited.jpeg","width":1608,"height":1006},{"@type":"BreadcrumbList","@id":"https:\/\/fr.twiza.org\/portail\/mon-projet\/#breadcrumb","itemListElement":[{"@type":"ListItem","position":1,"name":"Accueil","item":"https:\/\/fr.twiza.org\/portail\/"},{"@type":"ListItem","position":2,"name":"Mon projet"}]},{"@type":"WebSite","@id":"https:\/\/fr.twiza.org\/portail\/#website","url":"https:\/\/fr.twiza.org\/portail\/","name":"R\u00e9seau Twiza","description":"Entraide pour un habitat \u00e9cologique, convivial et r\u00e9silient","publisher":{"@id":"https:\/\/fr.twiza.org\/portail\/#organization"},"potentialAction":[{"@type":"SearchAction","target":{"@type":"EntryPoint","urlTemplate":"https:\/\/fr.twiza.org\/portail\/?s={search_term_string}"},"query-input":{"@type":"PropertyValueSpecification","valueRequired":true,"valueName":"search_term_string"}}],"inLanguage":"fr-FR"},{"@type":"Organization","@id":"https:\/\/fr.twiza.org\/portail\/#organization","name":"R\u00e9seau Twiza","url":"https:\/\/fr.twiza.org\/portail\/","logo":{"@type":"ImageObject","inLanguage":"fr-FR","@id":"https:\/\/fr.twiza.org\/portail\/#\/schema\/logo\/image\/","url":"https:\/\/fr.twiza.org\/portail\/wp-content\/uploads\/2021\/05\/cropped-logo-reseau-twiza.jpg","contentUrl":"https:\/\/fr.twiza.org\/portail\/wp-content\/uploads\/2021\/05\/cropped-logo-reseau-twiza.jpg","width":400,"height":102,"caption":"R\u00e9seau Twiza"},"image":{"@id":"https:\/\/fr.twiza.org\/portail\/#\/schema\/logo\/image\/"},"sameAs":["https:\/\/fr-fr.facebook.com\/Twiza.fr\/","https:\/\/www.instagram.com\/twiza_fr\/","https:\/\/www.linkedin.com\/company\/reseautwiza\/"]}]}},"jetpack_sharing_enabled":true,"_links":{"self":[{"href":"https:\/\/fr.twiza.org\/portail\/wp-json\/wp\/v2\/pages\/8138","targetHints":{"allow":["GET"]}}],"collection":[{"href":"https:\/\/fr.twiza.org\/portail\/wp-json\/wp\/v2\/pages"}],"about":[{"href":"https:\/\/fr.twiza.org\/portail\/wp-json\/wp\/v2\/types\/page"}],"author":[{"embeddable":true,"href":"https:\/\/fr.twiza.org\/portail\/wp-json\/wp\/v2\/users\/3"}],"replies":[{"embeddable":true,"href":"https:\/\/fr.twiza.org\/portail\/wp-json\/wp\/v2\/comments?post=8138"}],"version-history":[{"count":26,"href":"https:\/\/fr.twiza.org\/portail\/wp-json\/wp\/v2\/pages\/8138\/revisions"}],"predecessor-version":[{"id":9899,"href":"https:\/\/fr.twiza.org\/portail\/wp-json\/wp\/v2\/pages\/8138\/revisions\/9899"}],"wp:attachment":[{"href":"https:\/\/fr.twiza.org\/portail\/wp-json\/wp\/v2\/media?parent=8138"}],"curies":[{"name":"wp","href":"https:\/\/api.w.org\/{rel}","templated":true}]}}