{"id":8146,"date":"2023-10-24T18:17:47","date_gmt":"2023-10-24T16:17:47","guid":{"rendered":"https:\/\/fr.twiza.org\/portail\/?page_id=8146"},"modified":"2024-08-26T13:03:10","modified_gmt":"2024-08-26T11:03:10","slug":"mon-projet-de-construction-par-ou-commencer","status":"publish","type":"page","link":"https:\/\/fr.twiza.org\/portail\/mon-projet-de-construction-par-ou-commencer\/","title":{"rendered":"Mon projet de construction, par o\u00f9 commencer ?"},"content":{"rendered":"\n<p>Un projet d&rsquo;habitat c&rsquo;est avant tout un projet. Un projet <strong>complexe et contraint<\/strong>. Bien g\u00e9r\u00e9 il peut \u00eatre source de nombreuses satisfactions. Mal g\u00e9r\u00e9 ce peut \u00eatre un chemin de croix.<\/p>\n\n\n\n<p>Notre objectif ici est de t&rsquo;accompagner d\u00e8s les <strong>pr\u00e9mices<\/strong> de ton projet de construction \/ r\u00e9novation pour en faire une aventure gratifiante couronn\u00e9e de succ\u00e8s.<\/p>\n\n\n\n<p>Pour ce faire nous te proposons les <strong>3 dossiers th\u00e9matiques<\/strong> bas\u00e9s sur les <strong>retours d&rsquo;exp\u00e9riences<\/strong> d&rsquo;<strong>autoconstructeurs\u00b7trices<\/strong>, d&rsquo;<strong>associations<\/strong> de promotion de l&rsquo;habitat sain et durable et de professionnels du b\u00e2timent :<\/p>\n\n\n\n<div style=\"height:56px\" aria-hidden=\"true\" class=\"wp-block-spacer\"><\/div>\n\n\n\n<div class=\"wp-block-media-text alignwide has-media-on-the-right is-stacked-on-mobile\" style=\"grid-template-columns:auto 40%\"><div class=\"wp-block-media-text__content\">\n<p><\/p>\n\n\n\n<div class=\"wp-block-buttons is-content-justification-center is-layout-flex wp-container-core-buttons-is-layout-a89b3969 wp-block-buttons-is-layout-flex\">\n<div class=\"wp-block-button has-custom-width wp-block-button__width-100\"><a class=\"wp-block-button__link wp-element-button\" href=\"https:\/\/fr.twiza.org\/portail\/quelles-sont-les-differentes-etapes-dun-projet-dhabitat\/\">Les \u00e9tapes d&rsquo;un projet<\/a><\/div>\n<\/div>\n\n\n\n<div style=\"height:25px\" aria-hidden=\"true\" class=\"wp-block-spacer\"><\/div>\n\n\n\n<p class=\"has-text-align-center\" style=\"font-size:16px\">La base : faire les choses dans l&rsquo;ordre. \u00catre au bon endroit, au bon moment.<\/p>\n<\/div><figure class=\"wp-block-media-text__media\"><img fetchpriority=\"high\" decoding=\"async\" width=\"700\" height=\"700\" src=\"https:\/\/fr.twiza.org\/portail\/wp-content\/uploads\/2023\/03\/comment-aborder-mon-projet-de-construction-les-etapes-700x700px.jpeg\" alt=\"\" class=\"wp-image-8238 size-full\" srcset=\"https:\/\/fr.twiza.org\/portail\/wp-content\/uploads\/2023\/03\/comment-aborder-mon-projet-de-construction-les-etapes-700x700px.jpeg 700w, https:\/\/fr.twiza.org\/portail\/wp-content\/uploads\/2023\/03\/comment-aborder-mon-projet-de-construction-les-etapes-700x700px-230x230.jpeg 230w, https:\/\/fr.twiza.org\/portail\/wp-content\/uploads\/2023\/03\/comment-aborder-mon-projet-de-construction-les-etapes-700x700px-160x160.jpeg 160w, https:\/\/fr.twiza.org\/portail\/wp-content\/uploads\/2023\/03\/comment-aborder-mon-projet-de-construction-les-etapes-700x700px-600x600.jpeg 600w, https:\/\/fr.twiza.org\/portail\/wp-content\/uploads\/2023\/03\/comment-aborder-mon-projet-de-construction-les-etapes-700x700px-300x300.jpeg 300w, https:\/\/fr.twiza.org\/portail\/wp-content\/uploads\/2023\/03\/comment-aborder-mon-projet-de-construction-les-etapes-700x700px-234x234.jpeg 234w\" sizes=\"(max-width: 700px) 100vw, 700px\" \/><\/figure><\/div>\n\n\n\n<div style=\"height:25px\" aria-hidden=\"true\" class=\"wp-block-spacer\"><\/div>\n\n\n\n<div class=\"wp-block-media-text alignwide has-media-on-the-right is-stacked-on-mobile\" style=\"grid-template-columns:auto 40%\"><div class=\"wp-block-media-text__content\">\n<p><\/p>\n\n\n\n<div class=\"wp-block-buttons is-content-justification-center is-layout-flex wp-container-core-buttons-is-layout-a89b3969 wp-block-buttons-is-layout-flex\">\n<div class=\"wp-block-button\"><a class=\"wp-block-button__link wp-element-button\" href=\"https:\/\/fr.twiza.org\/portail\/autoconstruction-ou-professionnel\/\">Faire soi-m\u00eame ou faire faire ?<\/a><\/div>\n<\/div>\n\n\n\n<div style=\"height:36px\" aria-hidden=\"true\" class=\"wp-block-spacer\"><\/div>\n\n\n\n<p class=\"has-text-align-center\" style=\"font-size:16px\">Quelle place prendre dans mon projet ? Quelle strat\u00e9gie adapt\u00e9e \u00e0 mes envies, mes besoin, mes moyens et mes contraintes.<\/p>\n<\/div><figure class=\"wp-block-media-text__media\"><img decoding=\"async\" width=\"700\" height=\"700\" src=\"https:\/\/fr.twiza.org\/portail\/wp-content\/uploads\/2023\/03\/comment-aborder-mon-projet-de-construction-autoconstruire-ou-faire-faire-700x700px.jpeg\" alt=\"\" class=\"wp-image-8240 size-full\" srcset=\"https:\/\/fr.twiza.org\/portail\/wp-content\/uploads\/2023\/03\/comment-aborder-mon-projet-de-construction-autoconstruire-ou-faire-faire-700x700px.jpeg 700w, https:\/\/fr.twiza.org\/portail\/wp-content\/uploads\/2023\/03\/comment-aborder-mon-projet-de-construction-autoconstruire-ou-faire-faire-700x700px-230x230.jpeg 230w, https:\/\/fr.twiza.org\/portail\/wp-content\/uploads\/2023\/03\/comment-aborder-mon-projet-de-construction-autoconstruire-ou-faire-faire-700x700px-160x160.jpeg 160w, https:\/\/fr.twiza.org\/portail\/wp-content\/uploads\/2023\/03\/comment-aborder-mon-projet-de-construction-autoconstruire-ou-faire-faire-700x700px-600x600.jpeg 600w, https:\/\/fr.twiza.org\/portail\/wp-content\/uploads\/2023\/03\/comment-aborder-mon-projet-de-construction-autoconstruire-ou-faire-faire-700x700px-300x300.jpeg 300w, https:\/\/fr.twiza.org\/portail\/wp-content\/uploads\/2023\/03\/comment-aborder-mon-projet-de-construction-autoconstruire-ou-faire-faire-700x700px-234x234.jpeg 234w\" sizes=\"(max-width: 700px) 100vw, 700px\" \/><\/figure><\/div>\n\n\n\n<div style=\"height:25px\" aria-hidden=\"true\" class=\"wp-block-spacer\"><\/div>\n\n\n\n<div class=\"wp-block-media-text alignwide has-media-on-the-right is-stacked-on-mobile\" style=\"grid-template-columns:auto 40%\"><div class=\"wp-block-media-text__content\">\n<p><\/p>\n\n\n\n<div class=\"wp-block-buttons is-content-justification-center is-layout-flex wp-container-core-buttons-is-layout-a89b3969 wp-block-buttons-is-layout-flex\">\n<div class=\"wp-block-button\"><a class=\"wp-block-button__link wp-element-button\" href=\"https:\/\/fr.twiza.org\/portail\/chantiers-participatifs-comment-ca-marche\/comment-bien-organiser-son-propre-chantier-participatif\/\">Comprendre le chantier participatif<\/a><\/div>\n<\/div>\n\n\n\n<div style=\"height:25px\" aria-hidden=\"true\" class=\"wp-block-spacer\"><\/div>\n\n\n\n<p class=\"has-text-align-center\" style=\"font-size:16px\">Explications et conseils pour l&rsquo;organiser ou y participer : cadre, assurance, convivialit\u00e9, s\u00e9curit\u00e9.<\/p>\n<\/div><figure class=\"wp-block-media-text__media\"><img decoding=\"async\" width=\"667\" height=\"667\" src=\"https:\/\/fr.twiza.org\/portail\/wp-content\/uploads\/2023\/03\/comment-aborder-mon-projet-de-construction-comprendre-le-chantier-participatif-667x667px.jpeg\" alt=\"\" class=\"wp-image-8241 size-full\" srcset=\"https:\/\/fr.twiza.org\/portail\/wp-content\/uploads\/2023\/03\/comment-aborder-mon-projet-de-construction-comprendre-le-chantier-participatif-667x667px.jpeg 667w, https:\/\/fr.twiza.org\/portail\/wp-content\/uploads\/2023\/03\/comment-aborder-mon-projet-de-construction-comprendre-le-chantier-participatif-667x667px-230x230.jpeg 230w, https:\/\/fr.twiza.org\/portail\/wp-content\/uploads\/2023\/03\/comment-aborder-mon-projet-de-construction-comprendre-le-chantier-participatif-667x667px-160x160.jpeg 160w, https:\/\/fr.twiza.org\/portail\/wp-content\/uploads\/2023\/03\/comment-aborder-mon-projet-de-construction-comprendre-le-chantier-participatif-667x667px-600x600.jpeg 600w, https:\/\/fr.twiza.org\/portail\/wp-content\/uploads\/2023\/03\/comment-aborder-mon-projet-de-construction-comprendre-le-chantier-participatif-667x667px-300x300.jpeg 300w, https:\/\/fr.twiza.org\/portail\/wp-content\/uploads\/2023\/03\/comment-aborder-mon-projet-de-construction-comprendre-le-chantier-participatif-667x667px-234x234.jpeg 234w\" sizes=\"(max-width: 667px) 100vw, 667px\" \/><\/figure><\/div>\n\n\n\n<div style=\"height:89px\" aria-hidden=\"true\" class=\"wp-block-spacer\"><\/div>\n","protected":false},"excerpt":{"rendered":"<p>Un projet d&rsquo;habitat c&rsquo;est avant tout un projet. Un projet complexe et contraint. Bien g\u00e9r\u00e9 il peut \u00eatre source de nombreuses satisfactions. Mal g\u00e9r\u00e9 ce peut \u00eatre un chemin de croix. Notre objectif ici est de t&rsquo;accompagner d\u00e8s les pr\u00e9mices de ton projet de construction \/ r\u00e9novation pour en faire [&hellip;]<\/p>\n","protected":false},"author":3,"featured_media":0,"parent":0,"menu_order":0,"comment_status":"closed","ping_status":"closed","template":"","meta":{"_eb_attr":"","_themeisle_gutenberg_block_has_review":false,"footnotes":""},"class_list":["post-8146","page","type-page","status-publish","hentry"],"yoast_head":"<!-- This site is optimized with the Yoast SEO Premium plugin v27.2 (Yoast SEO v27.4) - https:\/\/yoast.com\/product\/yoast-seo-premium-wordpress\/ -->\n<title>Mon projet de construction, par o\u00f9 commencer ?<\/title>\n<meta name=\"robots\" content=\"index, follow, max-snippet:-1, max-image-preview:large, max-video-preview:-1\" \/>\n<link rel=\"canonical\" href=\"https:\/\/fr.twiza.org\/portail\/mon-projet-de-construction-par-ou-commencer\/\" \/>\n<meta property=\"og:locale\" content=\"fr_FR\" \/>\n<meta property=\"og:type\" content=\"article\" \/>\n<meta property=\"og:title\" content=\"Mon projet de construction, par o\u00f9 commencer ?\" \/>\n<meta property=\"og:description\" content=\"Un projet d&rsquo;habitat c&rsquo;est avant tout un projet. Un projet complexe et contraint. Bien g\u00e9r\u00e9 il peut \u00eatre source de nombreuses satisfactions. Mal g\u00e9r\u00e9 ce peut \u00eatre un chemin de croix. Notre objectif ici est de t&rsquo;accompagner d\u00e8s les pr\u00e9mices de ton projet de construction \/ r\u00e9novation pour en faire [&hellip;]\" \/>\n<meta property=\"og:url\" content=\"https:\/\/fr.twiza.org\/portail\/mon-projet-de-construction-par-ou-commencer\/\" \/>\n<meta property=\"og:site_name\" content=\"R\u00e9seau Twiza\" \/>\n<meta property=\"article:publisher\" content=\"https:\/\/fr-fr.facebook.com\/Twiza.fr\/\" \/>\n<meta property=\"article:modified_time\" content=\"2024-08-26T11:03:10+00:00\" \/>\n<meta property=\"og:image\" content=\"https:\/\/fr.twiza.org\/portail\/wp-content\/uploads\/2023\/03\/comment-aborder-mon-projet-de-construction-les-etapes-700x700px.jpeg\" \/>\n<meta name=\"twitter:card\" content=\"summary_large_image\" \/>\n<script type=\"application\/ld+json\" class=\"yoast-schema-graph\">{\"@context\":\"https:\\\/\\\/schema.org\",\"@graph\":[{\"@type\":\"WebPage\",\"@id\":\"https:\\\/\\\/fr.twiza.org\\\/portail\\\/mon-projet-de-construction-par-ou-commencer\\\/\",\"url\":\"https:\\\/\\\/fr.twiza.org\\\/portail\\\/mon-projet-de-construction-par-ou-commencer\\\/\",\"name\":\"Mon projet de construction, par o\u00f9 commencer ?\",\"isPartOf\":{\"@id\":\"https:\\\/\\\/fr.twiza.org\\\/portail\\\/#website\"},\"primaryImageOfPage\":{\"@id\":\"https:\\\/\\\/fr.twiza.org\\\/portail\\\/mon-projet-de-construction-par-ou-commencer\\\/#primaryimage\"},\"image\":{\"@id\":\"https:\\\/\\\/fr.twiza.org\\\/portail\\\/mon-projet-de-construction-par-ou-commencer\\\/#primaryimage\"},\"thumbnailUrl\":\"https:\\\/\\\/fr.twiza.org\\\/portail\\\/wp-content\\\/uploads\\\/2023\\\/03\\\/comment-aborder-mon-projet-de-construction-les-etapes-700x700px.jpeg\",\"datePublished\":\"2023-10-24T16:17:47+00:00\",\"dateModified\":\"2024-08-26T11:03:10+00:00\",\"breadcrumb\":{\"@id\":\"https:\\\/\\\/fr.twiza.org\\\/portail\\\/mon-projet-de-construction-par-ou-commencer\\\/#breadcrumb\"},\"inLanguage\":\"fr-FR\",\"potentialAction\":[{\"@type\":\"ReadAction\",\"target\":[\"https:\\\/\\\/fr.twiza.org\\\/portail\\\/mon-projet-de-construction-par-ou-commencer\\\/\"]}]},{\"@type\":\"ImageObject\",\"inLanguage\":\"fr-FR\",\"@id\":\"https:\\\/\\\/fr.twiza.org\\\/portail\\\/mon-projet-de-construction-par-ou-commencer\\\/#primaryimage\",\"url\":\"https:\\\/\\\/fr.twiza.org\\\/portail\\\/wp-content\\\/uploads\\\/2023\\\/03\\\/comment-aborder-mon-projet-de-construction-les-etapes-700x700px.jpeg\",\"contentUrl\":\"https:\\\/\\\/fr.twiza.org\\\/portail\\\/wp-content\\\/uploads\\\/2023\\\/03\\\/comment-aborder-mon-projet-de-construction-les-etapes-700x700px.jpeg\",\"width\":700,\"height\":700},{\"@type\":\"BreadcrumbList\",\"@id\":\"https:\\\/\\\/fr.twiza.org\\\/portail\\\/mon-projet-de-construction-par-ou-commencer\\\/#breadcrumb\",\"itemListElement\":[{\"@type\":\"ListItem\",\"position\":1,\"name\":\"Accueil\",\"item\":\"https:\\\/\\\/fr.twiza.org\\\/portail\\\/\"},{\"@type\":\"ListItem\",\"position\":2,\"name\":\"Mon projet de construction, par o\u00f9 commencer ?\"}]},{\"@type\":\"WebSite\",\"@id\":\"https:\\\/\\\/fr.twiza.org\\\/portail\\\/#website\",\"url\":\"https:\\\/\\\/fr.twiza.org\\\/portail\\\/\",\"name\":\"R\u00e9seau Twiza\",\"description\":\"Entraide pour un habitat \u00e9cologique, convivial et r\u00e9silient\",\"publisher\":{\"@id\":\"https:\\\/\\\/fr.twiza.org\\\/portail\\\/#organization\"},\"potentialAction\":[{\"@type\":\"SearchAction\",\"target\":{\"@type\":\"EntryPoint\",\"urlTemplate\":\"https:\\\/\\\/fr.twiza.org\\\/portail\\\/?s={search_term_string}\"},\"query-input\":{\"@type\":\"PropertyValueSpecification\",\"valueRequired\":true,\"valueName\":\"search_term_string\"}}],\"inLanguage\":\"fr-FR\"},{\"@type\":\"Organization\",\"@id\":\"https:\\\/\\\/fr.twiza.org\\\/portail\\\/#organization\",\"name\":\"R\u00e9seau Twiza\",\"url\":\"https:\\\/\\\/fr.twiza.org\\\/portail\\\/\",\"logo\":{\"@type\":\"ImageObject\",\"inLanguage\":\"fr-FR\",\"@id\":\"https:\\\/\\\/fr.twiza.org\\\/portail\\\/#\\\/schema\\\/logo\\\/image\\\/\",\"url\":\"https:\\\/\\\/fr.twiza.org\\\/portail\\\/wp-content\\\/uploads\\\/2021\\\/05\\\/cropped-logo-reseau-twiza.jpg\",\"contentUrl\":\"https:\\\/\\\/fr.twiza.org\\\/portail\\\/wp-content\\\/uploads\\\/2021\\\/05\\\/cropped-logo-reseau-twiza.jpg\",\"width\":400,\"height\":102,\"caption\":\"R\u00e9seau Twiza\"},\"image\":{\"@id\":\"https:\\\/\\\/fr.twiza.org\\\/portail\\\/#\\\/schema\\\/logo\\\/image\\\/\"},\"sameAs\":[\"https:\\\/\\\/fr-fr.facebook.com\\\/Twiza.fr\\\/\",\"https:\\\/\\\/www.instagram.com\\\/twiza_fr\\\/\",\"https:\\\/\\\/www.linkedin.com\\\/company\\\/reseautwiza\\\/\"]}]}<\/script>\n<!-- \/ Yoast SEO Premium plugin. -->","yoast_head_json":{"title":"Mon projet de construction, par o\u00f9 commencer ?","robots":{"index":"index","follow":"follow","max-snippet":"max-snippet:-1","max-image-preview":"max-image-preview:large","max-video-preview":"max-video-preview:-1"},"canonical":"https:\/\/fr.twiza.org\/portail\/mon-projet-de-construction-par-ou-commencer\/","og_locale":"fr_FR","og_type":"article","og_title":"Mon projet de construction, par o\u00f9 commencer ?","og_description":"Un projet d&rsquo;habitat c&rsquo;est avant tout un projet. Un projet complexe et contraint. Bien g\u00e9r\u00e9 il peut \u00eatre source de nombreuses satisfactions. Mal g\u00e9r\u00e9 ce peut \u00eatre un chemin de croix. Notre objectif ici est de t&rsquo;accompagner d\u00e8s les pr\u00e9mices de ton projet de construction \/ r\u00e9novation pour en faire [&hellip;]","og_url":"https:\/\/fr.twiza.org\/portail\/mon-projet-de-construction-par-ou-commencer\/","og_site_name":"R\u00e9seau Twiza","article_publisher":"https:\/\/fr-fr.facebook.com\/Twiza.fr\/","article_modified_time":"2024-08-26T11:03:10+00:00","og_image":[{"url":"https:\/\/fr.twiza.org\/portail\/wp-content\/uploads\/2023\/03\/comment-aborder-mon-projet-de-construction-les-etapes-700x700px.jpeg","type":"","width":"","height":""}],"twitter_card":"summary_large_image","schema":{"@context":"https:\/\/schema.org","@graph":[{"@type":"WebPage","@id":"https:\/\/fr.twiza.org\/portail\/mon-projet-de-construction-par-ou-commencer\/","url":"https:\/\/fr.twiza.org\/portail\/mon-projet-de-construction-par-ou-commencer\/","name":"Mon projet de construction, par o\u00f9 commencer ?","isPartOf":{"@id":"https:\/\/fr.twiza.org\/portail\/#website"},"primaryImageOfPage":{"@id":"https:\/\/fr.twiza.org\/portail\/mon-projet-de-construction-par-ou-commencer\/#primaryimage"},"image":{"@id":"https:\/\/fr.twiza.org\/portail\/mon-projet-de-construction-par-ou-commencer\/#primaryimage"},"thumbnailUrl":"https:\/\/fr.twiza.org\/portail\/wp-content\/uploads\/2023\/03\/comment-aborder-mon-projet-de-construction-les-etapes-700x700px.jpeg","datePublished":"2023-10-24T16:17:47+00:00","dateModified":"2024-08-26T11:03:10+00:00","breadcrumb":{"@id":"https:\/\/fr.twiza.org\/portail\/mon-projet-de-construction-par-ou-commencer\/#breadcrumb"},"inLanguage":"fr-FR","potentialAction":[{"@type":"ReadAction","target":["https:\/\/fr.twiza.org\/portail\/mon-projet-de-construction-par-ou-commencer\/"]}]},{"@type":"ImageObject","inLanguage":"fr-FR","@id":"https:\/\/fr.twiza.org\/portail\/mon-projet-de-construction-par-ou-commencer\/#primaryimage","url":"https:\/\/fr.twiza.org\/portail\/wp-content\/uploads\/2023\/03\/comment-aborder-mon-projet-de-construction-les-etapes-700x700px.jpeg","contentUrl":"https:\/\/fr.twiza.org\/portail\/wp-content\/uploads\/2023\/03\/comment-aborder-mon-projet-de-construction-les-etapes-700x700px.jpeg","width":700,"height":700},{"@type":"BreadcrumbList","@id":"https:\/\/fr.twiza.org\/portail\/mon-projet-de-construction-par-ou-commencer\/#breadcrumb","itemListElement":[{"@type":"ListItem","position":1,"name":"Accueil","item":"https:\/\/fr.twiza.org\/portail\/"},{"@type":"ListItem","position":2,"name":"Mon projet de construction, par o\u00f9 commencer ?"}]},{"@type":"WebSite","@id":"https:\/\/fr.twiza.org\/portail\/#website","url":"https:\/\/fr.twiza.org\/portail\/","name":"R\u00e9seau Twiza","description":"Entraide pour un habitat \u00e9cologique, convivial et r\u00e9silient","publisher":{"@id":"https:\/\/fr.twiza.org\/portail\/#organization"},"potentialAction":[{"@type":"SearchAction","target":{"@type":"EntryPoint","urlTemplate":"https:\/\/fr.twiza.org\/portail\/?s={search_term_string}"},"query-input":{"@type":"PropertyValueSpecification","valueRequired":true,"valueName":"search_term_string"}}],"inLanguage":"fr-FR"},{"@type":"Organization","@id":"https:\/\/fr.twiza.org\/portail\/#organization","name":"R\u00e9seau Twiza","url":"https:\/\/fr.twiza.org\/portail\/","logo":{"@type":"ImageObject","inLanguage":"fr-FR","@id":"https:\/\/fr.twiza.org\/portail\/#\/schema\/logo\/image\/","url":"https:\/\/fr.twiza.org\/portail\/wp-content\/uploads\/2021\/05\/cropped-logo-reseau-twiza.jpg","contentUrl":"https:\/\/fr.twiza.org\/portail\/wp-content\/uploads\/2021\/05\/cropped-logo-reseau-twiza.jpg","width":400,"height":102,"caption":"R\u00e9seau Twiza"},"image":{"@id":"https:\/\/fr.twiza.org\/portail\/#\/schema\/logo\/image\/"},"sameAs":["https:\/\/fr-fr.facebook.com\/Twiza.fr\/","https:\/\/www.instagram.com\/twiza_fr\/","https:\/\/www.linkedin.com\/company\/reseautwiza\/"]}]}},"jetpack_sharing_enabled":true,"_links":{"self":[{"href":"https:\/\/fr.twiza.org\/portail\/wp-json\/wp\/v2\/pages\/8146","targetHints":{"allow":["GET"]}}],"collection":[{"href":"https:\/\/fr.twiza.org\/portail\/wp-json\/wp\/v2\/pages"}],"about":[{"href":"https:\/\/fr.twiza.org\/portail\/wp-json\/wp\/v2\/types\/page"}],"author":[{"embeddable":true,"href":"https:\/\/fr.twiza.org\/portail\/wp-json\/wp\/v2\/users\/3"}],"replies":[{"embeddable":true,"href":"https:\/\/fr.twiza.org\/portail\/wp-json\/wp\/v2\/comments?post=8146"}],"version-history":[{"count":21,"href":"https:\/\/fr.twiza.org\/portail\/wp-json\/wp\/v2\/pages\/8146\/revisions"}],"predecessor-version":[{"id":12538,"href":"https:\/\/fr.twiza.org\/portail\/wp-json\/wp\/v2\/pages\/8146\/revisions\/12538"}],"wp:attachment":[{"href":"https:\/\/fr.twiza.org\/portail\/wp-json\/wp\/v2\/media?parent=8146"}],"curies":[{"name":"wp","href":"https:\/\/api.w.org\/{rel}","templated":true}]}}