{"id":8151,"date":"2023-10-24T18:15:02","date_gmt":"2023-10-24T16:15:02","guid":{"rendered":"https:\/\/fr.twiza.org\/portail\/?page_id=8151"},"modified":"2023-10-26T11:56:08","modified_gmt":"2023-10-26T09:56:08","slug":"minformer","status":"publish","type":"page","link":"https:\/\/fr.twiza.org\/portail\/minformer\/","title":{"rendered":"M&rsquo;informer"},"content":{"rendered":"\n<blockquote class=\"wp-block-quote is-style-default is-layout-flow wp-block-quote-is-layout-flow\">\n<p>Pour prendre les bonnes d\u00e9cisions il faut avoir les bonnes informations<\/p>\n<\/blockquote>\n\n\n\n<p>Tu as un <strong>projet<\/strong> de <strong>construction<\/strong> ou de <strong>r\u00e9novation<\/strong> et cherches des informations aussi bien concernant ta phase de <strong>r\u00e9flexion<\/strong>, de <strong>conception<\/strong> ou de <strong>mise en \u0153uvre<\/strong> ?<\/p>\n\n\n\n<p>On te propose des sources d&rsquo;informations en acc\u00e8s libres via diff\u00e9rents canaux (article web, visioconf\u00e9rence etc..) :<\/p>\n\n\n\n<div class=\"wp-block-media-text alignwide has-media-on-the-right is-stacked-on-mobile\" style=\"grid-template-columns:auto 40%\"><div class=\"wp-block-media-text__content\">\n<div class=\"wp-block-buttons is-content-justification-center is-layout-flex wp-container-core-buttons-is-layout-a89b3969 wp-block-buttons-is-layout-flex\">\n<div class=\"wp-block-button has-custom-width wp-block-button__width-75 has-custom-font-size\" style=\"font-size:22px\"><a class=\"wp-block-button__link wp-element-button\" href=\"https:\/\/fr.twiza.org\/portail\/conseils-twiza\/\" target=\"_blank\" rel=\"noreferrer noopener\">Conseils de pros<\/a><\/div>\n<\/div>\n<\/div><figure class=\"wp-block-media-text__media\"><a href=\"https:\/\/fr.twiza.org\/portail\/conseils-twiza\/\" target=\"_blank\" rel=\"noreferrer noopener\"><img fetchpriority=\"high\" decoding=\"async\" width=\"800\" height=\"600\" src=\"https:\/\/fr.twiza.org\/portail\/wp-content\/uploads\/2023\/02\/m-informer-visio-avec-un-pro-5-800x600px.jpeg\" alt=\"\" class=\"wp-image-8161 size-full\" srcset=\"https:\/\/fr.twiza.org\/portail\/wp-content\/uploads\/2023\/02\/m-informer-visio-avec-un-pro-5-800x600px.jpeg 800w, https:\/\/fr.twiza.org\/portail\/wp-content\/uploads\/2023\/02\/m-informer-visio-avec-un-pro-5-800x600px-600x450.jpeg 600w, https:\/\/fr.twiza.org\/portail\/wp-content\/uploads\/2023\/02\/m-informer-visio-avec-un-pro-5-800x600px-300x225.jpeg 300w, https:\/\/fr.twiza.org\/portail\/wp-content\/uploads\/2023\/02\/m-informer-visio-avec-un-pro-5-800x600px-768x576.jpeg 768w\" sizes=\"(max-width: 800px) 100vw, 800px\" \/><\/a><\/figure><\/div>\n\n\n\n<div style=\"height:40px\" aria-hidden=\"true\" class=\"wp-block-spacer\"><\/div>\n\n\n\n<div class=\"wp-block-media-text alignwide has-media-on-the-right is-stacked-on-mobile\" style=\"grid-template-columns:auto 40%\"><div class=\"wp-block-media-text__content\">\n<div class=\"wp-block-buttons is-content-justification-center is-layout-flex wp-container-core-buttons-is-layout-a89b3969 wp-block-buttons-is-layout-flex\">\n<div class=\"wp-block-button has-custom-width wp-block-button__width-75 has-custom-font-size\" style=\"font-size:22px\"><a class=\"wp-block-button__link wp-element-button\" href=\"https:\/\/fr.twiza.org\/portail\/projet-habitat-definitions-techniques\/\" target=\"_blank\" rel=\"noreferrer noopener\">D\u00e9finitions techniques<\/a><\/div>\n<\/div>\n<\/div><figure class=\"wp-block-media-text__media\"><a href=\"https:\/\/fr.twiza.org\/portail\/projet-habitat-definitions-techniques\/\" target=\"_blank\" rel=\"noreferrer noopener\"><img decoding=\"async\" width=\"800\" height=\"600\" src=\"https:\/\/fr.twiza.org\/portail\/wp-content\/uploads\/2023\/02\/m-informer-definitions-techniques-1-800x600px.jpeg\" alt=\"\" class=\"wp-image-8162 size-full\" srcset=\"https:\/\/fr.twiza.org\/portail\/wp-content\/uploads\/2023\/02\/m-informer-definitions-techniques-1-800x600px.jpeg 800w, https:\/\/fr.twiza.org\/portail\/wp-content\/uploads\/2023\/02\/m-informer-definitions-techniques-1-800x600px-600x450.jpeg 600w, https:\/\/fr.twiza.org\/portail\/wp-content\/uploads\/2023\/02\/m-informer-definitions-techniques-1-800x600px-300x225.jpeg 300w, https:\/\/fr.twiza.org\/portail\/wp-content\/uploads\/2023\/02\/m-informer-definitions-techniques-1-800x600px-768x576.jpeg 768w\" sizes=\"(max-width: 800px) 100vw, 800px\" \/><\/a><\/figure><\/div>\n\n\n\n<div style=\"height:40px\" aria-hidden=\"true\" class=\"wp-block-spacer\"><\/div>\n\n\n\n<div class=\"wp-block-media-text alignwide has-media-on-the-right is-stacked-on-mobile\" style=\"grid-template-columns:auto 40%\"><div class=\"wp-block-media-text__content\">\n<div class=\"wp-block-buttons is-content-justification-center is-layout-flex wp-container-core-buttons-is-layout-a89b3969 wp-block-buttons-is-layout-flex\">\n<div class=\"wp-block-button has-custom-width wp-block-button__width-75 has-custom-font-size\" style=\"font-size:22px\"><a class=\"wp-block-button__link wp-element-button\" href=\"https:\/\/fr.twiza.org\/portail\/articles-des-pros\/\">Articles des pros <\/a><\/div>\n<\/div>\n<\/div><figure class=\"wp-block-media-text__media\"><img decoding=\"async\" width=\"800\" height=\"600\" src=\"https:\/\/fr.twiza.org\/portail\/wp-content\/uploads\/2023\/02\/m-informer-article-des-pros-1-800x600px.jpeg\" alt=\"\" class=\"wp-image-8163 size-full\" srcset=\"https:\/\/fr.twiza.org\/portail\/wp-content\/uploads\/2023\/02\/m-informer-article-des-pros-1-800x600px.jpeg 800w, https:\/\/fr.twiza.org\/portail\/wp-content\/uploads\/2023\/02\/m-informer-article-des-pros-1-800x600px-600x450.jpeg 600w, https:\/\/fr.twiza.org\/portail\/wp-content\/uploads\/2023\/02\/m-informer-article-des-pros-1-800x600px-300x225.jpeg 300w, https:\/\/fr.twiza.org\/portail\/wp-content\/uploads\/2023\/02\/m-informer-article-des-pros-1-800x600px-768x576.jpeg 768w\" sizes=\"(max-width: 800px) 100vw, 800px\" \/><\/figure><\/div>\n\n\n\n<div style=\"height:35px\" aria-hidden=\"true\" class=\"wp-block-spacer\"><\/div>\n","protected":false},"excerpt":{"rendered":"<p>Pour prendre les bonnes d\u00e9cisions il faut avoir les bonnes informations Tu as un projet de construction ou de r\u00e9novation et cherches des informations aussi bien concernant ta phase de r\u00e9flexion, de conception ou de mise en \u0153uvre ? On te propose des sources d&rsquo;informations en acc\u00e8s libres via diff\u00e9rents [&hellip;]<\/p>\n","protected":false},"author":3,"featured_media":0,"parent":0,"menu_order":0,"comment_status":"closed","ping_status":"closed","template":"","meta":{"_eb_attr":"","_themeisle_gutenberg_block_has_review":false,"footnotes":""},"class_list":["post-8151","page","type-page","status-publish","hentry"],"yoast_head":"<!-- This site is optimized with the Yoast SEO Premium plugin v27.2 (Yoast SEO v27.3) - https:\/\/yoast.com\/product\/yoast-seo-premium-wordpress\/ -->\n<title>M&#039;informer<\/title>\n<meta name=\"robots\" content=\"index, follow, max-snippet:-1, max-image-preview:large, max-video-preview:-1\" \/>\n<link rel=\"canonical\" href=\"https:\/\/fr.twiza.org\/portail\/minformer\/\" \/>\n<meta property=\"og:locale\" content=\"fr_FR\" \/>\n<meta property=\"og:type\" content=\"article\" \/>\n<meta property=\"og:title\" content=\"M&#039;informer\" \/>\n<meta property=\"og:description\" content=\"Pour prendre les bonnes d\u00e9cisions il faut avoir les bonnes informations Tu as un projet de construction ou de r\u00e9novation et cherches des informations aussi bien concernant ta phase de r\u00e9flexion, de conception ou de mise en \u0153uvre ? On te propose des sources d&rsquo;informations en acc\u00e8s libres via diff\u00e9rents [&hellip;]\" \/>\n<meta property=\"og:url\" content=\"https:\/\/fr.twiza.org\/portail\/minformer\/\" \/>\n<meta property=\"og:site_name\" content=\"R\u00e9seau Twiza\" \/>\n<meta property=\"article:publisher\" content=\"https:\/\/fr-fr.facebook.com\/Twiza.fr\/\" \/>\n<meta property=\"article:modified_time\" content=\"2023-10-26T09:56:08+00:00\" \/>\n<meta property=\"og:image\" content=\"https:\/\/fr.twiza.org\/portail\/wp-content\/uploads\/2023\/02\/m-informer-visio-avec-un-pro-5-800x600px.jpeg\" \/>\n<meta name=\"twitter:card\" content=\"summary_large_image\" \/>\n<script type=\"application\/ld+json\" class=\"yoast-schema-graph\">{\"@context\":\"https:\\\/\\\/schema.org\",\"@graph\":[{\"@type\":\"WebPage\",\"@id\":\"https:\\\/\\\/fr.twiza.org\\\/portail\\\/minformer\\\/\",\"url\":\"https:\\\/\\\/fr.twiza.org\\\/portail\\\/minformer\\\/\",\"name\":\"M'informer\",\"isPartOf\":{\"@id\":\"https:\\\/\\\/fr.twiza.org\\\/portail\\\/#website\"},\"primaryImageOfPage\":{\"@id\":\"https:\\\/\\\/fr.twiza.org\\\/portail\\\/minformer\\\/#primaryimage\"},\"image\":{\"@id\":\"https:\\\/\\\/fr.twiza.org\\\/portail\\\/minformer\\\/#primaryimage\"},\"thumbnailUrl\":\"https:\\\/\\\/fr.twiza.org\\\/portail\\\/wp-content\\\/uploads\\\/2023\\\/02\\\/m-informer-visio-avec-un-pro-5-800x600px.jpeg\",\"datePublished\":\"2023-10-24T16:15:02+00:00\",\"dateModified\":\"2023-10-26T09:56:08+00:00\",\"breadcrumb\":{\"@id\":\"https:\\\/\\\/fr.twiza.org\\\/portail\\\/minformer\\\/#breadcrumb\"},\"inLanguage\":\"fr-FR\",\"potentialAction\":[{\"@type\":\"ReadAction\",\"target\":[\"https:\\\/\\\/fr.twiza.org\\\/portail\\\/minformer\\\/\"]}]},{\"@type\":\"ImageObject\",\"inLanguage\":\"fr-FR\",\"@id\":\"https:\\\/\\\/fr.twiza.org\\\/portail\\\/minformer\\\/#primaryimage\",\"url\":\"https:\\\/\\\/fr.twiza.org\\\/portail\\\/wp-content\\\/uploads\\\/2023\\\/02\\\/m-informer-visio-avec-un-pro-5-800x600px.jpeg\",\"contentUrl\":\"https:\\\/\\\/fr.twiza.org\\\/portail\\\/wp-content\\\/uploads\\\/2023\\\/02\\\/m-informer-visio-avec-un-pro-5-800x600px.jpeg\",\"width\":800,\"height\":600},{\"@type\":\"BreadcrumbList\",\"@id\":\"https:\\\/\\\/fr.twiza.org\\\/portail\\\/minformer\\\/#breadcrumb\",\"itemListElement\":[{\"@type\":\"ListItem\",\"position\":1,\"name\":\"Accueil\",\"item\":\"https:\\\/\\\/fr.twiza.org\\\/portail\\\/\"},{\"@type\":\"ListItem\",\"position\":2,\"name\":\"M&#8217;informer\"}]},{\"@type\":\"WebSite\",\"@id\":\"https:\\\/\\\/fr.twiza.org\\\/portail\\\/#website\",\"url\":\"https:\\\/\\\/fr.twiza.org\\\/portail\\\/\",\"name\":\"R\u00e9seau Twiza\",\"description\":\"Entraide pour un habitat \u00e9cologique, convivial et r\u00e9silient\",\"publisher\":{\"@id\":\"https:\\\/\\\/fr.twiza.org\\\/portail\\\/#organization\"},\"potentialAction\":[{\"@type\":\"SearchAction\",\"target\":{\"@type\":\"EntryPoint\",\"urlTemplate\":\"https:\\\/\\\/fr.twiza.org\\\/portail\\\/?s={search_term_string}\"},\"query-input\":{\"@type\":\"PropertyValueSpecification\",\"valueRequired\":true,\"valueName\":\"search_term_string\"}}],\"inLanguage\":\"fr-FR\"},{\"@type\":\"Organization\",\"@id\":\"https:\\\/\\\/fr.twiza.org\\\/portail\\\/#organization\",\"name\":\"R\u00e9seau Twiza\",\"url\":\"https:\\\/\\\/fr.twiza.org\\\/portail\\\/\",\"logo\":{\"@type\":\"ImageObject\",\"inLanguage\":\"fr-FR\",\"@id\":\"https:\\\/\\\/fr.twiza.org\\\/portail\\\/#\\\/schema\\\/logo\\\/image\\\/\",\"url\":\"https:\\\/\\\/fr.twiza.org\\\/portail\\\/wp-content\\\/uploads\\\/2021\\\/05\\\/cropped-logo-reseau-twiza.jpg\",\"contentUrl\":\"https:\\\/\\\/fr.twiza.org\\\/portail\\\/wp-content\\\/uploads\\\/2021\\\/05\\\/cropped-logo-reseau-twiza.jpg\",\"width\":400,\"height\":102,\"caption\":\"R\u00e9seau Twiza\"},\"image\":{\"@id\":\"https:\\\/\\\/fr.twiza.org\\\/portail\\\/#\\\/schema\\\/logo\\\/image\\\/\"},\"sameAs\":[\"https:\\\/\\\/fr-fr.facebook.com\\\/Twiza.fr\\\/\",\"https:\\\/\\\/www.instagram.com\\\/twiza_fr\\\/\",\"https:\\\/\\\/www.linkedin.com\\\/company\\\/reseautwiza\\\/\"]}]}<\/script>\n<!-- \/ Yoast SEO Premium plugin. -->","yoast_head_json":{"title":"M'informer","robots":{"index":"index","follow":"follow","max-snippet":"max-snippet:-1","max-image-preview":"max-image-preview:large","max-video-preview":"max-video-preview:-1"},"canonical":"https:\/\/fr.twiza.org\/portail\/minformer\/","og_locale":"fr_FR","og_type":"article","og_title":"M'informer","og_description":"Pour prendre les bonnes d\u00e9cisions il faut avoir les bonnes informations Tu as un projet de construction ou de r\u00e9novation et cherches des informations aussi bien concernant ta phase de r\u00e9flexion, de conception ou de mise en \u0153uvre ? On te propose des sources d&rsquo;informations en acc\u00e8s libres via diff\u00e9rents [&hellip;]","og_url":"https:\/\/fr.twiza.org\/portail\/minformer\/","og_site_name":"R\u00e9seau Twiza","article_publisher":"https:\/\/fr-fr.facebook.com\/Twiza.fr\/","article_modified_time":"2023-10-26T09:56:08+00:00","og_image":[{"url":"https:\/\/fr.twiza.org\/portail\/wp-content\/uploads\/2023\/02\/m-informer-visio-avec-un-pro-5-800x600px.jpeg","type":"","width":"","height":""}],"twitter_card":"summary_large_image","schema":{"@context":"https:\/\/schema.org","@graph":[{"@type":"WebPage","@id":"https:\/\/fr.twiza.org\/portail\/minformer\/","url":"https:\/\/fr.twiza.org\/portail\/minformer\/","name":"M'informer","isPartOf":{"@id":"https:\/\/fr.twiza.org\/portail\/#website"},"primaryImageOfPage":{"@id":"https:\/\/fr.twiza.org\/portail\/minformer\/#primaryimage"},"image":{"@id":"https:\/\/fr.twiza.org\/portail\/minformer\/#primaryimage"},"thumbnailUrl":"https:\/\/fr.twiza.org\/portail\/wp-content\/uploads\/2023\/02\/m-informer-visio-avec-un-pro-5-800x600px.jpeg","datePublished":"2023-10-24T16:15:02+00:00","dateModified":"2023-10-26T09:56:08+00:00","breadcrumb":{"@id":"https:\/\/fr.twiza.org\/portail\/minformer\/#breadcrumb"},"inLanguage":"fr-FR","potentialAction":[{"@type":"ReadAction","target":["https:\/\/fr.twiza.org\/portail\/minformer\/"]}]},{"@type":"ImageObject","inLanguage":"fr-FR","@id":"https:\/\/fr.twiza.org\/portail\/minformer\/#primaryimage","url":"https:\/\/fr.twiza.org\/portail\/wp-content\/uploads\/2023\/02\/m-informer-visio-avec-un-pro-5-800x600px.jpeg","contentUrl":"https:\/\/fr.twiza.org\/portail\/wp-content\/uploads\/2023\/02\/m-informer-visio-avec-un-pro-5-800x600px.jpeg","width":800,"height":600},{"@type":"BreadcrumbList","@id":"https:\/\/fr.twiza.org\/portail\/minformer\/#breadcrumb","itemListElement":[{"@type":"ListItem","position":1,"name":"Accueil","item":"https:\/\/fr.twiza.org\/portail\/"},{"@type":"ListItem","position":2,"name":"M&#8217;informer"}]},{"@type":"WebSite","@id":"https:\/\/fr.twiza.org\/portail\/#website","url":"https:\/\/fr.twiza.org\/portail\/","name":"R\u00e9seau Twiza","description":"Entraide pour un habitat \u00e9cologique, convivial et r\u00e9silient","publisher":{"@id":"https:\/\/fr.twiza.org\/portail\/#organization"},"potentialAction":[{"@type":"SearchAction","target":{"@type":"EntryPoint","urlTemplate":"https:\/\/fr.twiza.org\/portail\/?s={search_term_string}"},"query-input":{"@type":"PropertyValueSpecification","valueRequired":true,"valueName":"search_term_string"}}],"inLanguage":"fr-FR"},{"@type":"Organization","@id":"https:\/\/fr.twiza.org\/portail\/#organization","name":"R\u00e9seau Twiza","url":"https:\/\/fr.twiza.org\/portail\/","logo":{"@type":"ImageObject","inLanguage":"fr-FR","@id":"https:\/\/fr.twiza.org\/portail\/#\/schema\/logo\/image\/","url":"https:\/\/fr.twiza.org\/portail\/wp-content\/uploads\/2021\/05\/cropped-logo-reseau-twiza.jpg","contentUrl":"https:\/\/fr.twiza.org\/portail\/wp-content\/uploads\/2021\/05\/cropped-logo-reseau-twiza.jpg","width":400,"height":102,"caption":"R\u00e9seau Twiza"},"image":{"@id":"https:\/\/fr.twiza.org\/portail\/#\/schema\/logo\/image\/"},"sameAs":["https:\/\/fr-fr.facebook.com\/Twiza.fr\/","https:\/\/www.instagram.com\/twiza_fr\/","https:\/\/www.linkedin.com\/company\/reseautwiza\/"]}]}},"jetpack_sharing_enabled":true,"_links":{"self":[{"href":"https:\/\/fr.twiza.org\/portail\/wp-json\/wp\/v2\/pages\/8151","targetHints":{"allow":["GET"]}}],"collection":[{"href":"https:\/\/fr.twiza.org\/portail\/wp-json\/wp\/v2\/pages"}],"about":[{"href":"https:\/\/fr.twiza.org\/portail\/wp-json\/wp\/v2\/types\/page"}],"author":[{"embeddable":true,"href":"https:\/\/fr.twiza.org\/portail\/wp-json\/wp\/v2\/users\/3"}],"replies":[{"embeddable":true,"href":"https:\/\/fr.twiza.org\/portail\/wp-json\/wp\/v2\/comments?post=8151"}],"version-history":[{"count":22,"href":"https:\/\/fr.twiza.org\/portail\/wp-json\/wp\/v2\/pages\/8151\/revisions"}],"predecessor-version":[{"id":9560,"href":"https:\/\/fr.twiza.org\/portail\/wp-json\/wp\/v2\/pages\/8151\/revisions\/9560"}],"wp:attachment":[{"href":"https:\/\/fr.twiza.org\/portail\/wp-json\/wp\/v2\/media?parent=8151"}],"curies":[{"name":"wp","href":"https:\/\/api.w.org\/{rel}","templated":true}]}}