{"id":8349,"date":"2023-03-21T10:51:38","date_gmt":"2023-03-21T09:51:38","guid":{"rendered":"https:\/\/fr.twiza.org\/portail\/?page_id=8349"},"modified":"2026-03-02T10:33:01","modified_gmt":"2026-03-02T09:33:01","slug":"les-membres-actifs-twiza","status":"publish","type":"page","link":"https:\/\/fr.twiza.org\/portail\/les-membres-actifs-twiza\/","title":{"rendered":"Les membres actifs Twiza"},"content":{"rendered":"\n<h2 class=\"wp-block-heading\">Qui sont-ils ?<\/h2>\n\n\n\n<p>Il existe une multitude de fa\u00e7on de s\u2019engager dans le r\u00e9seau TWIZA, les membres actifs y occupent une place singuli\u00e8re :&nbsp;<strong>ils&nbsp;sont&nbsp;le r\u00e9seau<\/strong>.<\/p>\n\n\n\n<p>Ils<strong>&nbsp;l\u2019incarnent<\/strong>&nbsp;et le<strong>&nbsp;repr\u00e9sentent<\/strong>&nbsp;\u00e0 travers leurs&nbsp;<strong>actions<\/strong>&nbsp;et leur&nbsp;<strong>implication<\/strong>&nbsp;sur l\u2019ensemble des territoires.<\/p>\n\n\n\n<p>Ce sont des \u00ab&nbsp;<strong>super-b\u00e9n\u00e9voles<\/strong>&nbsp;\u00bb (\ud83e\uddb8 \ud83e\uddb8\u200d\u2640\ufe0f) qui ont v\u00e9cu une&nbsp;<strong>belle exp\u00e9rience gr\u00e2ce \u00e0 Twiza<\/strong>&nbsp;qui partagent&nbsp;<strong>nos valeurs<\/strong>&nbsp;et qui ont d\u00e9cid\u00e9 d\u2019<strong>agir \u00e0 nos c\u00f4t\u00e9s<\/strong>.<\/p>\n\n\n\n<p><strong>Comme sur un chantier participatif<\/strong>, ils\/elles sont venu\u00b7e\u00b7s donner de leur temps et de leur passion pour participer aux missions du r\u00e9seau Twiza : accueillir les nouveaux porteurs de projet, nous repr\u00e9senter sur des Salons et festivals, etc.<\/p>\n\n\n\n<p>Participant ou organisateur de chantiers participatifs, pros (\u00e9tablis ou en devenir), curieux ou passionn\u00e9s d\u2019habitat \u00e9cologique tous sont \u00e0 la fois les&nbsp;<strong>porte-voix<\/strong>, les&nbsp;<strong>acteurs<\/strong>&nbsp;et les&nbsp;<strong>ambassadeurs<\/strong>&nbsp;des projets Twiza.<\/p>\n\n\n\n<p>Mais celles et ceux qui nous ont rejoints&nbsp;<strong>ont aussi grandi \u00e0 nos c\u00f4t\u00e9s.<\/strong>&nbsp;<\/p>\n\n\n\n<p>Ils\/elles ont pu&nbsp;<strong>avancer dans leurs projets&nbsp;<\/strong>de reconversion, de formation, de cr\u00e9ation d\u2019entreprise, de militantisme,&nbsp;de vie.<\/p>\n\n\n\n<p>Quels que soient les profils, c\u2019est une&nbsp;<strong>chouette petite \u00ab&nbsp;famille&nbsp;\u00bb<\/strong>&nbsp;qui se retrouve, s\u2019entraide et s\u2019unit autour d\u2019un projet commun :&nbsp;<strong>placer l\u2019humain au coeur de tout projet d\u2019habitat \u00e9cologique et de b\u00e2tir du lien.<\/strong><\/p>\n\n\n\n<div class=\"wp-block-buttons is-content-justification-center is-layout-flex wp-container-core-buttons-is-layout-a89b3969 wp-block-buttons-is-layout-flex\">\n<div class=\"wp-block-button\"><a class=\"wp-block-button__link wp-element-button\" href=\"https:\/\/fr.twiza.org\/portail\/devenir-membre-actif-twiza\/\">Devenir membre actif Twiza<\/a><\/div>\n<\/div>\n\n\n\n<h2 class=\"wp-block-heading\" id=\"h-pres-de-150-membres-actifs\">Pr\u00e8s de 150 membres actifs<\/h2>\n\n\n\n<p>Twiza c&rsquo;est aussi un r\u00e9seau de <a href=\"https:\/\/fr.twiza.org\/portail\/rejoindre-les-membres-actifs-twiza\/(ouvre un nouvel onglet)\" target=\"_blank\" rel=\"noreferrer noopener\">membres actifs<\/a> et des r\u00e9seaux locaux au plus proche du terrain.<\/p>\n\n\n<div class=\"wp-block-image\">\n<figure class=\"aligncenter size-full\"><a href=\"https:\/\/airtable.com\/embed\/shrp7PV9HWQ4W6dFo\/tbl1aZbR1kSUqpzal\"><img fetchpriority=\"high\" decoding=\"async\" width=\"1000\" height=\"469\" src=\"https:\/\/fr.twiza.org\/portail\/wp-content\/uploads\/2022\/05\/Membres-actifs-MQ.png\" alt=\"\" class=\"wp-image-5639\" srcset=\"https:\/\/fr.twiza.org\/portail\/wp-content\/uploads\/2022\/05\/Membres-actifs-MQ.png 1000w, https:\/\/fr.twiza.org\/portail\/wp-content\/uploads\/2022\/05\/Membres-actifs-MQ-600x281.png 600w, https:\/\/fr.twiza.org\/portail\/wp-content\/uploads\/2022\/05\/Membres-actifs-MQ-300x141.png 300w, https:\/\/fr.twiza.org\/portail\/wp-content\/uploads\/2022\/05\/Membres-actifs-MQ-768x360.png 768w\" sizes=\"(max-width: 1000px) 100vw, 1000px\" \/><\/a><figcaption class=\"wp-element-caption\">Aper\u00e7u du <a href=\"https:\/\/airtable.com\/embed\/shrp7PV9HWQ4W6dFo\/tbl1aZbR1kSUqpzal\" target=\"_blank\" rel=\"noreferrer noopener\">trombinoscope<\/a> des membres actifs. <\/figcaption><\/figure>\n<\/div>\n\n\n<h2 class=\"wp-block-heading\" id=\"h-carte-des-membres-actifs\">Carte des membres actifs<\/h2>\n\n\n\n<h3 class=\"wp-block-heading\" id=\"h-ou-sont-ils\">O\u00f9 sont ils ? <\/h3>\n\n\n\n<p>Ils sont un peu partout en France (et m\u00eame un peu plus loin) : <\/p>\n\n\n<p><iframe src=\"https:\/\/www.google.com\/maps\/d\/embed?mid=11FSOAHQ329A1GhiIkR5r9qFNWcncOno&#038;ehbc=2E312F\" width=\"640\" height=\"480\"><\/iframe><\/p>\n\n\n\n<h2 class=\"wp-block-heading\" id=\"actions-des-membres-actifs\">Actions des membres actifs<\/h2>\n\n\n\n<h3 class=\"wp-block-heading\">Que font-ils ?<\/h3>\n\n\n\n<p>Engag\u00e9s, ils font<strong>&nbsp;\u00e0 travers leurs actions<\/strong>&nbsp;la promotion d\u2019un habitat sain, de mani\u00e8res de construire ou de r\u00e9nover respectueuses de l\u2019autre et du vivant, des pratiques participatives.<\/p>\n\n\n\n<p>Nous souhaitons laisser une grande place \u00e0 la&nbsp;<strong>cr\u00e9ativit\u00e9<\/strong>&nbsp;et aux&nbsp;<strong>envies<\/strong>&nbsp;de chacun.<\/p>\n\n\n\n<p>Voici un petit aper\u00e7u, et le bilan, des derni\u00e8res actions r\u00e9alis\u00e9es :<\/p>\n\n\n<p><iframe class=\"airtable-embed\" src=\"https:\/\/airtable.com\/embed\/appAL7bNsCtn2nPqm\/shryNARnDFeesNzoD?backgroundColor=yellow&#038;viewControls=on\" frameborder=\"0\" onmousewheel=\"\" width=\"100%\" height=\"533\" style=\"background: transparent; border: 1px solid #ccc;\"><\/iframe><\/p>\n\n\n\n<p class=\"has-text-align-center\"><em><strong><a href=\"https:\/\/airtable.com\/embed\/appAL7bNsCtn2nPqm\/shryNARnDFeesNzoD\/tblKtn9J9MSTNTQj2\">Voir toutes les actions r\u00e9alis\u00e9es<\/a><\/strong><\/em><\/p>\n\n\n\n<h2 class=\"wp-block-heading\" id=\"h-comment-les-rejoindre\">Comment les rejoindre ? <\/h2>\n\n\n\n<p>\u00c7a t&rsquo;a donn\u00e9 envie d&rsquo;en savoir plus ? Bonne nouvelle, nous sommes en train de recruter la promo 2024 !<\/p>\n\n\n\n<p>Si tu veux en savoir plus, agir \u00e0 nos c\u00f4t\u00e9s et int\u00e9grer un super groupe de Twizeurs engag\u00e9s, c&rsquo;est le moment :<\/p>\n\n\n\n<div class=\"wp-block-buttons is-content-justification-center is-layout-flex wp-container-core-buttons-is-layout-a89b3969 wp-block-buttons-is-layout-flex\">\n<div class=\"wp-block-button\"><a class=\"wp-block-button__link wp-element-button\" href=\"https:\/\/fr.twiza.org\/portail\/devenir-membre-actif-twiza\/#nous-rejoindre\">Devenir membre actif Twiza<\/a><\/div>\n<\/div>\n\n\n\n<div style=\"height:100px\" aria-hidden=\"true\" class=\"wp-block-spacer\"><\/div>\n\n\n\n<div style=\"height:50px\" aria-hidden=\"true\" class=\"wp-block-spacer\"><\/div>\n","protected":false},"excerpt":{"rendered":"<p>Qui sont-ils ? Il existe une multitude de fa\u00e7on de s\u2019engager dans le r\u00e9seau TWIZA, les membres actifs y occupent une place singuli\u00e8re :&nbsp;ils&nbsp;sont&nbsp;le r\u00e9seau. Ils&nbsp;l\u2019incarnent&nbsp;et le&nbsp;repr\u00e9sentent&nbsp;\u00e0 travers leurs&nbsp;actions&nbsp;et leur&nbsp;implication&nbsp;sur l\u2019ensemble des territoires. Ce sont des \u00ab&nbsp;super-b\u00e9n\u00e9voles&nbsp;\u00bb (\ud83e\uddb8 \ud83e\uddb8\u200d\u2640\ufe0f) qui ont v\u00e9cu une&nbsp;belle exp\u00e9rience gr\u00e2ce \u00e0 Twiza&nbsp;qui partagent&nbsp;nos valeurs&nbsp;et qui [&hellip;]<\/p>\n","protected":false},"author":3,"featured_media":0,"parent":0,"menu_order":0,"comment_status":"closed","ping_status":"closed","template":"","meta":{"_eb_attr":"","_themeisle_gutenberg_block_has_review":false,"footnotes":""},"class_list":["post-8349","page","type-page","status-publish","hentry"],"yoast_head":"<!-- This site is optimized with the Yoast SEO Premium plugin v27.2 (Yoast SEO v27.4) - https:\/\/yoast.com\/product\/yoast-seo-premium-wordpress\/ -->\n<title>Les membres actifs Twiza<\/title>\n<meta name=\"robots\" content=\"index, follow, max-snippet:-1, max-image-preview:large, max-video-preview:-1\" \/>\n<link rel=\"canonical\" href=\"https:\/\/fr.twiza.org\/portail\/les-membres-actifs-twiza\/\" \/>\n<meta property=\"og:locale\" content=\"fr_FR\" \/>\n<meta property=\"og:type\" content=\"article\" \/>\n<meta property=\"og:title\" content=\"Les membres actifs Twiza\" \/>\n<meta property=\"og:description\" content=\"Qui sont-ils ? Il existe une multitude de fa\u00e7on de s\u2019engager dans le r\u00e9seau TWIZA, les membres actifs y occupent une place singuli\u00e8re :&nbsp;ils&nbsp;sont&nbsp;le r\u00e9seau. Ils&nbsp;l\u2019incarnent&nbsp;et le&nbsp;repr\u00e9sentent&nbsp;\u00e0 travers leurs&nbsp;actions&nbsp;et leur&nbsp;implication&nbsp;sur l\u2019ensemble des territoires. Ce sont des \u00ab&nbsp;super-b\u00e9n\u00e9voles&nbsp;\u00bb (\ud83e\uddb8 \ud83e\uddb8\u200d\u2640\ufe0f) qui ont v\u00e9cu une&nbsp;belle exp\u00e9rience gr\u00e2ce \u00e0 Twiza&nbsp;qui partagent&nbsp;nos valeurs&nbsp;et qui [&hellip;]\" \/>\n<meta property=\"og:url\" content=\"https:\/\/fr.twiza.org\/portail\/les-membres-actifs-twiza\/\" \/>\n<meta property=\"og:site_name\" content=\"R\u00e9seau Twiza\" \/>\n<meta property=\"article:publisher\" content=\"https:\/\/fr-fr.facebook.com\/Twiza.fr\/\" \/>\n<meta property=\"article:modified_time\" content=\"2026-03-02T09:33:01+00:00\" \/>\n<meta property=\"og:image\" content=\"https:\/\/fr.twiza.org\/portail\/wp-content\/uploads\/2022\/05\/Membres-actifs-MQ.png\" \/>\n\t<meta property=\"og:image:width\" content=\"1000\" \/>\n\t<meta property=\"og:image:height\" content=\"469\" \/>\n\t<meta property=\"og:image:type\" content=\"image\/png\" \/>\n<meta name=\"twitter:card\" content=\"summary_large_image\" \/>\n<script type=\"application\/ld+json\" class=\"yoast-schema-graph\">{\"@context\":\"https:\\\/\\\/schema.org\",\"@graph\":[{\"@type\":\"WebPage\",\"@id\":\"https:\\\/\\\/fr.twiza.org\\\/portail\\\/les-membres-actifs-twiza\\\/\",\"url\":\"https:\\\/\\\/fr.twiza.org\\\/portail\\\/les-membres-actifs-twiza\\\/\",\"name\":\"Les membres actifs Twiza\",\"isPartOf\":{\"@id\":\"https:\\\/\\\/fr.twiza.org\\\/portail\\\/#website\"},\"primaryImageOfPage\":{\"@id\":\"https:\\\/\\\/fr.twiza.org\\\/portail\\\/les-membres-actifs-twiza\\\/#primaryimage\"},\"image\":{\"@id\":\"https:\\\/\\\/fr.twiza.org\\\/portail\\\/les-membres-actifs-twiza\\\/#primaryimage\"},\"thumbnailUrl\":\"https:\\\/\\\/fr.twiza.org\\\/portail\\\/wp-content\\\/uploads\\\/2022\\\/05\\\/Membres-actifs-MQ.png\",\"datePublished\":\"2023-03-21T09:51:38+00:00\",\"dateModified\":\"2026-03-02T09:33:01+00:00\",\"breadcrumb\":{\"@id\":\"https:\\\/\\\/fr.twiza.org\\\/portail\\\/les-membres-actifs-twiza\\\/#breadcrumb\"},\"inLanguage\":\"fr-FR\",\"potentialAction\":[{\"@type\":\"ReadAction\",\"target\":[\"https:\\\/\\\/fr.twiza.org\\\/portail\\\/les-membres-actifs-twiza\\\/\"]}]},{\"@type\":\"ImageObject\",\"inLanguage\":\"fr-FR\",\"@id\":\"https:\\\/\\\/fr.twiza.org\\\/portail\\\/les-membres-actifs-twiza\\\/#primaryimage\",\"url\":\"https:\\\/\\\/fr.twiza.org\\\/portail\\\/wp-content\\\/uploads\\\/2022\\\/05\\\/Membres-actifs-MQ.png\",\"contentUrl\":\"https:\\\/\\\/fr.twiza.org\\\/portail\\\/wp-content\\\/uploads\\\/2022\\\/05\\\/Membres-actifs-MQ.png\",\"width\":1000,\"height\":469},{\"@type\":\"BreadcrumbList\",\"@id\":\"https:\\\/\\\/fr.twiza.org\\\/portail\\\/les-membres-actifs-twiza\\\/#breadcrumb\",\"itemListElement\":[{\"@type\":\"ListItem\",\"position\":1,\"name\":\"Accueil\",\"item\":\"https:\\\/\\\/fr.twiza.org\\\/portail\\\/\"},{\"@type\":\"ListItem\",\"position\":2,\"name\":\"Les membres actifs Twiza\"}]},{\"@type\":\"WebSite\",\"@id\":\"https:\\\/\\\/fr.twiza.org\\\/portail\\\/#website\",\"url\":\"https:\\\/\\\/fr.twiza.org\\\/portail\\\/\",\"name\":\"R\u00e9seau Twiza\",\"description\":\"Entraide pour un habitat \u00e9cologique, convivial et r\u00e9silient\",\"publisher\":{\"@id\":\"https:\\\/\\\/fr.twiza.org\\\/portail\\\/#organization\"},\"potentialAction\":[{\"@type\":\"SearchAction\",\"target\":{\"@type\":\"EntryPoint\",\"urlTemplate\":\"https:\\\/\\\/fr.twiza.org\\\/portail\\\/?s={search_term_string}\"},\"query-input\":{\"@type\":\"PropertyValueSpecification\",\"valueRequired\":true,\"valueName\":\"search_term_string\"}}],\"inLanguage\":\"fr-FR\"},{\"@type\":\"Organization\",\"@id\":\"https:\\\/\\\/fr.twiza.org\\\/portail\\\/#organization\",\"name\":\"R\u00e9seau Twiza\",\"url\":\"https:\\\/\\\/fr.twiza.org\\\/portail\\\/\",\"logo\":{\"@type\":\"ImageObject\",\"inLanguage\":\"fr-FR\",\"@id\":\"https:\\\/\\\/fr.twiza.org\\\/portail\\\/#\\\/schema\\\/logo\\\/image\\\/\",\"url\":\"https:\\\/\\\/fr.twiza.org\\\/portail\\\/wp-content\\\/uploads\\\/2021\\\/05\\\/cropped-logo-reseau-twiza.jpg\",\"contentUrl\":\"https:\\\/\\\/fr.twiza.org\\\/portail\\\/wp-content\\\/uploads\\\/2021\\\/05\\\/cropped-logo-reseau-twiza.jpg\",\"width\":400,\"height\":102,\"caption\":\"R\u00e9seau Twiza\"},\"image\":{\"@id\":\"https:\\\/\\\/fr.twiza.org\\\/portail\\\/#\\\/schema\\\/logo\\\/image\\\/\"},\"sameAs\":[\"https:\\\/\\\/fr-fr.facebook.com\\\/Twiza.fr\\\/\",\"https:\\\/\\\/www.instagram.com\\\/twiza_fr\\\/\",\"https:\\\/\\\/www.linkedin.com\\\/company\\\/reseautwiza\\\/\"]}]}<\/script>\n<!-- \/ Yoast SEO Premium plugin. -->","yoast_head_json":{"title":"Les membres actifs Twiza","robots":{"index":"index","follow":"follow","max-snippet":"max-snippet:-1","max-image-preview":"max-image-preview:large","max-video-preview":"max-video-preview:-1"},"canonical":"https:\/\/fr.twiza.org\/portail\/les-membres-actifs-twiza\/","og_locale":"fr_FR","og_type":"article","og_title":"Les membres actifs Twiza","og_description":"Qui sont-ils ? Il existe une multitude de fa\u00e7on de s\u2019engager dans le r\u00e9seau TWIZA, les membres actifs y occupent une place singuli\u00e8re :&nbsp;ils&nbsp;sont&nbsp;le r\u00e9seau. Ils&nbsp;l\u2019incarnent&nbsp;et le&nbsp;repr\u00e9sentent&nbsp;\u00e0 travers leurs&nbsp;actions&nbsp;et leur&nbsp;implication&nbsp;sur l\u2019ensemble des territoires. Ce sont des \u00ab&nbsp;super-b\u00e9n\u00e9voles&nbsp;\u00bb (\ud83e\uddb8 \ud83e\uddb8\u200d\u2640\ufe0f) qui ont v\u00e9cu une&nbsp;belle exp\u00e9rience gr\u00e2ce \u00e0 Twiza&nbsp;qui partagent&nbsp;nos valeurs&nbsp;et qui [&hellip;]","og_url":"https:\/\/fr.twiza.org\/portail\/les-membres-actifs-twiza\/","og_site_name":"R\u00e9seau Twiza","article_publisher":"https:\/\/fr-fr.facebook.com\/Twiza.fr\/","article_modified_time":"2026-03-02T09:33:01+00:00","og_image":[{"width":1000,"height":469,"url":"https:\/\/fr.twiza.org\/portail\/wp-content\/uploads\/2022\/05\/Membres-actifs-MQ.png","type":"image\/png"}],"twitter_card":"summary_large_image","schema":{"@context":"https:\/\/schema.org","@graph":[{"@type":"WebPage","@id":"https:\/\/fr.twiza.org\/portail\/les-membres-actifs-twiza\/","url":"https:\/\/fr.twiza.org\/portail\/les-membres-actifs-twiza\/","name":"Les membres actifs Twiza","isPartOf":{"@id":"https:\/\/fr.twiza.org\/portail\/#website"},"primaryImageOfPage":{"@id":"https:\/\/fr.twiza.org\/portail\/les-membres-actifs-twiza\/#primaryimage"},"image":{"@id":"https:\/\/fr.twiza.org\/portail\/les-membres-actifs-twiza\/#primaryimage"},"thumbnailUrl":"https:\/\/fr.twiza.org\/portail\/wp-content\/uploads\/2022\/05\/Membres-actifs-MQ.png","datePublished":"2023-03-21T09:51:38+00:00","dateModified":"2026-03-02T09:33:01+00:00","breadcrumb":{"@id":"https:\/\/fr.twiza.org\/portail\/les-membres-actifs-twiza\/#breadcrumb"},"inLanguage":"fr-FR","potentialAction":[{"@type":"ReadAction","target":["https:\/\/fr.twiza.org\/portail\/les-membres-actifs-twiza\/"]}]},{"@type":"ImageObject","inLanguage":"fr-FR","@id":"https:\/\/fr.twiza.org\/portail\/les-membres-actifs-twiza\/#primaryimage","url":"https:\/\/fr.twiza.org\/portail\/wp-content\/uploads\/2022\/05\/Membres-actifs-MQ.png","contentUrl":"https:\/\/fr.twiza.org\/portail\/wp-content\/uploads\/2022\/05\/Membres-actifs-MQ.png","width":1000,"height":469},{"@type":"BreadcrumbList","@id":"https:\/\/fr.twiza.org\/portail\/les-membres-actifs-twiza\/#breadcrumb","itemListElement":[{"@type":"ListItem","position":1,"name":"Accueil","item":"https:\/\/fr.twiza.org\/portail\/"},{"@type":"ListItem","position":2,"name":"Les membres actifs Twiza"}]},{"@type":"WebSite","@id":"https:\/\/fr.twiza.org\/portail\/#website","url":"https:\/\/fr.twiza.org\/portail\/","name":"R\u00e9seau Twiza","description":"Entraide pour un habitat \u00e9cologique, convivial et r\u00e9silient","publisher":{"@id":"https:\/\/fr.twiza.org\/portail\/#organization"},"potentialAction":[{"@type":"SearchAction","target":{"@type":"EntryPoint","urlTemplate":"https:\/\/fr.twiza.org\/portail\/?s={search_term_string}"},"query-input":{"@type":"PropertyValueSpecification","valueRequired":true,"valueName":"search_term_string"}}],"inLanguage":"fr-FR"},{"@type":"Organization","@id":"https:\/\/fr.twiza.org\/portail\/#organization","name":"R\u00e9seau Twiza","url":"https:\/\/fr.twiza.org\/portail\/","logo":{"@type":"ImageObject","inLanguage":"fr-FR","@id":"https:\/\/fr.twiza.org\/portail\/#\/schema\/logo\/image\/","url":"https:\/\/fr.twiza.org\/portail\/wp-content\/uploads\/2021\/05\/cropped-logo-reseau-twiza.jpg","contentUrl":"https:\/\/fr.twiza.org\/portail\/wp-content\/uploads\/2021\/05\/cropped-logo-reseau-twiza.jpg","width":400,"height":102,"caption":"R\u00e9seau Twiza"},"image":{"@id":"https:\/\/fr.twiza.org\/portail\/#\/schema\/logo\/image\/"},"sameAs":["https:\/\/fr-fr.facebook.com\/Twiza.fr\/","https:\/\/www.instagram.com\/twiza_fr\/","https:\/\/www.linkedin.com\/company\/reseautwiza\/"]}]}},"jetpack_sharing_enabled":true,"_links":{"self":[{"href":"https:\/\/fr.twiza.org\/portail\/wp-json\/wp\/v2\/pages\/8349","targetHints":{"allow":["GET"]}}],"collection":[{"href":"https:\/\/fr.twiza.org\/portail\/wp-json\/wp\/v2\/pages"}],"about":[{"href":"https:\/\/fr.twiza.org\/portail\/wp-json\/wp\/v2\/types\/page"}],"author":[{"embeddable":true,"href":"https:\/\/fr.twiza.org\/portail\/wp-json\/wp\/v2\/users\/3"}],"replies":[{"embeddable":true,"href":"https:\/\/fr.twiza.org\/portail\/wp-json\/wp\/v2\/comments?post=8349"}],"version-history":[{"count":15,"href":"https:\/\/fr.twiza.org\/portail\/wp-json\/wp\/v2\/pages\/8349\/revisions"}],"predecessor-version":[{"id":14075,"href":"https:\/\/fr.twiza.org\/portail\/wp-json\/wp\/v2\/pages\/8349\/revisions\/14075"}],"wp:attachment":[{"href":"https:\/\/fr.twiza.org\/portail\/wp-json\/wp\/v2\/media?parent=8349"}],"curies":[{"name":"wp","href":"https:\/\/api.w.org\/{rel}","templated":true}]}}