{"id":12705,"date":"2025-05-28T17:02:48","date_gmt":"2025-05-28T15:02:48","guid":{"rendered":"https:\/\/fr.twiza.org\/portail\/?post_type=product&#038;p=12705"},"modified":"2026-01-27T12:02:44","modified_gmt":"2026-01-27T11:02:44","slug":"formation-maconnerie-traditionnelle-reprise-du-bati-ancien","status":"publish","type":"product","link":"https:\/\/fr.twiza.org\/portail\/produit\/formation-maconnerie-traditionnelle-reprise-du-bati-ancien\/","title":{"rendered":"Ma\u00e7onnerie Traditionnelle &#038; Reprise du B\u00e2ti Ancien"},"content":{"rendered":"","protected":false},"excerpt":{"rendered":"<p class=\"ai-optimize-32\" style=\"text-align: center;\">Apprends \u00e0 lire, r\u00e9parer et consolider un mur en pierre de mani\u00e8re traditionnelle\u2026 sans trahir son histoire ni c\u00e9der aux compromis.<\/p>\n<p style=\"text-align: center;\"><span><strong>\ud83d\udcc5 Du 17 au 19 avril 2026, <\/strong>\u00e0 Haussez (76)<\/span><\/p>\n","protected":false},"featured_media":12573,"template":"","meta":{"_eb_attr":"","_themeisle_gutenberg_block_has_review":false},"product_brand":[],"product_cat":[68],"product_tag":[],"class_list":{"0":"post-12705","1":"product","2":"type-product","3":"status-publish","4":"has-post-thumbnail","6":"product_cat-formation","8":"first","9":"instock","10":"virtual","11":"taxable","12":"purchasable","13":"product-type-simple"},"yoast_head":"<!-- This site is optimized with the Yoast SEO Premium plugin v27.2 (Yoast SEO v27.4) - https:\/\/yoast.com\/product\/yoast-seo-premium-wordpress\/ -->\n<title>Ma\u00e7onnerie Traditionnelle &amp; Reprise du B\u00e2ti Ancien | R\u00e9seau Twiza<\/title>\n<meta name=\"robots\" content=\"index, follow, max-snippet:-1, max-image-preview:large, max-video-preview:-1\" \/>\n<link rel=\"canonical\" href=\"https:\/\/fr.twiza.org\/portail\/produit\/formation-maconnerie-traditionnelle-reprise-du-bati-ancien\/\" \/>\n<meta property=\"og:locale\" content=\"fr_FR\" \/>\n<meta property=\"og:type\" content=\"article\" \/>\n<meta property=\"og:title\" content=\"Ma\u00e7onnerie Traditionnelle &amp; Reprise du B\u00e2ti Ancien\" \/>\n<meta property=\"og:description\" content=\"Apprends \u00e0 lire, r\u00e9parer et consolider un mur en pierre de mani\u00e8re traditionnelle\u2026 sans trahir son histoire ni c\u00e9der aux compromis. \ud83d\udcc5 Du 17 au 19 avril 2026, \u00e0 Haussez (76)\" \/>\n<meta property=\"og:url\" content=\"https:\/\/fr.twiza.org\/portail\/produit\/formation-maconnerie-traditionnelle-reprise-du-bati-ancien\/\" \/>\n<meta property=\"og:site_name\" content=\"R\u00e9seau Twiza\" \/>\n<meta property=\"article:publisher\" content=\"https:\/\/fr-fr.facebook.com\/Twiza.fr\/\" \/>\n<meta property=\"article:modified_time\" content=\"2026-01-27T11:02:44+00:00\" \/>\n<meta property=\"og:image\" content=\"https:\/\/fr.twiza.org\/portail\/wp-content\/uploads\/2025\/05\/Maconnerie-Traditionnel-Formation-Johann-Degrave-2-e1749646764342.png\" \/>\n\t<meta property=\"og:image:width\" content=\"348\" \/>\n\t<meta property=\"og:image:height\" content=\"265\" \/>\n\t<meta property=\"og:image:type\" content=\"image\/png\" \/>\n<meta name=\"twitter:card\" content=\"summary_large_image\" \/>\n<script type=\"application\/ld+json\" class=\"yoast-schema-graph\">{\"@context\":\"https:\\\/\\\/schema.org\",\"@graph\":[{\"@type\":\"WebPage\",\"@id\":\"https:\\\/\\\/fr.twiza.org\\\/portail\\\/produit\\\/formation-maconnerie-traditionnelle-reprise-du-bati-ancien\\\/\",\"url\":\"https:\\\/\\\/fr.twiza.org\\\/portail\\\/produit\\\/formation-maconnerie-traditionnelle-reprise-du-bati-ancien\\\/\",\"name\":\"Ma\u00e7onnerie Traditionnelle & Reprise du B\u00e2ti Ancien | R\u00e9seau Twiza\",\"isPartOf\":{\"@id\":\"https:\\\/\\\/fr.twiza.org\\\/portail\\\/#website\"},\"primaryImageOfPage\":{\"@id\":\"https:\\\/\\\/fr.twiza.org\\\/portail\\\/produit\\\/formation-maconnerie-traditionnelle-reprise-du-bati-ancien\\\/#primaryimage\"},\"image\":{\"@id\":\"https:\\\/\\\/fr.twiza.org\\\/portail\\\/produit\\\/formation-maconnerie-traditionnelle-reprise-du-bati-ancien\\\/#primaryimage\"},\"thumbnailUrl\":\"https:\\\/\\\/fr.twiza.org\\\/portail\\\/wp-content\\\/uploads\\\/2025\\\/05\\\/Maconnerie-Traditionnel-Formation-Johann-Degrave-2-e1749646764342.png\",\"datePublished\":\"2025-05-28T15:02:48+00:00\",\"dateModified\":\"2026-01-27T11:02:44+00:00\",\"breadcrumb\":{\"@id\":\"https:\\\/\\\/fr.twiza.org\\\/portail\\\/produit\\\/formation-maconnerie-traditionnelle-reprise-du-bati-ancien\\\/#breadcrumb\"},\"inLanguage\":\"fr-FR\",\"potentialAction\":[{\"@type\":\"ReadAction\",\"target\":[\"https:\\\/\\\/fr.twiza.org\\\/portail\\\/produit\\\/formation-maconnerie-traditionnelle-reprise-du-bati-ancien\\\/\"]}]},{\"@type\":\"ImageObject\",\"inLanguage\":\"fr-FR\",\"@id\":\"https:\\\/\\\/fr.twiza.org\\\/portail\\\/produit\\\/formation-maconnerie-traditionnelle-reprise-du-bati-ancien\\\/#primaryimage\",\"url\":\"https:\\\/\\\/fr.twiza.org\\\/portail\\\/wp-content\\\/uploads\\\/2025\\\/05\\\/Maconnerie-Traditionnel-Formation-Johann-Degrave-2-e1749646764342.png\",\"contentUrl\":\"https:\\\/\\\/fr.twiza.org\\\/portail\\\/wp-content\\\/uploads\\\/2025\\\/05\\\/Maconnerie-Traditionnel-Formation-Johann-Degrave-2-e1749646764342.png\",\"width\":348,\"height\":265,\"caption\":\"Maconnerie Traditionnel Formation\"},{\"@type\":\"BreadcrumbList\",\"@id\":\"https:\\\/\\\/fr.twiza.org\\\/portail\\\/produit\\\/formation-maconnerie-traditionnelle-reprise-du-bati-ancien\\\/#breadcrumb\",\"itemListElement\":[{\"@type\":\"ListItem\",\"position\":1,\"name\":\"Accueil\",\"item\":\"https:\\\/\\\/fr.twiza.org\\\/portail\\\/\"},{\"@type\":\"ListItem\",\"position\":2,\"name\":\"Boutique\",\"item\":\"https:\\\/\\\/fr.twiza.org\\\/portail\\\/boutique\\\/\"},{\"@type\":\"ListItem\",\"position\":3,\"name\":\"Ma\u00e7onnerie Traditionnelle &#038; Reprise du B\u00e2ti Ancien\"}]},{\"@type\":\"WebSite\",\"@id\":\"https:\\\/\\\/fr.twiza.org\\\/portail\\\/#website\",\"url\":\"https:\\\/\\\/fr.twiza.org\\\/portail\\\/\",\"name\":\"R\u00e9seau Twiza\",\"description\":\"Entraide pour un habitat \u00e9cologique, convivial et r\u00e9silient\",\"publisher\":{\"@id\":\"https:\\\/\\\/fr.twiza.org\\\/portail\\\/#organization\"},\"potentialAction\":[{\"@type\":\"SearchAction\",\"target\":{\"@type\":\"EntryPoint\",\"urlTemplate\":\"https:\\\/\\\/fr.twiza.org\\\/portail\\\/?s={search_term_string}\"},\"query-input\":{\"@type\":\"PropertyValueSpecification\",\"valueRequired\":true,\"valueName\":\"search_term_string\"}}],\"inLanguage\":\"fr-FR\"},{\"@type\":\"Organization\",\"@id\":\"https:\\\/\\\/fr.twiza.org\\\/portail\\\/#organization\",\"name\":\"R\u00e9seau Twiza\",\"url\":\"https:\\\/\\\/fr.twiza.org\\\/portail\\\/\",\"logo\":{\"@type\":\"ImageObject\",\"inLanguage\":\"fr-FR\",\"@id\":\"https:\\\/\\\/fr.twiza.org\\\/portail\\\/#\\\/schema\\\/logo\\\/image\\\/\",\"url\":\"https:\\\/\\\/fr.twiza.org\\\/portail\\\/wp-content\\\/uploads\\\/2021\\\/05\\\/cropped-logo-reseau-twiza.jpg\",\"contentUrl\":\"https:\\\/\\\/fr.twiza.org\\\/portail\\\/wp-content\\\/uploads\\\/2021\\\/05\\\/cropped-logo-reseau-twiza.jpg\",\"width\":400,\"height\":102,\"caption\":\"R\u00e9seau Twiza\"},\"image\":{\"@id\":\"https:\\\/\\\/fr.twiza.org\\\/portail\\\/#\\\/schema\\\/logo\\\/image\\\/\"},\"sameAs\":[\"https:\\\/\\\/fr-fr.facebook.com\\\/Twiza.fr\\\/\",\"https:\\\/\\\/www.instagram.com\\\/twiza_fr\\\/\",\"https:\\\/\\\/www.linkedin.com\\\/company\\\/reseautwiza\\\/\"]}]}<\/script>\n<!-- \/ Yoast SEO Premium plugin. -->","yoast_head_json":{"title":"Ma\u00e7onnerie Traditionnelle & Reprise du B\u00e2ti Ancien | R\u00e9seau Twiza","robots":{"index":"index","follow":"follow","max-snippet":"max-snippet:-1","max-image-preview":"max-image-preview:large","max-video-preview":"max-video-preview:-1"},"canonical":"https:\/\/fr.twiza.org\/portail\/produit\/formation-maconnerie-traditionnelle-reprise-du-bati-ancien\/","og_locale":"fr_FR","og_type":"article","og_title":"Ma\u00e7onnerie Traditionnelle & Reprise du B\u00e2ti Ancien","og_description":"Apprends \u00e0 lire, r\u00e9parer et consolider un mur en pierre de mani\u00e8re traditionnelle\u2026 sans trahir son histoire ni c\u00e9der aux compromis. \ud83d\udcc5 Du 17 au 19 avril 2026, \u00e0 Haussez (76)","og_url":"https:\/\/fr.twiza.org\/portail\/produit\/formation-maconnerie-traditionnelle-reprise-du-bati-ancien\/","og_site_name":"R\u00e9seau Twiza","article_publisher":"https:\/\/fr-fr.facebook.com\/Twiza.fr\/","article_modified_time":"2026-01-27T11:02:44+00:00","og_image":[{"width":348,"height":265,"url":"https:\/\/fr.twiza.org\/portail\/wp-content\/uploads\/2025\/05\/Maconnerie-Traditionnel-Formation-Johann-Degrave-2-e1749646764342.png","type":"image\/png"}],"twitter_card":"summary_large_image","schema":{"@context":"https:\/\/schema.org","@graph":[{"@type":"WebPage","@id":"https:\/\/fr.twiza.org\/portail\/produit\/formation-maconnerie-traditionnelle-reprise-du-bati-ancien\/","url":"https:\/\/fr.twiza.org\/portail\/produit\/formation-maconnerie-traditionnelle-reprise-du-bati-ancien\/","name":"Ma\u00e7onnerie Traditionnelle & Reprise du B\u00e2ti Ancien | R\u00e9seau Twiza","isPartOf":{"@id":"https:\/\/fr.twiza.org\/portail\/#website"},"primaryImageOfPage":{"@id":"https:\/\/fr.twiza.org\/portail\/produit\/formation-maconnerie-traditionnelle-reprise-du-bati-ancien\/#primaryimage"},"image":{"@id":"https:\/\/fr.twiza.org\/portail\/produit\/formation-maconnerie-traditionnelle-reprise-du-bati-ancien\/#primaryimage"},"thumbnailUrl":"https:\/\/fr.twiza.org\/portail\/wp-content\/uploads\/2025\/05\/Maconnerie-Traditionnel-Formation-Johann-Degrave-2-e1749646764342.png","datePublished":"2025-05-28T15:02:48+00:00","dateModified":"2026-01-27T11:02:44+00:00","breadcrumb":{"@id":"https:\/\/fr.twiza.org\/portail\/produit\/formation-maconnerie-traditionnelle-reprise-du-bati-ancien\/#breadcrumb"},"inLanguage":"fr-FR","potentialAction":[{"@type":"ReadAction","target":["https:\/\/fr.twiza.org\/portail\/produit\/formation-maconnerie-traditionnelle-reprise-du-bati-ancien\/"]}]},{"@type":"ImageObject","inLanguage":"fr-FR","@id":"https:\/\/fr.twiza.org\/portail\/produit\/formation-maconnerie-traditionnelle-reprise-du-bati-ancien\/#primaryimage","url":"https:\/\/fr.twiza.org\/portail\/wp-content\/uploads\/2025\/05\/Maconnerie-Traditionnel-Formation-Johann-Degrave-2-e1749646764342.png","contentUrl":"https:\/\/fr.twiza.org\/portail\/wp-content\/uploads\/2025\/05\/Maconnerie-Traditionnel-Formation-Johann-Degrave-2-e1749646764342.png","width":348,"height":265,"caption":"Maconnerie Traditionnel Formation"},{"@type":"BreadcrumbList","@id":"https:\/\/fr.twiza.org\/portail\/produit\/formation-maconnerie-traditionnelle-reprise-du-bati-ancien\/#breadcrumb","itemListElement":[{"@type":"ListItem","position":1,"name":"Accueil","item":"https:\/\/fr.twiza.org\/portail\/"},{"@type":"ListItem","position":2,"name":"Boutique","item":"https:\/\/fr.twiza.org\/portail\/boutique\/"},{"@type":"ListItem","position":3,"name":"Ma\u00e7onnerie Traditionnelle &#038; Reprise du B\u00e2ti Ancien"}]},{"@type":"WebSite","@id":"https:\/\/fr.twiza.org\/portail\/#website","url":"https:\/\/fr.twiza.org\/portail\/","name":"R\u00e9seau Twiza","description":"Entraide pour un habitat \u00e9cologique, convivial et r\u00e9silient","publisher":{"@id":"https:\/\/fr.twiza.org\/portail\/#organization"},"potentialAction":[{"@type":"SearchAction","target":{"@type":"EntryPoint","urlTemplate":"https:\/\/fr.twiza.org\/portail\/?s={search_term_string}"},"query-input":{"@type":"PropertyValueSpecification","valueRequired":true,"valueName":"search_term_string"}}],"inLanguage":"fr-FR"},{"@type":"Organization","@id":"https:\/\/fr.twiza.org\/portail\/#organization","name":"R\u00e9seau Twiza","url":"https:\/\/fr.twiza.org\/portail\/","logo":{"@type":"ImageObject","inLanguage":"fr-FR","@id":"https:\/\/fr.twiza.org\/portail\/#\/schema\/logo\/image\/","url":"https:\/\/fr.twiza.org\/portail\/wp-content\/uploads\/2021\/05\/cropped-logo-reseau-twiza.jpg","contentUrl":"https:\/\/fr.twiza.org\/portail\/wp-content\/uploads\/2021\/05\/cropped-logo-reseau-twiza.jpg","width":400,"height":102,"caption":"R\u00e9seau Twiza"},"image":{"@id":"https:\/\/fr.twiza.org\/portail\/#\/schema\/logo\/image\/"},"sameAs":["https:\/\/fr-fr.facebook.com\/Twiza.fr\/","https:\/\/www.instagram.com\/twiza_fr\/","https:\/\/www.linkedin.com\/company\/reseautwiza\/"]}]}},"jetpack_sharing_enabled":true,"_links":{"self":[{"href":"https:\/\/fr.twiza.org\/portail\/wp-json\/wp\/v2\/product\/12705","targetHints":{"allow":["GET"]}}],"collection":[{"href":"https:\/\/fr.twiza.org\/portail\/wp-json\/wp\/v2\/product"}],"about":[{"href":"https:\/\/fr.twiza.org\/portail\/wp-json\/wp\/v2\/types\/product"}],"wp:featuredmedia":[{"embeddable":true,"href":"https:\/\/fr.twiza.org\/portail\/wp-json\/wp\/v2\/media\/12573"}],"wp:attachment":[{"href":"https:\/\/fr.twiza.org\/portail\/wp-json\/wp\/v2\/media?parent=12705"}],"wp:term":[{"taxonomy":"product_brand","embeddable":true,"href":"https:\/\/fr.twiza.org\/portail\/wp-json\/wp\/v2\/product_brand?post=12705"},{"taxonomy":"product_cat","embeddable":true,"href":"https:\/\/fr.twiza.org\/portail\/wp-json\/wp\/v2\/product_cat?post=12705"},{"taxonomy":"product_tag","embeddable":true,"href":"https:\/\/fr.twiza.org\/portail\/wp-json\/wp\/v2\/product_tag?post=12705"}],"curies":[{"name":"wp","href":"https:\/\/api.w.org\/{rel}","templated":true}]}}