{"id":12765,"date":"2025-06-11T14:12:25","date_gmt":"2025-06-11T12:12:25","guid":{"rendered":"https:\/\/fr.twiza.org\/portail\/?post_type=product&#038;p=12765"},"modified":"2026-04-10T11:52:09","modified_gmt":"2026-04-10T09:52:09","slug":"renovation-ecologique-globale","status":"publish","type":"product","link":"https:\/\/fr.twiza.org\/portail\/produit\/renovation-ecologique-globale\/","title":{"rendered":"Concevoir et Entreprendre sa R\u00e9novation \u00c9cologique"},"content":{"rendered":"","protected":false},"excerpt":{"rendered":"<p class=\"ai-optimize-32\" style=\"text-align: center;\">4 jours pour transformer ton r\u00eave flou en projet structur\u00e9 et r\u00e9alisable<\/p>\n<p style=\"text-align: center;\"><strong>\ud83d\udcc5 <b>du 31 juillet au 03 aout 2026 <\/b><\/strong>(ou du 11 au 15 novembre 2026)<\/p>\n<p style=\"text-align: center;\">\u00e0 Gent\u00e9 en Charente (16)<\/p>\n","protected":false},"featured_media":12743,"template":"","meta":{"_eb_attr":"","_themeisle_gutenberg_block_has_review":false},"product_brand":[],"product_cat":[68],"product_tag":[],"class_list":{"0":"post-12765","1":"product","2":"type-product","3":"status-publish","4":"has-post-thumbnail","6":"product_cat-formation","8":"first","9":"instock","10":"virtual","11":"taxable","12":"purchasable","13":"product-type-simple"},"yoast_head":"<!-- This site is optimized with the Yoast SEO Premium plugin v27.2 (Yoast SEO v27.4) - https:\/\/yoast.com\/product\/yoast-seo-premium-wordpress\/ -->\n<title>Concevoir et Entreprendre sa R\u00e9novation \u00c9cologique | R\u00e9seau Twiza<\/title>\n<meta name=\"description\" content=\"Transformez votre projet flou en plan de r\u00e9novation \u00e9cologique structur\u00e9. Formation 3 jours avec des experts du b\u00e2ti ancien.\" \/>\n<meta name=\"robots\" content=\"index, follow, max-snippet:-1, max-image-preview:large, max-video-preview:-1\" \/>\n<link rel=\"canonical\" href=\"https:\/\/fr.twiza.org\/portail\/produit\/renovation-ecologique-globale\/\" \/>\n<meta property=\"og:locale\" content=\"fr_FR\" \/>\n<meta property=\"og:type\" content=\"article\" \/>\n<meta property=\"og:title\" content=\"Concevoir et Entreprendre sa R\u00e9novation \u00c9cologique\" \/>\n<meta property=\"og:description\" content=\"Transformez votre projet flou en plan de r\u00e9novation \u00e9cologique structur\u00e9. Formation 3 jours avec des experts du b\u00e2ti ancien.\" \/>\n<meta property=\"og:url\" content=\"https:\/\/fr.twiza.org\/portail\/produit\/renovation-ecologique-globale\/\" \/>\n<meta property=\"og:site_name\" content=\"R\u00e9seau Twiza\" \/>\n<meta property=\"article:publisher\" content=\"https:\/\/fr-fr.facebook.com\/Twiza.fr\/\" \/>\n<meta property=\"article:modified_time\" content=\"2026-04-10T09:52:09+00:00\" \/>\n<meta property=\"og:image\" content=\"https:\/\/fr.twiza.org\/portail\/wp-content\/uploads\/2025\/06\/Formation-twiza-renovation-Alain-Joly_5-1024x572.png\" \/>\n\t<meta property=\"og:image:width\" content=\"1024\" \/>\n\t<meta property=\"og:image:height\" content=\"572\" \/>\n\t<meta property=\"og:image:type\" content=\"image\/png\" \/>\n<meta name=\"twitter:card\" content=\"summary_large_image\" \/>\n<script type=\"application\/ld+json\" class=\"yoast-schema-graph\">{\"@context\":\"https:\\\/\\\/schema.org\",\"@graph\":[{\"@type\":\"WebPage\",\"@id\":\"https:\\\/\\\/fr.twiza.org\\\/portail\\\/produit\\\/renovation-ecologique-globale\\\/\",\"url\":\"https:\\\/\\\/fr.twiza.org\\\/portail\\\/produit\\\/renovation-ecologique-globale\\\/\",\"name\":\"Concevoir et Entreprendre sa R\u00e9novation \u00c9cologique | R\u00e9seau Twiza\",\"isPartOf\":{\"@id\":\"https:\\\/\\\/fr.twiza.org\\\/portail\\\/#website\"},\"primaryImageOfPage\":{\"@id\":\"https:\\\/\\\/fr.twiza.org\\\/portail\\\/produit\\\/renovation-ecologique-globale\\\/#primaryimage\"},\"image\":{\"@id\":\"https:\\\/\\\/fr.twiza.org\\\/portail\\\/produit\\\/renovation-ecologique-globale\\\/#primaryimage\"},\"thumbnailUrl\":\"https:\\\/\\\/fr.twiza.org\\\/portail\\\/wp-content\\\/uploads\\\/2025\\\/06\\\/Formation-twiza-renovation-Alain-Joly_5.png\",\"datePublished\":\"2025-06-11T12:12:25+00:00\",\"dateModified\":\"2026-04-10T09:52:09+00:00\",\"description\":\"Transformez votre projet flou en plan de r\u00e9novation \u00e9cologique structur\u00e9. Formation 3 jours avec des experts du b\u00e2ti ancien.\",\"breadcrumb\":{\"@id\":\"https:\\\/\\\/fr.twiza.org\\\/portail\\\/produit\\\/renovation-ecologique-globale\\\/#breadcrumb\"},\"inLanguage\":\"fr-FR\",\"potentialAction\":[{\"@type\":\"ReadAction\",\"target\":[\"https:\\\/\\\/fr.twiza.org\\\/portail\\\/produit\\\/renovation-ecologique-globale\\\/\"]}]},{\"@type\":\"ImageObject\",\"inLanguage\":\"fr-FR\",\"@id\":\"https:\\\/\\\/fr.twiza.org\\\/portail\\\/produit\\\/renovation-ecologique-globale\\\/#primaryimage\",\"url\":\"https:\\\/\\\/fr.twiza.org\\\/portail\\\/wp-content\\\/uploads\\\/2025\\\/06\\\/Formation-twiza-renovation-Alain-Joly_5.png\",\"contentUrl\":\"https:\\\/\\\/fr.twiza.org\\\/portail\\\/wp-content\\\/uploads\\\/2025\\\/06\\\/Formation-twiza-renovation-Alain-Joly_5.png\",\"width\":2114,\"height\":1180},{\"@type\":\"BreadcrumbList\",\"@id\":\"https:\\\/\\\/fr.twiza.org\\\/portail\\\/produit\\\/renovation-ecologique-globale\\\/#breadcrumb\",\"itemListElement\":[{\"@type\":\"ListItem\",\"position\":1,\"name\":\"Accueil\",\"item\":\"https:\\\/\\\/fr.twiza.org\\\/portail\\\/\"},{\"@type\":\"ListItem\",\"position\":2,\"name\":\"Boutique\",\"item\":\"https:\\\/\\\/fr.twiza.org\\\/portail\\\/boutique\\\/\"},{\"@type\":\"ListItem\",\"position\":3,\"name\":\"Concevoir et Entreprendre sa R\u00e9novation \u00c9cologique\"}]},{\"@type\":\"WebSite\",\"@id\":\"https:\\\/\\\/fr.twiza.org\\\/portail\\\/#website\",\"url\":\"https:\\\/\\\/fr.twiza.org\\\/portail\\\/\",\"name\":\"R\u00e9seau Twiza\",\"description\":\"Entraide pour un habitat \u00e9cologique, convivial et r\u00e9silient\",\"publisher\":{\"@id\":\"https:\\\/\\\/fr.twiza.org\\\/portail\\\/#organization\"},\"potentialAction\":[{\"@type\":\"SearchAction\",\"target\":{\"@type\":\"EntryPoint\",\"urlTemplate\":\"https:\\\/\\\/fr.twiza.org\\\/portail\\\/?s={search_term_string}\"},\"query-input\":{\"@type\":\"PropertyValueSpecification\",\"valueRequired\":true,\"valueName\":\"search_term_string\"}}],\"inLanguage\":\"fr-FR\"},{\"@type\":\"Organization\",\"@id\":\"https:\\\/\\\/fr.twiza.org\\\/portail\\\/#organization\",\"name\":\"R\u00e9seau Twiza\",\"url\":\"https:\\\/\\\/fr.twiza.org\\\/portail\\\/\",\"logo\":{\"@type\":\"ImageObject\",\"inLanguage\":\"fr-FR\",\"@id\":\"https:\\\/\\\/fr.twiza.org\\\/portail\\\/#\\\/schema\\\/logo\\\/image\\\/\",\"url\":\"https:\\\/\\\/fr.twiza.org\\\/portail\\\/wp-content\\\/uploads\\\/2021\\\/05\\\/cropped-logo-reseau-twiza.jpg\",\"contentUrl\":\"https:\\\/\\\/fr.twiza.org\\\/portail\\\/wp-content\\\/uploads\\\/2021\\\/05\\\/cropped-logo-reseau-twiza.jpg\",\"width\":400,\"height\":102,\"caption\":\"R\u00e9seau Twiza\"},\"image\":{\"@id\":\"https:\\\/\\\/fr.twiza.org\\\/portail\\\/#\\\/schema\\\/logo\\\/image\\\/\"},\"sameAs\":[\"https:\\\/\\\/fr-fr.facebook.com\\\/Twiza.fr\\\/\",\"https:\\\/\\\/www.instagram.com\\\/twiza_fr\\\/\",\"https:\\\/\\\/www.linkedin.com\\\/company\\\/reseautwiza\\\/\"]}]}<\/script>\n<!-- \/ Yoast SEO Premium plugin. -->","yoast_head_json":{"title":"Concevoir et Entreprendre sa R\u00e9novation \u00c9cologique | R\u00e9seau Twiza","description":"Transformez votre projet flou en plan de r\u00e9novation \u00e9cologique structur\u00e9. Formation 3 jours avec des experts du b\u00e2ti ancien.","robots":{"index":"index","follow":"follow","max-snippet":"max-snippet:-1","max-image-preview":"max-image-preview:large","max-video-preview":"max-video-preview:-1"},"canonical":"https:\/\/fr.twiza.org\/portail\/produit\/renovation-ecologique-globale\/","og_locale":"fr_FR","og_type":"article","og_title":"Concevoir et Entreprendre sa R\u00e9novation \u00c9cologique","og_description":"Transformez votre projet flou en plan de r\u00e9novation \u00e9cologique structur\u00e9. Formation 3 jours avec des experts du b\u00e2ti ancien.","og_url":"https:\/\/fr.twiza.org\/portail\/produit\/renovation-ecologique-globale\/","og_site_name":"R\u00e9seau Twiza","article_publisher":"https:\/\/fr-fr.facebook.com\/Twiza.fr\/","article_modified_time":"2026-04-10T09:52:09+00:00","og_image":[{"width":1024,"height":572,"url":"https:\/\/fr.twiza.org\/portail\/wp-content\/uploads\/2025\/06\/Formation-twiza-renovation-Alain-Joly_5-1024x572.png","type":"image\/png"}],"twitter_card":"summary_large_image","schema":{"@context":"https:\/\/schema.org","@graph":[{"@type":"WebPage","@id":"https:\/\/fr.twiza.org\/portail\/produit\/renovation-ecologique-globale\/","url":"https:\/\/fr.twiza.org\/portail\/produit\/renovation-ecologique-globale\/","name":"Concevoir et Entreprendre sa R\u00e9novation \u00c9cologique | R\u00e9seau Twiza","isPartOf":{"@id":"https:\/\/fr.twiza.org\/portail\/#website"},"primaryImageOfPage":{"@id":"https:\/\/fr.twiza.org\/portail\/produit\/renovation-ecologique-globale\/#primaryimage"},"image":{"@id":"https:\/\/fr.twiza.org\/portail\/produit\/renovation-ecologique-globale\/#primaryimage"},"thumbnailUrl":"https:\/\/fr.twiza.org\/portail\/wp-content\/uploads\/2025\/06\/Formation-twiza-renovation-Alain-Joly_5.png","datePublished":"2025-06-11T12:12:25+00:00","dateModified":"2026-04-10T09:52:09+00:00","description":"Transformez votre projet flou en plan de r\u00e9novation \u00e9cologique structur\u00e9. Formation 3 jours avec des experts du b\u00e2ti ancien.","breadcrumb":{"@id":"https:\/\/fr.twiza.org\/portail\/produit\/renovation-ecologique-globale\/#breadcrumb"},"inLanguage":"fr-FR","potentialAction":[{"@type":"ReadAction","target":["https:\/\/fr.twiza.org\/portail\/produit\/renovation-ecologique-globale\/"]}]},{"@type":"ImageObject","inLanguage":"fr-FR","@id":"https:\/\/fr.twiza.org\/portail\/produit\/renovation-ecologique-globale\/#primaryimage","url":"https:\/\/fr.twiza.org\/portail\/wp-content\/uploads\/2025\/06\/Formation-twiza-renovation-Alain-Joly_5.png","contentUrl":"https:\/\/fr.twiza.org\/portail\/wp-content\/uploads\/2025\/06\/Formation-twiza-renovation-Alain-Joly_5.png","width":2114,"height":1180},{"@type":"BreadcrumbList","@id":"https:\/\/fr.twiza.org\/portail\/produit\/renovation-ecologique-globale\/#breadcrumb","itemListElement":[{"@type":"ListItem","position":1,"name":"Accueil","item":"https:\/\/fr.twiza.org\/portail\/"},{"@type":"ListItem","position":2,"name":"Boutique","item":"https:\/\/fr.twiza.org\/portail\/boutique\/"},{"@type":"ListItem","position":3,"name":"Concevoir et Entreprendre sa R\u00e9novation \u00c9cologique"}]},{"@type":"WebSite","@id":"https:\/\/fr.twiza.org\/portail\/#website","url":"https:\/\/fr.twiza.org\/portail\/","name":"R\u00e9seau Twiza","description":"Entraide pour un habitat \u00e9cologique, convivial et r\u00e9silient","publisher":{"@id":"https:\/\/fr.twiza.org\/portail\/#organization"},"potentialAction":[{"@type":"SearchAction","target":{"@type":"EntryPoint","urlTemplate":"https:\/\/fr.twiza.org\/portail\/?s={search_term_string}"},"query-input":{"@type":"PropertyValueSpecification","valueRequired":true,"valueName":"search_term_string"}}],"inLanguage":"fr-FR"},{"@type":"Organization","@id":"https:\/\/fr.twiza.org\/portail\/#organization","name":"R\u00e9seau Twiza","url":"https:\/\/fr.twiza.org\/portail\/","logo":{"@type":"ImageObject","inLanguage":"fr-FR","@id":"https:\/\/fr.twiza.org\/portail\/#\/schema\/logo\/image\/","url":"https:\/\/fr.twiza.org\/portail\/wp-content\/uploads\/2021\/05\/cropped-logo-reseau-twiza.jpg","contentUrl":"https:\/\/fr.twiza.org\/portail\/wp-content\/uploads\/2021\/05\/cropped-logo-reseau-twiza.jpg","width":400,"height":102,"caption":"R\u00e9seau Twiza"},"image":{"@id":"https:\/\/fr.twiza.org\/portail\/#\/schema\/logo\/image\/"},"sameAs":["https:\/\/fr-fr.facebook.com\/Twiza.fr\/","https:\/\/www.instagram.com\/twiza_fr\/","https:\/\/www.linkedin.com\/company\/reseautwiza\/"]}]}},"jetpack_sharing_enabled":true,"_links":{"self":[{"href":"https:\/\/fr.twiza.org\/portail\/wp-json\/wp\/v2\/product\/12765","targetHints":{"allow":["GET"]}}],"collection":[{"href":"https:\/\/fr.twiza.org\/portail\/wp-json\/wp\/v2\/product"}],"about":[{"href":"https:\/\/fr.twiza.org\/portail\/wp-json\/wp\/v2\/types\/product"}],"wp:featuredmedia":[{"embeddable":true,"href":"https:\/\/fr.twiza.org\/portail\/wp-json\/wp\/v2\/media\/12743"}],"wp:attachment":[{"href":"https:\/\/fr.twiza.org\/portail\/wp-json\/wp\/v2\/media?parent=12765"}],"wp:term":[{"taxonomy":"product_brand","embeddable":true,"href":"https:\/\/fr.twiza.org\/portail\/wp-json\/wp\/v2\/product_brand?post=12765"},{"taxonomy":"product_cat","embeddable":true,"href":"https:\/\/fr.twiza.org\/portail\/wp-json\/wp\/v2\/product_cat?post=12765"},{"taxonomy":"product_tag","embeddable":true,"href":"https:\/\/fr.twiza.org\/portail\/wp-json\/wp\/v2\/product_tag?post=12765"}],"curies":[{"name":"wp","href":"https:\/\/api.w.org\/{rel}","templated":true}]}}