{"id":13274,"date":"2025-07-17T15:57:45","date_gmt":"2025-07-17T13:57:45","guid":{"rendered":"https:\/\/fr.twiza.org\/portail\/?post_type=product&#038;p=13274"},"modified":"2026-01-21T10:47:07","modified_gmt":"2026-01-21T09:47:07","slug":"enduits-et-joints-a-la-chaux","status":"publish","type":"product","link":"https:\/\/fr.twiza.org\/portail\/produit\/enduits-et-joints-a-la-chaux\/","title":{"rendered":"Formation Enduits et Joints \u00e0 la Chaux"},"content":{"rendered":"","protected":false},"excerpt":{"rendered":"<p style=\"text-align: center;\">Apprends l&rsquo;art de la restauration et de la mise en valeur des vieux murs dans un cadre exceptionnel.<\/p>\n<p style=\"text-align: center;\"><span>\ud83d\udcc5\u00a0<\/span><strong>Du 16 au 18 mars 2026<\/strong><span>\u00a0\u2022\u00a0<\/span><strong>2,5 jours d\u00e9couverte<\/strong><br \/>\n\u00e0 Saint-Bazile-de-la-Roche (19)<\/p>\n","protected":false},"featured_media":12503,"template":"","meta":{"_eb_attr":"","_themeisle_gutenberg_block_has_review":false},"product_brand":[],"product_cat":[68],"product_tag":[],"class_list":{"0":"post-13274","1":"product","2":"type-product","3":"status-publish","4":"has-post-thumbnail","6":"product_cat-formation","8":"first","9":"instock","10":"virtual","11":"taxable","12":"purchasable","13":"product-type-simple"},"yoast_head":"<!-- This site is optimized with the Yoast SEO Premium plugin v27.2 (Yoast SEO v27.4) - https:\/\/yoast.com\/product\/yoast-seo-premium-wordpress\/ -->\n<title>Formation Enduits et Joints \u00e0 la Chaux | R\u00e9seau Twiza<\/title>\n<meta name=\"description\" content=\"Formation Enduits et Joints \u00e0 la Chaux : d\u00e9couvrez les techniques ancestrales de restauration du b\u00e2ti ancien. Chaux naturelle, supports traditionnels, finitions authentiques.\" \/>\n<meta name=\"robots\" content=\"index, follow, max-snippet:-1, max-image-preview:large, max-video-preview:-1\" \/>\n<link rel=\"canonical\" href=\"https:\/\/fr.twiza.org\/portail\/produit\/enduits-et-joints-a-la-chaux\/\" \/>\n<meta property=\"og:locale\" content=\"fr_FR\" \/>\n<meta property=\"og:type\" content=\"article\" \/>\n<meta property=\"og:title\" content=\"Formation Enduits et Joints \u00e0 la Chaux\" \/>\n<meta property=\"og:description\" content=\"Formation Enduits et Joints \u00e0 la Chaux : d\u00e9couvrez les techniques ancestrales de restauration du b\u00e2ti ancien. Chaux naturelle, supports traditionnels, finitions authentiques.\" \/>\n<meta property=\"og:url\" content=\"https:\/\/fr.twiza.org\/portail\/produit\/enduits-et-joints-a-la-chaux\/\" \/>\n<meta property=\"og:site_name\" content=\"R\u00e9seau Twiza\" \/>\n<meta property=\"article:publisher\" content=\"https:\/\/fr-fr.facebook.com\/Twiza.fr\/\" \/>\n<meta property=\"article:modified_time\" content=\"2026-01-21T09:47:07+00:00\" \/>\n<meta property=\"og:image\" content=\"https:\/\/fr.twiza.org\/portail\/wp-content\/uploads\/2025\/05\/maconnerie-Formation-Twiza-IMG_20240411_115900.jpg\" \/>\n\t<meta property=\"og:image:width\" content=\"640\" \/>\n\t<meta property=\"og:image:height\" content=\"480\" \/>\n\t<meta property=\"og:image:type\" content=\"image\/jpeg\" \/>\n<meta name=\"twitter:card\" content=\"summary_large_image\" \/>\n<script type=\"application\/ld+json\" class=\"yoast-schema-graph\">{\"@context\":\"https:\\\/\\\/schema.org\",\"@graph\":[{\"@type\":\"WebPage\",\"@id\":\"https:\\\/\\\/fr.twiza.org\\\/portail\\\/produit\\\/enduits-et-joints-a-la-chaux\\\/\",\"url\":\"https:\\\/\\\/fr.twiza.org\\\/portail\\\/produit\\\/enduits-et-joints-a-la-chaux\\\/\",\"name\":\"Formation Enduits et Joints \u00e0 la Chaux | R\u00e9seau Twiza\",\"isPartOf\":{\"@id\":\"https:\\\/\\\/fr.twiza.org\\\/portail\\\/#website\"},\"primaryImageOfPage\":{\"@id\":\"https:\\\/\\\/fr.twiza.org\\\/portail\\\/produit\\\/enduits-et-joints-a-la-chaux\\\/#primaryimage\"},\"image\":{\"@id\":\"https:\\\/\\\/fr.twiza.org\\\/portail\\\/produit\\\/enduits-et-joints-a-la-chaux\\\/#primaryimage\"},\"thumbnailUrl\":\"https:\\\/\\\/fr.twiza.org\\\/portail\\\/wp-content\\\/uploads\\\/2025\\\/05\\\/maconnerie-Formation-Twiza-IMG_20240411_115900.jpg\",\"datePublished\":\"2025-07-17T13:57:45+00:00\",\"dateModified\":\"2026-01-21T09:47:07+00:00\",\"description\":\"Formation Enduits et Joints \u00e0 la Chaux : d\u00e9couvrez les techniques ancestrales de restauration du b\u00e2ti ancien. Chaux naturelle, supports traditionnels, finitions authentiques.\",\"breadcrumb\":{\"@id\":\"https:\\\/\\\/fr.twiza.org\\\/portail\\\/produit\\\/enduits-et-joints-a-la-chaux\\\/#breadcrumb\"},\"inLanguage\":\"fr-FR\",\"potentialAction\":[{\"@type\":\"ReadAction\",\"target\":[\"https:\\\/\\\/fr.twiza.org\\\/portail\\\/produit\\\/enduits-et-joints-a-la-chaux\\\/\"]}]},{\"@type\":\"ImageObject\",\"inLanguage\":\"fr-FR\",\"@id\":\"https:\\\/\\\/fr.twiza.org\\\/portail\\\/produit\\\/enduits-et-joints-a-la-chaux\\\/#primaryimage\",\"url\":\"https:\\\/\\\/fr.twiza.org\\\/portail\\\/wp-content\\\/uploads\\\/2025\\\/05\\\/maconnerie-Formation-Twiza-IMG_20240411_115900.jpg\",\"contentUrl\":\"https:\\\/\\\/fr.twiza.org\\\/portail\\\/wp-content\\\/uploads\\\/2025\\\/05\\\/maconnerie-Formation-Twiza-IMG_20240411_115900.jpg\",\"width\":640,\"height\":480},{\"@type\":\"BreadcrumbList\",\"@id\":\"https:\\\/\\\/fr.twiza.org\\\/portail\\\/produit\\\/enduits-et-joints-a-la-chaux\\\/#breadcrumb\",\"itemListElement\":[{\"@type\":\"ListItem\",\"position\":1,\"name\":\"Accueil\",\"item\":\"https:\\\/\\\/fr.twiza.org\\\/portail\\\/\"},{\"@type\":\"ListItem\",\"position\":2,\"name\":\"Boutique\",\"item\":\"https:\\\/\\\/fr.twiza.org\\\/portail\\\/boutique\\\/\"},{\"@type\":\"ListItem\",\"position\":3,\"name\":\"Formation Enduits et Joints \u00e0 la Chaux\"}]},{\"@type\":\"WebSite\",\"@id\":\"https:\\\/\\\/fr.twiza.org\\\/portail\\\/#website\",\"url\":\"https:\\\/\\\/fr.twiza.org\\\/portail\\\/\",\"name\":\"R\u00e9seau Twiza\",\"description\":\"Entraide pour un habitat \u00e9cologique, convivial et r\u00e9silient\",\"publisher\":{\"@id\":\"https:\\\/\\\/fr.twiza.org\\\/portail\\\/#organization\"},\"potentialAction\":[{\"@type\":\"SearchAction\",\"target\":{\"@type\":\"EntryPoint\",\"urlTemplate\":\"https:\\\/\\\/fr.twiza.org\\\/portail\\\/?s={search_term_string}\"},\"query-input\":{\"@type\":\"PropertyValueSpecification\",\"valueRequired\":true,\"valueName\":\"search_term_string\"}}],\"inLanguage\":\"fr-FR\"},{\"@type\":\"Organization\",\"@id\":\"https:\\\/\\\/fr.twiza.org\\\/portail\\\/#organization\",\"name\":\"R\u00e9seau Twiza\",\"url\":\"https:\\\/\\\/fr.twiza.org\\\/portail\\\/\",\"logo\":{\"@type\":\"ImageObject\",\"inLanguage\":\"fr-FR\",\"@id\":\"https:\\\/\\\/fr.twiza.org\\\/portail\\\/#\\\/schema\\\/logo\\\/image\\\/\",\"url\":\"https:\\\/\\\/fr.twiza.org\\\/portail\\\/wp-content\\\/uploads\\\/2021\\\/05\\\/cropped-logo-reseau-twiza.jpg\",\"contentUrl\":\"https:\\\/\\\/fr.twiza.org\\\/portail\\\/wp-content\\\/uploads\\\/2021\\\/05\\\/cropped-logo-reseau-twiza.jpg\",\"width\":400,\"height\":102,\"caption\":\"R\u00e9seau Twiza\"},\"image\":{\"@id\":\"https:\\\/\\\/fr.twiza.org\\\/portail\\\/#\\\/schema\\\/logo\\\/image\\\/\"},\"sameAs\":[\"https:\\\/\\\/fr-fr.facebook.com\\\/Twiza.fr\\\/\",\"https:\\\/\\\/www.instagram.com\\\/twiza_fr\\\/\",\"https:\\\/\\\/www.linkedin.com\\\/company\\\/reseautwiza\\\/\"]}]}<\/script>\n<!-- \/ Yoast SEO Premium plugin. -->","yoast_head_json":{"title":"Formation Enduits et Joints \u00e0 la Chaux | R\u00e9seau Twiza","description":"Formation Enduits et Joints \u00e0 la Chaux : d\u00e9couvrez les techniques ancestrales de restauration du b\u00e2ti ancien. Chaux naturelle, supports traditionnels, finitions authentiques.","robots":{"index":"index","follow":"follow","max-snippet":"max-snippet:-1","max-image-preview":"max-image-preview:large","max-video-preview":"max-video-preview:-1"},"canonical":"https:\/\/fr.twiza.org\/portail\/produit\/enduits-et-joints-a-la-chaux\/","og_locale":"fr_FR","og_type":"article","og_title":"Formation Enduits et Joints \u00e0 la Chaux","og_description":"Formation Enduits et Joints \u00e0 la Chaux : d\u00e9couvrez les techniques ancestrales de restauration du b\u00e2ti ancien. Chaux naturelle, supports traditionnels, finitions authentiques.","og_url":"https:\/\/fr.twiza.org\/portail\/produit\/enduits-et-joints-a-la-chaux\/","og_site_name":"R\u00e9seau Twiza","article_publisher":"https:\/\/fr-fr.facebook.com\/Twiza.fr\/","article_modified_time":"2026-01-21T09:47:07+00:00","og_image":[{"width":640,"height":480,"url":"https:\/\/fr.twiza.org\/portail\/wp-content\/uploads\/2025\/05\/maconnerie-Formation-Twiza-IMG_20240411_115900.jpg","type":"image\/jpeg"}],"twitter_card":"summary_large_image","schema":{"@context":"https:\/\/schema.org","@graph":[{"@type":"WebPage","@id":"https:\/\/fr.twiza.org\/portail\/produit\/enduits-et-joints-a-la-chaux\/","url":"https:\/\/fr.twiza.org\/portail\/produit\/enduits-et-joints-a-la-chaux\/","name":"Formation Enduits et Joints \u00e0 la Chaux | R\u00e9seau Twiza","isPartOf":{"@id":"https:\/\/fr.twiza.org\/portail\/#website"},"primaryImageOfPage":{"@id":"https:\/\/fr.twiza.org\/portail\/produit\/enduits-et-joints-a-la-chaux\/#primaryimage"},"image":{"@id":"https:\/\/fr.twiza.org\/portail\/produit\/enduits-et-joints-a-la-chaux\/#primaryimage"},"thumbnailUrl":"https:\/\/fr.twiza.org\/portail\/wp-content\/uploads\/2025\/05\/maconnerie-Formation-Twiza-IMG_20240411_115900.jpg","datePublished":"2025-07-17T13:57:45+00:00","dateModified":"2026-01-21T09:47:07+00:00","description":"Formation Enduits et Joints \u00e0 la Chaux : d\u00e9couvrez les techniques ancestrales de restauration du b\u00e2ti ancien. Chaux naturelle, supports traditionnels, finitions authentiques.","breadcrumb":{"@id":"https:\/\/fr.twiza.org\/portail\/produit\/enduits-et-joints-a-la-chaux\/#breadcrumb"},"inLanguage":"fr-FR","potentialAction":[{"@type":"ReadAction","target":["https:\/\/fr.twiza.org\/portail\/produit\/enduits-et-joints-a-la-chaux\/"]}]},{"@type":"ImageObject","inLanguage":"fr-FR","@id":"https:\/\/fr.twiza.org\/portail\/produit\/enduits-et-joints-a-la-chaux\/#primaryimage","url":"https:\/\/fr.twiza.org\/portail\/wp-content\/uploads\/2025\/05\/maconnerie-Formation-Twiza-IMG_20240411_115900.jpg","contentUrl":"https:\/\/fr.twiza.org\/portail\/wp-content\/uploads\/2025\/05\/maconnerie-Formation-Twiza-IMG_20240411_115900.jpg","width":640,"height":480},{"@type":"BreadcrumbList","@id":"https:\/\/fr.twiza.org\/portail\/produit\/enduits-et-joints-a-la-chaux\/#breadcrumb","itemListElement":[{"@type":"ListItem","position":1,"name":"Accueil","item":"https:\/\/fr.twiza.org\/portail\/"},{"@type":"ListItem","position":2,"name":"Boutique","item":"https:\/\/fr.twiza.org\/portail\/boutique\/"},{"@type":"ListItem","position":3,"name":"Formation Enduits et Joints \u00e0 la Chaux"}]},{"@type":"WebSite","@id":"https:\/\/fr.twiza.org\/portail\/#website","url":"https:\/\/fr.twiza.org\/portail\/","name":"R\u00e9seau Twiza","description":"Entraide pour un habitat \u00e9cologique, convivial et r\u00e9silient","publisher":{"@id":"https:\/\/fr.twiza.org\/portail\/#organization"},"potentialAction":[{"@type":"SearchAction","target":{"@type":"EntryPoint","urlTemplate":"https:\/\/fr.twiza.org\/portail\/?s={search_term_string}"},"query-input":{"@type":"PropertyValueSpecification","valueRequired":true,"valueName":"search_term_string"}}],"inLanguage":"fr-FR"},{"@type":"Organization","@id":"https:\/\/fr.twiza.org\/portail\/#organization","name":"R\u00e9seau Twiza","url":"https:\/\/fr.twiza.org\/portail\/","logo":{"@type":"ImageObject","inLanguage":"fr-FR","@id":"https:\/\/fr.twiza.org\/portail\/#\/schema\/logo\/image\/","url":"https:\/\/fr.twiza.org\/portail\/wp-content\/uploads\/2021\/05\/cropped-logo-reseau-twiza.jpg","contentUrl":"https:\/\/fr.twiza.org\/portail\/wp-content\/uploads\/2021\/05\/cropped-logo-reseau-twiza.jpg","width":400,"height":102,"caption":"R\u00e9seau Twiza"},"image":{"@id":"https:\/\/fr.twiza.org\/portail\/#\/schema\/logo\/image\/"},"sameAs":["https:\/\/fr-fr.facebook.com\/Twiza.fr\/","https:\/\/www.instagram.com\/twiza_fr\/","https:\/\/www.linkedin.com\/company\/reseautwiza\/"]}]}},"jetpack_sharing_enabled":true,"_links":{"self":[{"href":"https:\/\/fr.twiza.org\/portail\/wp-json\/wp\/v2\/product\/13274","targetHints":{"allow":["GET"]}}],"collection":[{"href":"https:\/\/fr.twiza.org\/portail\/wp-json\/wp\/v2\/product"}],"about":[{"href":"https:\/\/fr.twiza.org\/portail\/wp-json\/wp\/v2\/types\/product"}],"wp:featuredmedia":[{"embeddable":true,"href":"https:\/\/fr.twiza.org\/portail\/wp-json\/wp\/v2\/media\/12503"}],"wp:attachment":[{"href":"https:\/\/fr.twiza.org\/portail\/wp-json\/wp\/v2\/media?parent=13274"}],"wp:term":[{"taxonomy":"product_brand","embeddable":true,"href":"https:\/\/fr.twiza.org\/portail\/wp-json\/wp\/v2\/product_brand?post=13274"},{"taxonomy":"product_cat","embeddable":true,"href":"https:\/\/fr.twiza.org\/portail\/wp-json\/wp\/v2\/product_cat?post=13274"},{"taxonomy":"product_tag","embeddable":true,"href":"https:\/\/fr.twiza.org\/portail\/wp-json\/wp\/v2\/product_tag?post=13274"}],"curies":[{"name":"wp","href":"https:\/\/api.w.org\/{rel}","templated":true}]}}