{"id":13291,"date":"2025-07-17T17:35:42","date_gmt":"2025-07-17T15:35:42","guid":{"rendered":"https:\/\/fr.twiza.org\/portail\/?post_type=product&#038;p=13291"},"modified":"2026-03-18T12:12:31","modified_gmt":"2026-03-18T11:12:31","slug":"tadelakt-marocain-bg","status":"publish","type":"product","link":"https:\/\/fr.twiza.org\/portail\/produit\/tadelakt-marocain-bg\/","title":{"rendered":"Tadelakt : Ma\u00eetrise l&rsquo;Art de l&rsquo;Enduit Marocain (5 jours)"},"content":{"rendered":"","protected":false},"excerpt":{"rendered":"<p style=\"text-align: center;\">Transforme tes murs en \u0153uvres d&rsquo;art vivantes et d\u00e9couvre l&rsquo;artisanat mill\u00e9naire du tadelakt avec un artisan sp\u00e9cialis\u00e9<strong>.<\/strong><\/p>\n<p style=\"text-align: center;\">\ud83d\udcc5 <strong>Du 21 au 26 septembre 2026<\/strong>, \u00e0 Saint-\u00c9tienne-de-Saint-Geoirs (38)<\/p>\n","protected":false},"featured_media":13284,"template":"","meta":{"_eb_attr":"","_themeisle_gutenberg_block_has_review":false},"product_brand":[],"product_cat":[68],"product_tag":[],"class_list":{"0":"post-13291","1":"product","2":"type-product","3":"status-publish","4":"has-post-thumbnail","6":"product_cat-formation","8":"first","9":"instock","10":"taxable","11":"shipping-taxable","12":"purchasable","13":"product-type-simple"},"yoast_head":"<!-- This site is optimized with the Yoast SEO Premium plugin v27.2 (Yoast SEO v27.4) - https:\/\/yoast.com\/product\/yoast-seo-premium-wordpress\/ -->\n<title>Tadelakt : Ma\u00eetrise l&#039;Art de l&#039;Enduit Marocain (5 jours) | R\u00e9seau Twiza<\/title>\n<meta name=\"description\" content=\"Formation au Tadelakt authentique : technique traditionnelle marocaine, chaux de Marrakech, polissage au galet. 3 \u00e0 5 jours avec Bruno Gouttry\" \/>\n<meta name=\"robots\" content=\"index, follow, max-snippet:-1, max-image-preview:large, max-video-preview:-1\" \/>\n<link rel=\"canonical\" href=\"https:\/\/fr.twiza.org\/portail\/produit\/tadelakt-marocain-bg\/\" \/>\n<meta property=\"og:locale\" content=\"fr_FR\" \/>\n<meta property=\"og:type\" content=\"article\" \/>\n<meta property=\"og:title\" content=\"Tadelakt : Ma\u00eetrise l&#039;Art de l&#039;Enduit Marocain (5 jours)\" \/>\n<meta property=\"og:description\" content=\"Formation au Tadelakt authentique : technique traditionnelle marocaine, chaux de Marrakech, polissage au galet. 3 \u00e0 5 jours avec Bruno Gouttry\" \/>\n<meta property=\"og:url\" content=\"https:\/\/fr.twiza.org\/portail\/produit\/tadelakt-marocain-bg\/\" \/>\n<meta property=\"og:site_name\" content=\"R\u00e9seau Twiza\" \/>\n<meta property=\"article:publisher\" content=\"https:\/\/fr-fr.facebook.com\/Twiza.fr\/\" \/>\n<meta property=\"article:modified_time\" content=\"2026-03-18T11:12:31+00:00\" \/>\n<meta property=\"og:image\" content=\"https:\/\/fr.twiza.org\/portail\/wp-content\/uploads\/2025\/07\/Formation-Tadelakt-Bruno-Gouttry5.jpg\" \/>\n\t<meta property=\"og:image:width\" content=\"1401\" \/>\n\t<meta property=\"og:image:height\" content=\"951\" \/>\n\t<meta property=\"og:image:type\" content=\"image\/jpeg\" \/>\n<meta name=\"twitter:card\" content=\"summary_large_image\" \/>\n<script type=\"application\/ld+json\" class=\"yoast-schema-graph\">{\"@context\":\"https:\\\/\\\/schema.org\",\"@graph\":[{\"@type\":\"WebPage\",\"@id\":\"https:\\\/\\\/fr.twiza.org\\\/portail\\\/produit\\\/tadelakt-marocain-bg\\\/\",\"url\":\"https:\\\/\\\/fr.twiza.org\\\/portail\\\/produit\\\/tadelakt-marocain-bg\\\/\",\"name\":\"Tadelakt : Ma\u00eetrise l'Art de l'Enduit Marocain (5 jours) | R\u00e9seau Twiza\",\"isPartOf\":{\"@id\":\"https:\\\/\\\/fr.twiza.org\\\/portail\\\/#website\"},\"primaryImageOfPage\":{\"@id\":\"https:\\\/\\\/fr.twiza.org\\\/portail\\\/produit\\\/tadelakt-marocain-bg\\\/#primaryimage\"},\"image\":{\"@id\":\"https:\\\/\\\/fr.twiza.org\\\/portail\\\/produit\\\/tadelakt-marocain-bg\\\/#primaryimage\"},\"thumbnailUrl\":\"https:\\\/\\\/fr.twiza.org\\\/portail\\\/wp-content\\\/uploads\\\/2025\\\/07\\\/Formation-Tadelakt-Bruno-Gouttry5.jpg\",\"datePublished\":\"2025-07-17T15:35:42+00:00\",\"dateModified\":\"2026-03-18T11:12:31+00:00\",\"description\":\"Formation au Tadelakt authentique : technique traditionnelle marocaine, chaux de Marrakech, polissage au galet. 3 \u00e0 5 jours avec Bruno Gouttry\",\"breadcrumb\":{\"@id\":\"https:\\\/\\\/fr.twiza.org\\\/portail\\\/produit\\\/tadelakt-marocain-bg\\\/#breadcrumb\"},\"inLanguage\":\"fr-FR\",\"potentialAction\":[{\"@type\":\"ReadAction\",\"target\":[\"https:\\\/\\\/fr.twiza.org\\\/portail\\\/produit\\\/tadelakt-marocain-bg\\\/\"]}]},{\"@type\":\"ImageObject\",\"inLanguage\":\"fr-FR\",\"@id\":\"https:\\\/\\\/fr.twiza.org\\\/portail\\\/produit\\\/tadelakt-marocain-bg\\\/#primaryimage\",\"url\":\"https:\\\/\\\/fr.twiza.org\\\/portail\\\/wp-content\\\/uploads\\\/2025\\\/07\\\/Formation-Tadelakt-Bruno-Gouttry5.jpg\",\"contentUrl\":\"https:\\\/\\\/fr.twiza.org\\\/portail\\\/wp-content\\\/uploads\\\/2025\\\/07\\\/Formation-Tadelakt-Bruno-Gouttry5.jpg\",\"width\":1401,\"height\":951,\"caption\":\"Formation Tadelakt Bruno Gouttry\"},{\"@type\":\"BreadcrumbList\",\"@id\":\"https:\\\/\\\/fr.twiza.org\\\/portail\\\/produit\\\/tadelakt-marocain-bg\\\/#breadcrumb\",\"itemListElement\":[{\"@type\":\"ListItem\",\"position\":1,\"name\":\"Accueil\",\"item\":\"https:\\\/\\\/fr.twiza.org\\\/portail\\\/\"},{\"@type\":\"ListItem\",\"position\":2,\"name\":\"Boutique\",\"item\":\"https:\\\/\\\/fr.twiza.org\\\/portail\\\/boutique\\\/\"},{\"@type\":\"ListItem\",\"position\":3,\"name\":\"Tadelakt : Ma\u00eetrise l&rsquo;Art de l&rsquo;Enduit Marocain (5 jours)\"}]},{\"@type\":\"WebSite\",\"@id\":\"https:\\\/\\\/fr.twiza.org\\\/portail\\\/#website\",\"url\":\"https:\\\/\\\/fr.twiza.org\\\/portail\\\/\",\"name\":\"R\u00e9seau Twiza\",\"description\":\"Entraide pour un habitat \u00e9cologique, convivial et r\u00e9silient\",\"publisher\":{\"@id\":\"https:\\\/\\\/fr.twiza.org\\\/portail\\\/#organization\"},\"potentialAction\":[{\"@type\":\"SearchAction\",\"target\":{\"@type\":\"EntryPoint\",\"urlTemplate\":\"https:\\\/\\\/fr.twiza.org\\\/portail\\\/?s={search_term_string}\"},\"query-input\":{\"@type\":\"PropertyValueSpecification\",\"valueRequired\":true,\"valueName\":\"search_term_string\"}}],\"inLanguage\":\"fr-FR\"},{\"@type\":\"Organization\",\"@id\":\"https:\\\/\\\/fr.twiza.org\\\/portail\\\/#organization\",\"name\":\"R\u00e9seau Twiza\",\"url\":\"https:\\\/\\\/fr.twiza.org\\\/portail\\\/\",\"logo\":{\"@type\":\"ImageObject\",\"inLanguage\":\"fr-FR\",\"@id\":\"https:\\\/\\\/fr.twiza.org\\\/portail\\\/#\\\/schema\\\/logo\\\/image\\\/\",\"url\":\"https:\\\/\\\/fr.twiza.org\\\/portail\\\/wp-content\\\/uploads\\\/2021\\\/05\\\/cropped-logo-reseau-twiza.jpg\",\"contentUrl\":\"https:\\\/\\\/fr.twiza.org\\\/portail\\\/wp-content\\\/uploads\\\/2021\\\/05\\\/cropped-logo-reseau-twiza.jpg\",\"width\":400,\"height\":102,\"caption\":\"R\u00e9seau Twiza\"},\"image\":{\"@id\":\"https:\\\/\\\/fr.twiza.org\\\/portail\\\/#\\\/schema\\\/logo\\\/image\\\/\"},\"sameAs\":[\"https:\\\/\\\/fr-fr.facebook.com\\\/Twiza.fr\\\/\",\"https:\\\/\\\/www.instagram.com\\\/twiza_fr\\\/\",\"https:\\\/\\\/www.linkedin.com\\\/company\\\/reseautwiza\\\/\"]}]}<\/script>\n<!-- \/ Yoast SEO Premium plugin. -->","yoast_head_json":{"title":"Tadelakt : Ma\u00eetrise l'Art de l'Enduit Marocain (5 jours) | R\u00e9seau Twiza","description":"Formation au Tadelakt authentique : technique traditionnelle marocaine, chaux de Marrakech, polissage au galet. 3 \u00e0 5 jours avec Bruno Gouttry","robots":{"index":"index","follow":"follow","max-snippet":"max-snippet:-1","max-image-preview":"max-image-preview:large","max-video-preview":"max-video-preview:-1"},"canonical":"https:\/\/fr.twiza.org\/portail\/produit\/tadelakt-marocain-bg\/","og_locale":"fr_FR","og_type":"article","og_title":"Tadelakt : Ma\u00eetrise l'Art de l'Enduit Marocain (5 jours)","og_description":"Formation au Tadelakt authentique : technique traditionnelle marocaine, chaux de Marrakech, polissage au galet. 3 \u00e0 5 jours avec Bruno Gouttry","og_url":"https:\/\/fr.twiza.org\/portail\/produit\/tadelakt-marocain-bg\/","og_site_name":"R\u00e9seau Twiza","article_publisher":"https:\/\/fr-fr.facebook.com\/Twiza.fr\/","article_modified_time":"2026-03-18T11:12:31+00:00","og_image":[{"width":1401,"height":951,"url":"https:\/\/fr.twiza.org\/portail\/wp-content\/uploads\/2025\/07\/Formation-Tadelakt-Bruno-Gouttry5.jpg","type":"image\/jpeg"}],"twitter_card":"summary_large_image","schema":{"@context":"https:\/\/schema.org","@graph":[{"@type":"WebPage","@id":"https:\/\/fr.twiza.org\/portail\/produit\/tadelakt-marocain-bg\/","url":"https:\/\/fr.twiza.org\/portail\/produit\/tadelakt-marocain-bg\/","name":"Tadelakt : Ma\u00eetrise l'Art de l'Enduit Marocain (5 jours) | R\u00e9seau Twiza","isPartOf":{"@id":"https:\/\/fr.twiza.org\/portail\/#website"},"primaryImageOfPage":{"@id":"https:\/\/fr.twiza.org\/portail\/produit\/tadelakt-marocain-bg\/#primaryimage"},"image":{"@id":"https:\/\/fr.twiza.org\/portail\/produit\/tadelakt-marocain-bg\/#primaryimage"},"thumbnailUrl":"https:\/\/fr.twiza.org\/portail\/wp-content\/uploads\/2025\/07\/Formation-Tadelakt-Bruno-Gouttry5.jpg","datePublished":"2025-07-17T15:35:42+00:00","dateModified":"2026-03-18T11:12:31+00:00","description":"Formation au Tadelakt authentique : technique traditionnelle marocaine, chaux de Marrakech, polissage au galet. 3 \u00e0 5 jours avec Bruno Gouttry","breadcrumb":{"@id":"https:\/\/fr.twiza.org\/portail\/produit\/tadelakt-marocain-bg\/#breadcrumb"},"inLanguage":"fr-FR","potentialAction":[{"@type":"ReadAction","target":["https:\/\/fr.twiza.org\/portail\/produit\/tadelakt-marocain-bg\/"]}]},{"@type":"ImageObject","inLanguage":"fr-FR","@id":"https:\/\/fr.twiza.org\/portail\/produit\/tadelakt-marocain-bg\/#primaryimage","url":"https:\/\/fr.twiza.org\/portail\/wp-content\/uploads\/2025\/07\/Formation-Tadelakt-Bruno-Gouttry5.jpg","contentUrl":"https:\/\/fr.twiza.org\/portail\/wp-content\/uploads\/2025\/07\/Formation-Tadelakt-Bruno-Gouttry5.jpg","width":1401,"height":951,"caption":"Formation Tadelakt Bruno Gouttry"},{"@type":"BreadcrumbList","@id":"https:\/\/fr.twiza.org\/portail\/produit\/tadelakt-marocain-bg\/#breadcrumb","itemListElement":[{"@type":"ListItem","position":1,"name":"Accueil","item":"https:\/\/fr.twiza.org\/portail\/"},{"@type":"ListItem","position":2,"name":"Boutique","item":"https:\/\/fr.twiza.org\/portail\/boutique\/"},{"@type":"ListItem","position":3,"name":"Tadelakt : Ma\u00eetrise l&rsquo;Art de l&rsquo;Enduit Marocain (5 jours)"}]},{"@type":"WebSite","@id":"https:\/\/fr.twiza.org\/portail\/#website","url":"https:\/\/fr.twiza.org\/portail\/","name":"R\u00e9seau Twiza","description":"Entraide pour un habitat \u00e9cologique, convivial et r\u00e9silient","publisher":{"@id":"https:\/\/fr.twiza.org\/portail\/#organization"},"potentialAction":[{"@type":"SearchAction","target":{"@type":"EntryPoint","urlTemplate":"https:\/\/fr.twiza.org\/portail\/?s={search_term_string}"},"query-input":{"@type":"PropertyValueSpecification","valueRequired":true,"valueName":"search_term_string"}}],"inLanguage":"fr-FR"},{"@type":"Organization","@id":"https:\/\/fr.twiza.org\/portail\/#organization","name":"R\u00e9seau Twiza","url":"https:\/\/fr.twiza.org\/portail\/","logo":{"@type":"ImageObject","inLanguage":"fr-FR","@id":"https:\/\/fr.twiza.org\/portail\/#\/schema\/logo\/image\/","url":"https:\/\/fr.twiza.org\/portail\/wp-content\/uploads\/2021\/05\/cropped-logo-reseau-twiza.jpg","contentUrl":"https:\/\/fr.twiza.org\/portail\/wp-content\/uploads\/2021\/05\/cropped-logo-reseau-twiza.jpg","width":400,"height":102,"caption":"R\u00e9seau Twiza"},"image":{"@id":"https:\/\/fr.twiza.org\/portail\/#\/schema\/logo\/image\/"},"sameAs":["https:\/\/fr-fr.facebook.com\/Twiza.fr\/","https:\/\/www.instagram.com\/twiza_fr\/","https:\/\/www.linkedin.com\/company\/reseautwiza\/"]}]}},"jetpack_sharing_enabled":true,"_links":{"self":[{"href":"https:\/\/fr.twiza.org\/portail\/wp-json\/wp\/v2\/product\/13291","targetHints":{"allow":["GET"]}}],"collection":[{"href":"https:\/\/fr.twiza.org\/portail\/wp-json\/wp\/v2\/product"}],"about":[{"href":"https:\/\/fr.twiza.org\/portail\/wp-json\/wp\/v2\/types\/product"}],"wp:featuredmedia":[{"embeddable":true,"href":"https:\/\/fr.twiza.org\/portail\/wp-json\/wp\/v2\/media\/13284"}],"wp:attachment":[{"href":"https:\/\/fr.twiza.org\/portail\/wp-json\/wp\/v2\/media?parent=13291"}],"wp:term":[{"taxonomy":"product_brand","embeddable":true,"href":"https:\/\/fr.twiza.org\/portail\/wp-json\/wp\/v2\/product_brand?post=13291"},{"taxonomy":"product_cat","embeddable":true,"href":"https:\/\/fr.twiza.org\/portail\/wp-json\/wp\/v2\/product_cat?post=13291"},{"taxonomy":"product_tag","embeddable":true,"href":"https:\/\/fr.twiza.org\/portail\/wp-json\/wp\/v2\/product_tag?post=13291"}],"curies":[{"name":"wp","href":"https:\/\/api.w.org\/{rel}","templated":true}]}}