{"id":13361,"date":"2025-07-22T12:13:39","date_gmt":"2025-07-22T10:13:39","guid":{"rendered":"https:\/\/fr.twiza.org\/portail\/?post_type=product&#038;p=13361"},"modified":"2026-01-27T12:20:33","modified_gmt":"2026-01-27T11:20:33","slug":"hot-mix-cb","status":"publish","type":"product","link":"https:\/\/fr.twiza.org\/portail\/produit\/hot-mix-cb\/","title":{"rendered":"Hot Mix : D\u00e9couvre la Vraie Chaux Vive Ancestrale"},"content":{"rendered":"","protected":false},"excerpt":{"rendered":"<p><!-- wp:paragraph {\"align\":\"center\",\"style\":{\"typography\":{\"fontSize\":\"24px\"}}} --><\/p>\n<p class=\"has-text-align-center\"><!-- wp:paragraph {\"align\":\"center\",\"style\":{\"typography\":{\"fontSize\":\"24px\"}}} --><\/p>\n<p class=\"has-text-align-center\" style=\"text-align: center;\">Ma\u00eetrise la technique r\u00e9volutionnaire qui secoue le monde de la restauration :<br \/>\nle mortier de chaux vive dans les pas de Nigel Copsey.<\/p>\n<p class=\"has-text-align-center\" style=\"text-align: center;\"><!-- \/wp:paragraph --> <!-- wp:paragraph {\"align\":\"center\"} --><\/p>\n<p class=\"has-text-align-center\" style=\"text-align: center;\"><strong>\ud83d\udcc5 Du 29 juin au 30 juin 2026,<br \/>\n<\/strong> \u00e0 Saint-Bazile-de-la-Roche (19)<!-- \/wp:paragraph --><\/p>\n<p><!-- \/wp:paragraph --> <!-- wp:paragraph {\"align\":\"center\"} --><\/p>\n<p class=\"ai-optimize-21\">\n","protected":false},"featured_media":13357,"template":"","meta":{"_eb_attr":"","_themeisle_gutenberg_block_has_review":false},"product_brand":[],"product_cat":[68],"product_tag":[],"class_list":{"0":"post-13361","1":"product","2":"type-product","3":"status-publish","4":"has-post-thumbnail","6":"product_cat-formation","8":"first","9":"instock","10":"virtual","11":"taxable","12":"purchasable","13":"product-type-simple"},"yoast_head":"<!-- This site is optimized with the Yoast SEO Premium plugin v27.2 (Yoast SEO v27.4) - https:\/\/yoast.com\/product\/yoast-seo-premium-wordpress\/ -->\n<title>Hot Mix : D\u00e9couvre la Vraie Chaux Vive Ancestrale | R\u00e9seau Twiza<\/title>\n<meta name=\"description\" content=\"Formation Hot Mix exclusive : d\u00e9couvrez la technique r\u00e9volutionnaire de chaux vive qui secoue la restauration du b\u00e2ti ancien. 2 jours avec Camille Bonhert, form\u00e9 directement par Nigel Copsey.\" \/>\n<meta name=\"robots\" content=\"index, follow, max-snippet:-1, max-image-preview:large, max-video-preview:-1\" \/>\n<link rel=\"canonical\" href=\"https:\/\/fr.twiza.org\/portail\/produit\/hot-mix-cb\/\" \/>\n<meta property=\"og:locale\" content=\"fr_FR\" \/>\n<meta property=\"og:type\" content=\"article\" \/>\n<meta property=\"og:title\" content=\"Hot Mix : D\u00e9couvre la Vraie Chaux Vive Ancestrale\" \/>\n<meta property=\"og:description\" content=\"Formation Hot Mix exclusive : d\u00e9couvrez la technique r\u00e9volutionnaire de chaux vive qui secoue la restauration du b\u00e2ti ancien. 2 jours avec Camille Bonhert, form\u00e9 directement par Nigel Copsey.\" \/>\n<meta property=\"og:url\" content=\"https:\/\/fr.twiza.org\/portail\/produit\/hot-mix-cb\/\" \/>\n<meta property=\"og:site_name\" content=\"R\u00e9seau Twiza\" \/>\n<meta property=\"article:publisher\" content=\"https:\/\/fr-fr.facebook.com\/Twiza.fr\/\" \/>\n<meta property=\"article:modified_time\" content=\"2026-01-27T11:20:33+00:00\" \/>\n<meta property=\"og:image\" content=\"https:\/\/fr.twiza.org\/portail\/wp-content\/uploads\/2025\/07\/Formation-hotmix-Camille-Bonhert-Twiza-3.png\" \/>\n\t<meta property=\"og:image:width\" content=\"400\" \/>\n\t<meta property=\"og:image:height\" content=\"300\" \/>\n\t<meta property=\"og:image:type\" content=\"image\/png\" \/>\n<meta name=\"twitter:card\" content=\"summary_large_image\" \/>\n<script type=\"application\/ld+json\" class=\"yoast-schema-graph\">{\"@context\":\"https:\\\/\\\/schema.org\",\"@graph\":[{\"@type\":\"WebPage\",\"@id\":\"https:\\\/\\\/fr.twiza.org\\\/portail\\\/produit\\\/hot-mix-cb\\\/\",\"url\":\"https:\\\/\\\/fr.twiza.org\\\/portail\\\/produit\\\/hot-mix-cb\\\/\",\"name\":\"Hot Mix : D\u00e9couvre la Vraie Chaux Vive Ancestrale | R\u00e9seau Twiza\",\"isPartOf\":{\"@id\":\"https:\\\/\\\/fr.twiza.org\\\/portail\\\/#website\"},\"primaryImageOfPage\":{\"@id\":\"https:\\\/\\\/fr.twiza.org\\\/portail\\\/produit\\\/hot-mix-cb\\\/#primaryimage\"},\"image\":{\"@id\":\"https:\\\/\\\/fr.twiza.org\\\/portail\\\/produit\\\/hot-mix-cb\\\/#primaryimage\"},\"thumbnailUrl\":\"https:\\\/\\\/fr.twiza.org\\\/portail\\\/wp-content\\\/uploads\\\/2025\\\/07\\\/Formation-hotmix-Camille-Bonhert-Twiza-3.png\",\"datePublished\":\"2025-07-22T10:13:39+00:00\",\"dateModified\":\"2026-01-27T11:20:33+00:00\",\"description\":\"Formation Hot Mix exclusive : d\u00e9couvrez la technique r\u00e9volutionnaire de chaux vive qui secoue la restauration du b\u00e2ti ancien. 2 jours avec Camille Bonhert, form\u00e9 directement par Nigel Copsey.\",\"breadcrumb\":{\"@id\":\"https:\\\/\\\/fr.twiza.org\\\/portail\\\/produit\\\/hot-mix-cb\\\/#breadcrumb\"},\"inLanguage\":\"fr-FR\",\"potentialAction\":[{\"@type\":\"ReadAction\",\"target\":[\"https:\\\/\\\/fr.twiza.org\\\/portail\\\/produit\\\/hot-mix-cb\\\/\"]}]},{\"@type\":\"ImageObject\",\"inLanguage\":\"fr-FR\",\"@id\":\"https:\\\/\\\/fr.twiza.org\\\/portail\\\/produit\\\/hot-mix-cb\\\/#primaryimage\",\"url\":\"https:\\\/\\\/fr.twiza.org\\\/portail\\\/wp-content\\\/uploads\\\/2025\\\/07\\\/Formation-hotmix-Camille-Bonhert-Twiza-3.png\",\"contentUrl\":\"https:\\\/\\\/fr.twiza.org\\\/portail\\\/wp-content\\\/uploads\\\/2025\\\/07\\\/Formation-hotmix-Camille-Bonhert-Twiza-3.png\",\"width\":400,\"height\":300},{\"@type\":\"BreadcrumbList\",\"@id\":\"https:\\\/\\\/fr.twiza.org\\\/portail\\\/produit\\\/hot-mix-cb\\\/#breadcrumb\",\"itemListElement\":[{\"@type\":\"ListItem\",\"position\":1,\"name\":\"Accueil\",\"item\":\"https:\\\/\\\/fr.twiza.org\\\/portail\\\/\"},{\"@type\":\"ListItem\",\"position\":2,\"name\":\"Boutique\",\"item\":\"https:\\\/\\\/fr.twiza.org\\\/portail\\\/boutique\\\/\"},{\"@type\":\"ListItem\",\"position\":3,\"name\":\"Hot Mix : D\u00e9couvre la Vraie Chaux Vive Ancestrale\"}]},{\"@type\":\"WebSite\",\"@id\":\"https:\\\/\\\/fr.twiza.org\\\/portail\\\/#website\",\"url\":\"https:\\\/\\\/fr.twiza.org\\\/portail\\\/\",\"name\":\"R\u00e9seau Twiza\",\"description\":\"Entraide pour un habitat \u00e9cologique, convivial et r\u00e9silient\",\"publisher\":{\"@id\":\"https:\\\/\\\/fr.twiza.org\\\/portail\\\/#organization\"},\"potentialAction\":[{\"@type\":\"SearchAction\",\"target\":{\"@type\":\"EntryPoint\",\"urlTemplate\":\"https:\\\/\\\/fr.twiza.org\\\/portail\\\/?s={search_term_string}\"},\"query-input\":{\"@type\":\"PropertyValueSpecification\",\"valueRequired\":true,\"valueName\":\"search_term_string\"}}],\"inLanguage\":\"fr-FR\"},{\"@type\":\"Organization\",\"@id\":\"https:\\\/\\\/fr.twiza.org\\\/portail\\\/#organization\",\"name\":\"R\u00e9seau Twiza\",\"url\":\"https:\\\/\\\/fr.twiza.org\\\/portail\\\/\",\"logo\":{\"@type\":\"ImageObject\",\"inLanguage\":\"fr-FR\",\"@id\":\"https:\\\/\\\/fr.twiza.org\\\/portail\\\/#\\\/schema\\\/logo\\\/image\\\/\",\"url\":\"https:\\\/\\\/fr.twiza.org\\\/portail\\\/wp-content\\\/uploads\\\/2021\\\/05\\\/cropped-logo-reseau-twiza.jpg\",\"contentUrl\":\"https:\\\/\\\/fr.twiza.org\\\/portail\\\/wp-content\\\/uploads\\\/2021\\\/05\\\/cropped-logo-reseau-twiza.jpg\",\"width\":400,\"height\":102,\"caption\":\"R\u00e9seau Twiza\"},\"image\":{\"@id\":\"https:\\\/\\\/fr.twiza.org\\\/portail\\\/#\\\/schema\\\/logo\\\/image\\\/\"},\"sameAs\":[\"https:\\\/\\\/fr-fr.facebook.com\\\/Twiza.fr\\\/\",\"https:\\\/\\\/www.instagram.com\\\/twiza_fr\\\/\",\"https:\\\/\\\/www.linkedin.com\\\/company\\\/reseautwiza\\\/\"]}]}<\/script>\n<!-- \/ Yoast SEO Premium plugin. -->","yoast_head_json":{"title":"Hot Mix : D\u00e9couvre la Vraie Chaux Vive Ancestrale | R\u00e9seau Twiza","description":"Formation Hot Mix exclusive : d\u00e9couvrez la technique r\u00e9volutionnaire de chaux vive qui secoue la restauration du b\u00e2ti ancien. 2 jours avec Camille Bonhert, form\u00e9 directement par Nigel Copsey.","robots":{"index":"index","follow":"follow","max-snippet":"max-snippet:-1","max-image-preview":"max-image-preview:large","max-video-preview":"max-video-preview:-1"},"canonical":"https:\/\/fr.twiza.org\/portail\/produit\/hot-mix-cb\/","og_locale":"fr_FR","og_type":"article","og_title":"Hot Mix : D\u00e9couvre la Vraie Chaux Vive Ancestrale","og_description":"Formation Hot Mix exclusive : d\u00e9couvrez la technique r\u00e9volutionnaire de chaux vive qui secoue la restauration du b\u00e2ti ancien. 2 jours avec Camille Bonhert, form\u00e9 directement par Nigel Copsey.","og_url":"https:\/\/fr.twiza.org\/portail\/produit\/hot-mix-cb\/","og_site_name":"R\u00e9seau Twiza","article_publisher":"https:\/\/fr-fr.facebook.com\/Twiza.fr\/","article_modified_time":"2026-01-27T11:20:33+00:00","og_image":[{"width":400,"height":300,"url":"https:\/\/fr.twiza.org\/portail\/wp-content\/uploads\/2025\/07\/Formation-hotmix-Camille-Bonhert-Twiza-3.png","type":"image\/png"}],"twitter_card":"summary_large_image","schema":{"@context":"https:\/\/schema.org","@graph":[{"@type":"WebPage","@id":"https:\/\/fr.twiza.org\/portail\/produit\/hot-mix-cb\/","url":"https:\/\/fr.twiza.org\/portail\/produit\/hot-mix-cb\/","name":"Hot Mix : D\u00e9couvre la Vraie Chaux Vive Ancestrale | R\u00e9seau Twiza","isPartOf":{"@id":"https:\/\/fr.twiza.org\/portail\/#website"},"primaryImageOfPage":{"@id":"https:\/\/fr.twiza.org\/portail\/produit\/hot-mix-cb\/#primaryimage"},"image":{"@id":"https:\/\/fr.twiza.org\/portail\/produit\/hot-mix-cb\/#primaryimage"},"thumbnailUrl":"https:\/\/fr.twiza.org\/portail\/wp-content\/uploads\/2025\/07\/Formation-hotmix-Camille-Bonhert-Twiza-3.png","datePublished":"2025-07-22T10:13:39+00:00","dateModified":"2026-01-27T11:20:33+00:00","description":"Formation Hot Mix exclusive : d\u00e9couvrez la technique r\u00e9volutionnaire de chaux vive qui secoue la restauration du b\u00e2ti ancien. 2 jours avec Camille Bonhert, form\u00e9 directement par Nigel Copsey.","breadcrumb":{"@id":"https:\/\/fr.twiza.org\/portail\/produit\/hot-mix-cb\/#breadcrumb"},"inLanguage":"fr-FR","potentialAction":[{"@type":"ReadAction","target":["https:\/\/fr.twiza.org\/portail\/produit\/hot-mix-cb\/"]}]},{"@type":"ImageObject","inLanguage":"fr-FR","@id":"https:\/\/fr.twiza.org\/portail\/produit\/hot-mix-cb\/#primaryimage","url":"https:\/\/fr.twiza.org\/portail\/wp-content\/uploads\/2025\/07\/Formation-hotmix-Camille-Bonhert-Twiza-3.png","contentUrl":"https:\/\/fr.twiza.org\/portail\/wp-content\/uploads\/2025\/07\/Formation-hotmix-Camille-Bonhert-Twiza-3.png","width":400,"height":300},{"@type":"BreadcrumbList","@id":"https:\/\/fr.twiza.org\/portail\/produit\/hot-mix-cb\/#breadcrumb","itemListElement":[{"@type":"ListItem","position":1,"name":"Accueil","item":"https:\/\/fr.twiza.org\/portail\/"},{"@type":"ListItem","position":2,"name":"Boutique","item":"https:\/\/fr.twiza.org\/portail\/boutique\/"},{"@type":"ListItem","position":3,"name":"Hot Mix : D\u00e9couvre la Vraie Chaux Vive Ancestrale"}]},{"@type":"WebSite","@id":"https:\/\/fr.twiza.org\/portail\/#website","url":"https:\/\/fr.twiza.org\/portail\/","name":"R\u00e9seau Twiza","description":"Entraide pour un habitat \u00e9cologique, convivial et r\u00e9silient","publisher":{"@id":"https:\/\/fr.twiza.org\/portail\/#organization"},"potentialAction":[{"@type":"SearchAction","target":{"@type":"EntryPoint","urlTemplate":"https:\/\/fr.twiza.org\/portail\/?s={search_term_string}"},"query-input":{"@type":"PropertyValueSpecification","valueRequired":true,"valueName":"search_term_string"}}],"inLanguage":"fr-FR"},{"@type":"Organization","@id":"https:\/\/fr.twiza.org\/portail\/#organization","name":"R\u00e9seau Twiza","url":"https:\/\/fr.twiza.org\/portail\/","logo":{"@type":"ImageObject","inLanguage":"fr-FR","@id":"https:\/\/fr.twiza.org\/portail\/#\/schema\/logo\/image\/","url":"https:\/\/fr.twiza.org\/portail\/wp-content\/uploads\/2021\/05\/cropped-logo-reseau-twiza.jpg","contentUrl":"https:\/\/fr.twiza.org\/portail\/wp-content\/uploads\/2021\/05\/cropped-logo-reseau-twiza.jpg","width":400,"height":102,"caption":"R\u00e9seau Twiza"},"image":{"@id":"https:\/\/fr.twiza.org\/portail\/#\/schema\/logo\/image\/"},"sameAs":["https:\/\/fr-fr.facebook.com\/Twiza.fr\/","https:\/\/www.instagram.com\/twiza_fr\/","https:\/\/www.linkedin.com\/company\/reseautwiza\/"]}]}},"jetpack_sharing_enabled":true,"_links":{"self":[{"href":"https:\/\/fr.twiza.org\/portail\/wp-json\/wp\/v2\/product\/13361","targetHints":{"allow":["GET"]}}],"collection":[{"href":"https:\/\/fr.twiza.org\/portail\/wp-json\/wp\/v2\/product"}],"about":[{"href":"https:\/\/fr.twiza.org\/portail\/wp-json\/wp\/v2\/types\/product"}],"wp:featuredmedia":[{"embeddable":true,"href":"https:\/\/fr.twiza.org\/portail\/wp-json\/wp\/v2\/media\/13357"}],"wp:attachment":[{"href":"https:\/\/fr.twiza.org\/portail\/wp-json\/wp\/v2\/media?parent=13361"}],"wp:term":[{"taxonomy":"product_brand","embeddable":true,"href":"https:\/\/fr.twiza.org\/portail\/wp-json\/wp\/v2\/product_brand?post=13361"},{"taxonomy":"product_cat","embeddable":true,"href":"https:\/\/fr.twiza.org\/portail\/wp-json\/wp\/v2\/product_cat?post=13361"},{"taxonomy":"product_tag","embeddable":true,"href":"https:\/\/fr.twiza.org\/portail\/wp-json\/wp\/v2\/product_tag?post=13361"}],"curies":[{"name":"wp","href":"https:\/\/api.w.org\/{rel}","templated":true}]}}