{"id":13847,"date":"2025-12-02T10:14:07","date_gmt":"2025-12-02T09:14:07","guid":{"rendered":"https:\/\/fr.twiza.org\/portail\/?post_type=product&#038;p=13847"},"modified":"2026-02-04T10:31:25","modified_gmt":"2026-02-04T09:31:25","slug":"humidite-bati-ancien-distanciel","status":"publish","type":"product","link":"https:\/\/fr.twiza.org\/portail\/produit\/humidite-bati-ancien-distanciel\/","title":{"rendered":"Humidit\u00e9 dans le B\u00e2ti Ancien : Comprends, Diagnostique, Agis (Distanciel)"},"content":{"rendered":"","protected":false},"excerpt":{"rendered":"<p style=\"text-align: center;\">L&rsquo;humidit\u00e9 menace ton patrimoine ? Formation diagnostic et solutions pour b\u00e2ti ancien.<\/p>\n<p style=\"text-align: center;\"><strong>\ud83d\udcc53 sessions les vendredis 5, 12 et 19 Juin 2026, <\/strong>de 13h30 a 17h00<strong><br \/>\n<\/strong>En distanciel<\/p>\n","protected":false},"featured_media":13559,"template":"","meta":{"_eb_attr":"","_themeisle_gutenberg_block_has_review":false},"product_brand":[],"product_cat":[68],"product_tag":[],"class_list":{"0":"post-13847","1":"product","2":"type-product","3":"status-publish","4":"has-post-thumbnail","6":"product_cat-formation","8":"first","9":"instock","10":"taxable","11":"shipping-taxable","12":"purchasable","13":"product-type-simple"},"yoast_head":"<!-- This site is optimized with the Yoast SEO Premium plugin v27.2 (Yoast SEO v27.4) - https:\/\/yoast.com\/product\/yoast-seo-premium-wordpress\/ -->\n<title>Humidit\u00e9 dans le B\u00e2ti Ancien : Comprends, Diagnostique, Agis (Distanciel) | R\u00e9seau Twiza<\/title>\n<meta name=\"description\" content=\"Stop aux erreurs co\u00fbteuses ! Apprenez \u00e0 diagnostiquer et traiter l&#039;humidit\u00e9 du b\u00e2ti ancien en 1 jour. Formation pratique sur vos cas r\u00e9els.\" \/>\n<meta name=\"robots\" content=\"index, follow, max-snippet:-1, max-image-preview:large, max-video-preview:-1\" \/>\n<link rel=\"canonical\" href=\"https:\/\/fr.twiza.org\/portail\/produit\/humidite-bati-ancien-distanciel\/\" \/>\n<meta property=\"og:locale\" content=\"fr_FR\" \/>\n<meta property=\"og:type\" content=\"article\" \/>\n<meta property=\"og:title\" content=\"Humidit\u00e9 dans le B\u00e2ti Ancien : Comprends, Diagnostique, Agis (Distanciel)\" \/>\n<meta property=\"og:description\" content=\"Stop aux erreurs co\u00fbteuses ! Apprenez \u00e0 diagnostiquer et traiter l&#039;humidit\u00e9 du b\u00e2ti ancien en 1 jour. Formation pratique sur vos cas r\u00e9els.\" \/>\n<meta property=\"og:url\" content=\"https:\/\/fr.twiza.org\/portail\/produit\/humidite-bati-ancien-distanciel\/\" \/>\n<meta property=\"og:site_name\" content=\"R\u00e9seau Twiza\" \/>\n<meta property=\"article:publisher\" content=\"https:\/\/fr-fr.facebook.com\/Twiza.fr\/\" \/>\n<meta property=\"article:modified_time\" content=\"2026-02-04T09:31:25+00:00\" \/>\n<meta property=\"og:image\" content=\"https:\/\/fr.twiza.org\/portail\/wp-content\/uploads\/2025\/09\/Humidite-Formation-.jpeg\" \/>\n\t<meta property=\"og:image:width\" content=\"1976\" \/>\n\t<meta property=\"og:image:height\" content=\"1482\" \/>\n\t<meta property=\"og:image:type\" content=\"image\/jpeg\" \/>\n<meta name=\"twitter:card\" content=\"summary_large_image\" \/>\n<script type=\"application\/ld+json\" class=\"yoast-schema-graph\">{\"@context\":\"https:\\\/\\\/schema.org\",\"@graph\":[{\"@type\":\"WebPage\",\"@id\":\"https:\\\/\\\/fr.twiza.org\\\/portail\\\/produit\\\/humidite-bati-ancien-distanciel\\\/\",\"url\":\"https:\\\/\\\/fr.twiza.org\\\/portail\\\/produit\\\/humidite-bati-ancien-distanciel\\\/\",\"name\":\"Humidit\u00e9 dans le B\u00e2ti Ancien : Comprends, Diagnostique, Agis (Distanciel) | R\u00e9seau Twiza\",\"isPartOf\":{\"@id\":\"https:\\\/\\\/fr.twiza.org\\\/portail\\\/#website\"},\"primaryImageOfPage\":{\"@id\":\"https:\\\/\\\/fr.twiza.org\\\/portail\\\/produit\\\/humidite-bati-ancien-distanciel\\\/#primaryimage\"},\"image\":{\"@id\":\"https:\\\/\\\/fr.twiza.org\\\/portail\\\/produit\\\/humidite-bati-ancien-distanciel\\\/#primaryimage\"},\"thumbnailUrl\":\"https:\\\/\\\/fr.twiza.org\\\/portail\\\/wp-content\\\/uploads\\\/2025\\\/09\\\/Humidite-Formation-.jpeg\",\"datePublished\":\"2025-12-02T09:14:07+00:00\",\"dateModified\":\"2026-02-04T09:31:25+00:00\",\"description\":\"Stop aux erreurs co\u00fbteuses ! Apprenez \u00e0 diagnostiquer et traiter l'humidit\u00e9 du b\u00e2ti ancien en 1 jour. Formation pratique sur vos cas r\u00e9els.\",\"breadcrumb\":{\"@id\":\"https:\\\/\\\/fr.twiza.org\\\/portail\\\/produit\\\/humidite-bati-ancien-distanciel\\\/#breadcrumb\"},\"inLanguage\":\"fr-FR\",\"potentialAction\":[{\"@type\":\"ReadAction\",\"target\":[\"https:\\\/\\\/fr.twiza.org\\\/portail\\\/produit\\\/humidite-bati-ancien-distanciel\\\/\"]}]},{\"@type\":\"ImageObject\",\"inLanguage\":\"fr-FR\",\"@id\":\"https:\\\/\\\/fr.twiza.org\\\/portail\\\/produit\\\/humidite-bati-ancien-distanciel\\\/#primaryimage\",\"url\":\"https:\\\/\\\/fr.twiza.org\\\/portail\\\/wp-content\\\/uploads\\\/2025\\\/09\\\/Humidite-Formation-.jpeg\",\"contentUrl\":\"https:\\\/\\\/fr.twiza.org\\\/portail\\\/wp-content\\\/uploads\\\/2025\\\/09\\\/Humidite-Formation-.jpeg\",\"width\":1976,\"height\":1482},{\"@type\":\"BreadcrumbList\",\"@id\":\"https:\\\/\\\/fr.twiza.org\\\/portail\\\/produit\\\/humidite-bati-ancien-distanciel\\\/#breadcrumb\",\"itemListElement\":[{\"@type\":\"ListItem\",\"position\":1,\"name\":\"Accueil\",\"item\":\"https:\\\/\\\/fr.twiza.org\\\/portail\\\/\"},{\"@type\":\"ListItem\",\"position\":2,\"name\":\"Boutique\",\"item\":\"https:\\\/\\\/fr.twiza.org\\\/portail\\\/boutique\\\/\"},{\"@type\":\"ListItem\",\"position\":3,\"name\":\"Humidit\u00e9 dans le B\u00e2ti Ancien : Comprends, Diagnostique, Agis (Distanciel)\"}]},{\"@type\":\"WebSite\",\"@id\":\"https:\\\/\\\/fr.twiza.org\\\/portail\\\/#website\",\"url\":\"https:\\\/\\\/fr.twiza.org\\\/portail\\\/\",\"name\":\"R\u00e9seau Twiza\",\"description\":\"Entraide pour un habitat \u00e9cologique, convivial et r\u00e9silient\",\"publisher\":{\"@id\":\"https:\\\/\\\/fr.twiza.org\\\/portail\\\/#organization\"},\"potentialAction\":[{\"@type\":\"SearchAction\",\"target\":{\"@type\":\"EntryPoint\",\"urlTemplate\":\"https:\\\/\\\/fr.twiza.org\\\/portail\\\/?s={search_term_string}\"},\"query-input\":{\"@type\":\"PropertyValueSpecification\",\"valueRequired\":true,\"valueName\":\"search_term_string\"}}],\"inLanguage\":\"fr-FR\"},{\"@type\":\"Organization\",\"@id\":\"https:\\\/\\\/fr.twiza.org\\\/portail\\\/#organization\",\"name\":\"R\u00e9seau Twiza\",\"url\":\"https:\\\/\\\/fr.twiza.org\\\/portail\\\/\",\"logo\":{\"@type\":\"ImageObject\",\"inLanguage\":\"fr-FR\",\"@id\":\"https:\\\/\\\/fr.twiza.org\\\/portail\\\/#\\\/schema\\\/logo\\\/image\\\/\",\"url\":\"https:\\\/\\\/fr.twiza.org\\\/portail\\\/wp-content\\\/uploads\\\/2021\\\/05\\\/cropped-logo-reseau-twiza.jpg\",\"contentUrl\":\"https:\\\/\\\/fr.twiza.org\\\/portail\\\/wp-content\\\/uploads\\\/2021\\\/05\\\/cropped-logo-reseau-twiza.jpg\",\"width\":400,\"height\":102,\"caption\":\"R\u00e9seau Twiza\"},\"image\":{\"@id\":\"https:\\\/\\\/fr.twiza.org\\\/portail\\\/#\\\/schema\\\/logo\\\/image\\\/\"},\"sameAs\":[\"https:\\\/\\\/fr-fr.facebook.com\\\/Twiza.fr\\\/\",\"https:\\\/\\\/www.instagram.com\\\/twiza_fr\\\/\",\"https:\\\/\\\/www.linkedin.com\\\/company\\\/reseautwiza\\\/\"]}]}<\/script>\n<!-- \/ Yoast SEO Premium plugin. -->","yoast_head_json":{"title":"Humidit\u00e9 dans le B\u00e2ti Ancien : Comprends, Diagnostique, Agis (Distanciel) | R\u00e9seau Twiza","description":"Stop aux erreurs co\u00fbteuses ! Apprenez \u00e0 diagnostiquer et traiter l'humidit\u00e9 du b\u00e2ti ancien en 1 jour. Formation pratique sur vos cas r\u00e9els.","robots":{"index":"index","follow":"follow","max-snippet":"max-snippet:-1","max-image-preview":"max-image-preview:large","max-video-preview":"max-video-preview:-1"},"canonical":"https:\/\/fr.twiza.org\/portail\/produit\/humidite-bati-ancien-distanciel\/","og_locale":"fr_FR","og_type":"article","og_title":"Humidit\u00e9 dans le B\u00e2ti Ancien : Comprends, Diagnostique, Agis (Distanciel)","og_description":"Stop aux erreurs co\u00fbteuses ! Apprenez \u00e0 diagnostiquer et traiter l'humidit\u00e9 du b\u00e2ti ancien en 1 jour. Formation pratique sur vos cas r\u00e9els.","og_url":"https:\/\/fr.twiza.org\/portail\/produit\/humidite-bati-ancien-distanciel\/","og_site_name":"R\u00e9seau Twiza","article_publisher":"https:\/\/fr-fr.facebook.com\/Twiza.fr\/","article_modified_time":"2026-02-04T09:31:25+00:00","og_image":[{"width":1976,"height":1482,"url":"https:\/\/fr.twiza.org\/portail\/wp-content\/uploads\/2025\/09\/Humidite-Formation-.jpeg","type":"image\/jpeg"}],"twitter_card":"summary_large_image","schema":{"@context":"https:\/\/schema.org","@graph":[{"@type":"WebPage","@id":"https:\/\/fr.twiza.org\/portail\/produit\/humidite-bati-ancien-distanciel\/","url":"https:\/\/fr.twiza.org\/portail\/produit\/humidite-bati-ancien-distanciel\/","name":"Humidit\u00e9 dans le B\u00e2ti Ancien : Comprends, Diagnostique, Agis (Distanciel) | R\u00e9seau Twiza","isPartOf":{"@id":"https:\/\/fr.twiza.org\/portail\/#website"},"primaryImageOfPage":{"@id":"https:\/\/fr.twiza.org\/portail\/produit\/humidite-bati-ancien-distanciel\/#primaryimage"},"image":{"@id":"https:\/\/fr.twiza.org\/portail\/produit\/humidite-bati-ancien-distanciel\/#primaryimage"},"thumbnailUrl":"https:\/\/fr.twiza.org\/portail\/wp-content\/uploads\/2025\/09\/Humidite-Formation-.jpeg","datePublished":"2025-12-02T09:14:07+00:00","dateModified":"2026-02-04T09:31:25+00:00","description":"Stop aux erreurs co\u00fbteuses ! Apprenez \u00e0 diagnostiquer et traiter l'humidit\u00e9 du b\u00e2ti ancien en 1 jour. Formation pratique sur vos cas r\u00e9els.","breadcrumb":{"@id":"https:\/\/fr.twiza.org\/portail\/produit\/humidite-bati-ancien-distanciel\/#breadcrumb"},"inLanguage":"fr-FR","potentialAction":[{"@type":"ReadAction","target":["https:\/\/fr.twiza.org\/portail\/produit\/humidite-bati-ancien-distanciel\/"]}]},{"@type":"ImageObject","inLanguage":"fr-FR","@id":"https:\/\/fr.twiza.org\/portail\/produit\/humidite-bati-ancien-distanciel\/#primaryimage","url":"https:\/\/fr.twiza.org\/portail\/wp-content\/uploads\/2025\/09\/Humidite-Formation-.jpeg","contentUrl":"https:\/\/fr.twiza.org\/portail\/wp-content\/uploads\/2025\/09\/Humidite-Formation-.jpeg","width":1976,"height":1482},{"@type":"BreadcrumbList","@id":"https:\/\/fr.twiza.org\/portail\/produit\/humidite-bati-ancien-distanciel\/#breadcrumb","itemListElement":[{"@type":"ListItem","position":1,"name":"Accueil","item":"https:\/\/fr.twiza.org\/portail\/"},{"@type":"ListItem","position":2,"name":"Boutique","item":"https:\/\/fr.twiza.org\/portail\/boutique\/"},{"@type":"ListItem","position":3,"name":"Humidit\u00e9 dans le B\u00e2ti Ancien : Comprends, Diagnostique, Agis (Distanciel)"}]},{"@type":"WebSite","@id":"https:\/\/fr.twiza.org\/portail\/#website","url":"https:\/\/fr.twiza.org\/portail\/","name":"R\u00e9seau Twiza","description":"Entraide pour un habitat \u00e9cologique, convivial et r\u00e9silient","publisher":{"@id":"https:\/\/fr.twiza.org\/portail\/#organization"},"potentialAction":[{"@type":"SearchAction","target":{"@type":"EntryPoint","urlTemplate":"https:\/\/fr.twiza.org\/portail\/?s={search_term_string}"},"query-input":{"@type":"PropertyValueSpecification","valueRequired":true,"valueName":"search_term_string"}}],"inLanguage":"fr-FR"},{"@type":"Organization","@id":"https:\/\/fr.twiza.org\/portail\/#organization","name":"R\u00e9seau Twiza","url":"https:\/\/fr.twiza.org\/portail\/","logo":{"@type":"ImageObject","inLanguage":"fr-FR","@id":"https:\/\/fr.twiza.org\/portail\/#\/schema\/logo\/image\/","url":"https:\/\/fr.twiza.org\/portail\/wp-content\/uploads\/2021\/05\/cropped-logo-reseau-twiza.jpg","contentUrl":"https:\/\/fr.twiza.org\/portail\/wp-content\/uploads\/2021\/05\/cropped-logo-reseau-twiza.jpg","width":400,"height":102,"caption":"R\u00e9seau Twiza"},"image":{"@id":"https:\/\/fr.twiza.org\/portail\/#\/schema\/logo\/image\/"},"sameAs":["https:\/\/fr-fr.facebook.com\/Twiza.fr\/","https:\/\/www.instagram.com\/twiza_fr\/","https:\/\/www.linkedin.com\/company\/reseautwiza\/"]}]}},"jetpack_sharing_enabled":true,"_links":{"self":[{"href":"https:\/\/fr.twiza.org\/portail\/wp-json\/wp\/v2\/product\/13847","targetHints":{"allow":["GET"]}}],"collection":[{"href":"https:\/\/fr.twiza.org\/portail\/wp-json\/wp\/v2\/product"}],"about":[{"href":"https:\/\/fr.twiza.org\/portail\/wp-json\/wp\/v2\/types\/product"}],"wp:featuredmedia":[{"embeddable":true,"href":"https:\/\/fr.twiza.org\/portail\/wp-json\/wp\/v2\/media\/13559"}],"wp:attachment":[{"href":"https:\/\/fr.twiza.org\/portail\/wp-json\/wp\/v2\/media?parent=13847"}],"wp:term":[{"taxonomy":"product_brand","embeddable":true,"href":"https:\/\/fr.twiza.org\/portail\/wp-json\/wp\/v2\/product_brand?post=13847"},{"taxonomy":"product_cat","embeddable":true,"href":"https:\/\/fr.twiza.org\/portail\/wp-json\/wp\/v2\/product_cat?post=13847"},{"taxonomy":"product_tag","embeddable":true,"href":"https:\/\/fr.twiza.org\/portail\/wp-json\/wp\/v2\/product_tag?post=13847"}],"curies":[{"name":"wp","href":"https:\/\/api.w.org\/{rel}","templated":true}]}}