{"id":13942,"date":"2026-01-26T12:35:44","date_gmt":"2026-01-26T11:35:44","guid":{"rendered":"https:\/\/fr.twiza.org\/portail\/?post_type=product&#038;p=13942"},"modified":"2026-01-26T12:39:50","modified_gmt":"2026-01-26T11:39:50","slug":"terre-excavation","status":"publish","type":"product","link":"https:\/\/fr.twiza.org\/portail\/produit\/terre-excavation\/","title":{"rendered":"Terre d\u2019Excavation : R\u00e9v\u00e8le le B\u00e2tisseur en Toi"},"content":{"rendered":"","protected":false},"excerpt":{"rendered":"<p class=\"ai-optimize-32\" style=\"text-align: center;\">Apprends \u00e0 qualifier et transformer la terre brute en mat\u00e9riau de construction<\/p>\n<p class=\"ai-optimize-21\" style=\"text-align: center;\"><strong>\ud83d\udcc5 Les 07 et 08 mars 2026<\/strong><span>\u00a0\u2013\u00a0<\/span>8 participants maximum<br \/>\n<strong>\ud83d\udccd Le Glaizil (05)\u00a0<\/strong><\/p>\n","protected":false},"featured_media":13689,"template":"","meta":{"_eb_attr":"","_themeisle_gutenberg_block_has_review":false},"product_brand":[],"product_cat":[68],"product_tag":[],"class_list":{"0":"post-13942","1":"product","2":"type-product","3":"status-publish","4":"has-post-thumbnail","6":"product_cat-formation","8":"first","9":"instock","10":"virtual","11":"taxable","12":"purchasable","13":"product-type-simple"},"yoast_head":"<!-- This site is optimized with the Yoast SEO Premium plugin v27.2 (Yoast SEO v27.4) - https:\/\/yoast.com\/product\/yoast-seo-premium-wordpress\/ -->\n<title>Terre d\u2019Excavation : R\u00e9v\u00e8le le B\u00e2tisseur en Toi | R\u00e9seau Twiza<\/title>\n<meta name=\"description\" content=\"Tu as de l&#039;argile sur ton terrain. Mais comment savoir si elle peut devenir un mat\u00e9riau de construction fiable ? Voici tout ce qu&#039;il faut savoir\" \/>\n<meta name=\"robots\" content=\"index, follow, max-snippet:-1, max-image-preview:large, max-video-preview:-1\" \/>\n<link rel=\"canonical\" href=\"https:\/\/fr.twiza.org\/portail\/produit\/terre-excavation\/\" \/>\n<meta property=\"og:locale\" content=\"fr_FR\" \/>\n<meta property=\"og:type\" content=\"article\" \/>\n<meta property=\"og:title\" content=\"Terre d\u2019Excavation : R\u00e9v\u00e8le le B\u00e2tisseur en Toi\" \/>\n<meta property=\"og:description\" content=\"Tu as de l&#039;argile sur ton terrain. Mais comment savoir si elle peut devenir un mat\u00e9riau de construction fiable ? Voici tout ce qu&#039;il faut savoir\" \/>\n<meta property=\"og:url\" content=\"https:\/\/fr.twiza.org\/portail\/produit\/terre-excavation\/\" \/>\n<meta property=\"og:site_name\" content=\"R\u00e9seau Twiza\" \/>\n<meta property=\"article:publisher\" content=\"https:\/\/fr-fr.facebook.com\/Twiza.fr\/\" \/>\n<meta property=\"article:modified_time\" content=\"2026-01-26T11:39:50+00:00\" \/>\n<meta property=\"og:image\" content=\"https:\/\/fr.twiza.org\/portail\/wp-content\/uploads\/2025\/10\/Formation-Terre-Arno-laboure4.jpg\" \/>\n\t<meta property=\"og:image:width\" content=\"812\" \/>\n\t<meta property=\"og:image:height\" content=\"517\" \/>\n\t<meta property=\"og:image:type\" content=\"image\/jpeg\" \/>\n<meta name=\"twitter:card\" content=\"summary_large_image\" \/>\n<script type=\"application\/ld+json\" class=\"yoast-schema-graph\">{\"@context\":\"https:\\\/\\\/schema.org\",\"@graph\":[{\"@type\":\"WebPage\",\"@id\":\"https:\\\/\\\/fr.twiza.org\\\/portail\\\/produit\\\/terre-excavation\\\/\",\"url\":\"https:\\\/\\\/fr.twiza.org\\\/portail\\\/produit\\\/terre-excavation\\\/\",\"name\":\"Terre d\u2019Excavation : R\u00e9v\u00e8le le B\u00e2tisseur en Toi | R\u00e9seau Twiza\",\"isPartOf\":{\"@id\":\"https:\\\/\\\/fr.twiza.org\\\/portail\\\/#website\"},\"primaryImageOfPage\":{\"@id\":\"https:\\\/\\\/fr.twiza.org\\\/portail\\\/produit\\\/terre-excavation\\\/#primaryimage\"},\"image\":{\"@id\":\"https:\\\/\\\/fr.twiza.org\\\/portail\\\/produit\\\/terre-excavation\\\/#primaryimage\"},\"thumbnailUrl\":\"https:\\\/\\\/fr.twiza.org\\\/portail\\\/wp-content\\\/uploads\\\/2025\\\/10\\\/Formation-Terre-Arno-laboure4.jpg\",\"datePublished\":\"2026-01-26T11:35:44+00:00\",\"dateModified\":\"2026-01-26T11:39:50+00:00\",\"description\":\"Tu as de l'argile sur ton terrain. Mais comment savoir si elle peut devenir un mat\u00e9riau de construction fiable ? Voici tout ce qu'il faut savoir\",\"breadcrumb\":{\"@id\":\"https:\\\/\\\/fr.twiza.org\\\/portail\\\/produit\\\/terre-excavation\\\/#breadcrumb\"},\"inLanguage\":\"fr-FR\",\"potentialAction\":[{\"@type\":\"ReadAction\",\"target\":[\"https:\\\/\\\/fr.twiza.org\\\/portail\\\/produit\\\/terre-excavation\\\/\"]}]},{\"@type\":\"ImageObject\",\"inLanguage\":\"fr-FR\",\"@id\":\"https:\\\/\\\/fr.twiza.org\\\/portail\\\/produit\\\/terre-excavation\\\/#primaryimage\",\"url\":\"https:\\\/\\\/fr.twiza.org\\\/portail\\\/wp-content\\\/uploads\\\/2025\\\/10\\\/Formation-Terre-Arno-laboure4.jpg\",\"contentUrl\":\"https:\\\/\\\/fr.twiza.org\\\/portail\\\/wp-content\\\/uploads\\\/2025\\\/10\\\/Formation-Terre-Arno-laboure4.jpg\",\"width\":812,\"height\":517},{\"@type\":\"BreadcrumbList\",\"@id\":\"https:\\\/\\\/fr.twiza.org\\\/portail\\\/produit\\\/terre-excavation\\\/#breadcrumb\",\"itemListElement\":[{\"@type\":\"ListItem\",\"position\":1,\"name\":\"Accueil\",\"item\":\"https:\\\/\\\/fr.twiza.org\\\/portail\\\/\"},{\"@type\":\"ListItem\",\"position\":2,\"name\":\"Boutique\",\"item\":\"https:\\\/\\\/fr.twiza.org\\\/portail\\\/boutique\\\/\"},{\"@type\":\"ListItem\",\"position\":3,\"name\":\"Terre d\u2019Excavation : R\u00e9v\u00e8le le B\u00e2tisseur en Toi\"}]},{\"@type\":\"WebSite\",\"@id\":\"https:\\\/\\\/fr.twiza.org\\\/portail\\\/#website\",\"url\":\"https:\\\/\\\/fr.twiza.org\\\/portail\\\/\",\"name\":\"R\u00e9seau Twiza\",\"description\":\"Entraide pour un habitat \u00e9cologique, convivial et r\u00e9silient\",\"publisher\":{\"@id\":\"https:\\\/\\\/fr.twiza.org\\\/portail\\\/#organization\"},\"potentialAction\":[{\"@type\":\"SearchAction\",\"target\":{\"@type\":\"EntryPoint\",\"urlTemplate\":\"https:\\\/\\\/fr.twiza.org\\\/portail\\\/?s={search_term_string}\"},\"query-input\":{\"@type\":\"PropertyValueSpecification\",\"valueRequired\":true,\"valueName\":\"search_term_string\"}}],\"inLanguage\":\"fr-FR\"},{\"@type\":\"Organization\",\"@id\":\"https:\\\/\\\/fr.twiza.org\\\/portail\\\/#organization\",\"name\":\"R\u00e9seau Twiza\",\"url\":\"https:\\\/\\\/fr.twiza.org\\\/portail\\\/\",\"logo\":{\"@type\":\"ImageObject\",\"inLanguage\":\"fr-FR\",\"@id\":\"https:\\\/\\\/fr.twiza.org\\\/portail\\\/#\\\/schema\\\/logo\\\/image\\\/\",\"url\":\"https:\\\/\\\/fr.twiza.org\\\/portail\\\/wp-content\\\/uploads\\\/2021\\\/05\\\/cropped-logo-reseau-twiza.jpg\",\"contentUrl\":\"https:\\\/\\\/fr.twiza.org\\\/portail\\\/wp-content\\\/uploads\\\/2021\\\/05\\\/cropped-logo-reseau-twiza.jpg\",\"width\":400,\"height\":102,\"caption\":\"R\u00e9seau Twiza\"},\"image\":{\"@id\":\"https:\\\/\\\/fr.twiza.org\\\/portail\\\/#\\\/schema\\\/logo\\\/image\\\/\"},\"sameAs\":[\"https:\\\/\\\/fr-fr.facebook.com\\\/Twiza.fr\\\/\",\"https:\\\/\\\/www.instagram.com\\\/twiza_fr\\\/\",\"https:\\\/\\\/www.linkedin.com\\\/company\\\/reseautwiza\\\/\"]}]}<\/script>\n<!-- \/ Yoast SEO Premium plugin. -->","yoast_head_json":{"title":"Terre d\u2019Excavation : R\u00e9v\u00e8le le B\u00e2tisseur en Toi | R\u00e9seau Twiza","description":"Tu as de l'argile sur ton terrain. Mais comment savoir si elle peut devenir un mat\u00e9riau de construction fiable ? Voici tout ce qu'il faut savoir","robots":{"index":"index","follow":"follow","max-snippet":"max-snippet:-1","max-image-preview":"max-image-preview:large","max-video-preview":"max-video-preview:-1"},"canonical":"https:\/\/fr.twiza.org\/portail\/produit\/terre-excavation\/","og_locale":"fr_FR","og_type":"article","og_title":"Terre d\u2019Excavation : R\u00e9v\u00e8le le B\u00e2tisseur en Toi","og_description":"Tu as de l'argile sur ton terrain. Mais comment savoir si elle peut devenir un mat\u00e9riau de construction fiable ? Voici tout ce qu'il faut savoir","og_url":"https:\/\/fr.twiza.org\/portail\/produit\/terre-excavation\/","og_site_name":"R\u00e9seau Twiza","article_publisher":"https:\/\/fr-fr.facebook.com\/Twiza.fr\/","article_modified_time":"2026-01-26T11:39:50+00:00","og_image":[{"width":812,"height":517,"url":"https:\/\/fr.twiza.org\/portail\/wp-content\/uploads\/2025\/10\/Formation-Terre-Arno-laboure4.jpg","type":"image\/jpeg"}],"twitter_card":"summary_large_image","schema":{"@context":"https:\/\/schema.org","@graph":[{"@type":"WebPage","@id":"https:\/\/fr.twiza.org\/portail\/produit\/terre-excavation\/","url":"https:\/\/fr.twiza.org\/portail\/produit\/terre-excavation\/","name":"Terre d\u2019Excavation : R\u00e9v\u00e8le le B\u00e2tisseur en Toi | R\u00e9seau Twiza","isPartOf":{"@id":"https:\/\/fr.twiza.org\/portail\/#website"},"primaryImageOfPage":{"@id":"https:\/\/fr.twiza.org\/portail\/produit\/terre-excavation\/#primaryimage"},"image":{"@id":"https:\/\/fr.twiza.org\/portail\/produit\/terre-excavation\/#primaryimage"},"thumbnailUrl":"https:\/\/fr.twiza.org\/portail\/wp-content\/uploads\/2025\/10\/Formation-Terre-Arno-laboure4.jpg","datePublished":"2026-01-26T11:35:44+00:00","dateModified":"2026-01-26T11:39:50+00:00","description":"Tu as de l'argile sur ton terrain. Mais comment savoir si elle peut devenir un mat\u00e9riau de construction fiable ? Voici tout ce qu'il faut savoir","breadcrumb":{"@id":"https:\/\/fr.twiza.org\/portail\/produit\/terre-excavation\/#breadcrumb"},"inLanguage":"fr-FR","potentialAction":[{"@type":"ReadAction","target":["https:\/\/fr.twiza.org\/portail\/produit\/terre-excavation\/"]}]},{"@type":"ImageObject","inLanguage":"fr-FR","@id":"https:\/\/fr.twiza.org\/portail\/produit\/terre-excavation\/#primaryimage","url":"https:\/\/fr.twiza.org\/portail\/wp-content\/uploads\/2025\/10\/Formation-Terre-Arno-laboure4.jpg","contentUrl":"https:\/\/fr.twiza.org\/portail\/wp-content\/uploads\/2025\/10\/Formation-Terre-Arno-laboure4.jpg","width":812,"height":517},{"@type":"BreadcrumbList","@id":"https:\/\/fr.twiza.org\/portail\/produit\/terre-excavation\/#breadcrumb","itemListElement":[{"@type":"ListItem","position":1,"name":"Accueil","item":"https:\/\/fr.twiza.org\/portail\/"},{"@type":"ListItem","position":2,"name":"Boutique","item":"https:\/\/fr.twiza.org\/portail\/boutique\/"},{"@type":"ListItem","position":3,"name":"Terre d\u2019Excavation : R\u00e9v\u00e8le le B\u00e2tisseur en Toi"}]},{"@type":"WebSite","@id":"https:\/\/fr.twiza.org\/portail\/#website","url":"https:\/\/fr.twiza.org\/portail\/","name":"R\u00e9seau Twiza","description":"Entraide pour un habitat \u00e9cologique, convivial et r\u00e9silient","publisher":{"@id":"https:\/\/fr.twiza.org\/portail\/#organization"},"potentialAction":[{"@type":"SearchAction","target":{"@type":"EntryPoint","urlTemplate":"https:\/\/fr.twiza.org\/portail\/?s={search_term_string}"},"query-input":{"@type":"PropertyValueSpecification","valueRequired":true,"valueName":"search_term_string"}}],"inLanguage":"fr-FR"},{"@type":"Organization","@id":"https:\/\/fr.twiza.org\/portail\/#organization","name":"R\u00e9seau Twiza","url":"https:\/\/fr.twiza.org\/portail\/","logo":{"@type":"ImageObject","inLanguage":"fr-FR","@id":"https:\/\/fr.twiza.org\/portail\/#\/schema\/logo\/image\/","url":"https:\/\/fr.twiza.org\/portail\/wp-content\/uploads\/2021\/05\/cropped-logo-reseau-twiza.jpg","contentUrl":"https:\/\/fr.twiza.org\/portail\/wp-content\/uploads\/2021\/05\/cropped-logo-reseau-twiza.jpg","width":400,"height":102,"caption":"R\u00e9seau Twiza"},"image":{"@id":"https:\/\/fr.twiza.org\/portail\/#\/schema\/logo\/image\/"},"sameAs":["https:\/\/fr-fr.facebook.com\/Twiza.fr\/","https:\/\/www.instagram.com\/twiza_fr\/","https:\/\/www.linkedin.com\/company\/reseautwiza\/"]}]}},"jetpack_sharing_enabled":true,"_links":{"self":[{"href":"https:\/\/fr.twiza.org\/portail\/wp-json\/wp\/v2\/product\/13942","targetHints":{"allow":["GET"]}}],"collection":[{"href":"https:\/\/fr.twiza.org\/portail\/wp-json\/wp\/v2\/product"}],"about":[{"href":"https:\/\/fr.twiza.org\/portail\/wp-json\/wp\/v2\/types\/product"}],"wp:featuredmedia":[{"embeddable":true,"href":"https:\/\/fr.twiza.org\/portail\/wp-json\/wp\/v2\/media\/13689"}],"wp:attachment":[{"href":"https:\/\/fr.twiza.org\/portail\/wp-json\/wp\/v2\/media?parent=13942"}],"wp:term":[{"taxonomy":"product_brand","embeddable":true,"href":"https:\/\/fr.twiza.org\/portail\/wp-json\/wp\/v2\/product_brand?post=13942"},{"taxonomy":"product_cat","embeddable":true,"href":"https:\/\/fr.twiza.org\/portail\/wp-json\/wp\/v2\/product_cat?post=13942"},{"taxonomy":"product_tag","embeddable":true,"href":"https:\/\/fr.twiza.org\/portail\/wp-json\/wp\/v2\/product_tag?post=13942"}],"curies":[{"name":"wp","href":"https:\/\/api.w.org\/{rel}","templated":true}]}}