{"id":13965,"date":"2026-02-02T13:05:24","date_gmt":"2026-02-02T12:05:24","guid":{"rendered":"https:\/\/fr.twiza.org\/portail\/?post_type=product&#038;p=13965"},"modified":"2026-03-06T11:28:26","modified_gmt":"2026-03-06T10:28:26","slug":"enduit-pierre-vue","status":"publish","type":"product","link":"https:\/\/fr.twiza.org\/portail\/produit\/enduit-pierre-vue\/","title":{"rendered":"Enduit de finition \u201cPierre Vue\u201d \u00e0 la chaux"},"content":{"rendered":"","protected":false},"excerpt":{"rendered":"<p class=\"ai-optimize-32\" style=\"text-align: center;\">R\u00e9novez vos murs en pierre dans les r\u00e8gles de l&rsquo;art.<\/p>\n<p class=\"ai-optimize-21\" style=\"text-align: center;\"><strong>\ud83d\udcc5 Les 10 et 11 avril 2026<\/strong><span> \u2013 12<\/span>\u00a0participants maximum<br \/>\n\ud83d\udccd \u00e0 Lectoure (32)<\/p>\n","protected":false},"featured_media":13966,"template":"","meta":{"_eb_attr":"","_themeisle_gutenberg_block_has_review":false},"product_brand":[],"product_cat":[68],"product_tag":[],"class_list":{"0":"post-13965","1":"product","2":"type-product","3":"status-publish","4":"has-post-thumbnail","6":"product_cat-formation","8":"first","9":"instock","10":"virtual","11":"taxable","12":"purchasable","13":"product-type-simple"},"yoast_head":"<!-- This site is optimized with the Yoast SEO Premium plugin v27.2 (Yoast SEO v27.4) - https:\/\/yoast.com\/product\/yoast-seo-premium-wordpress\/ -->\n<title>Enduit de finition \u201cPierre Vue\u201d \u00e0 la chaux | R\u00e9seau Twiza<\/title>\n<meta name=\"description\" content=\"Sublimez vos murs anciens en deux journ\u00e9es ! Formation &quot;Pierres vues&quot; \u00e0 la chaux. Apprenez la technique traditionnelle du jointoiement pour un rendu authentique\" \/>\n<meta name=\"robots\" content=\"index, follow, max-snippet:-1, max-image-preview:large, max-video-preview:-1\" \/>\n<link rel=\"canonical\" href=\"https:\/\/fr.twiza.org\/portail\/produit\/enduit-pierre-vue\/\" \/>\n<meta property=\"og:locale\" content=\"fr_FR\" \/>\n<meta property=\"og:type\" content=\"article\" \/>\n<meta property=\"og:title\" content=\"Enduit de finition \u201cPierre Vue\u201d \u00e0 la chaux\" \/>\n<meta property=\"og:description\" content=\"Sublimez vos murs anciens en deux journ\u00e9es ! Formation &quot;Pierres vues&quot; \u00e0 la chaux. Apprenez la technique traditionnelle du jointoiement pour un rendu authentique\" \/>\n<meta property=\"og:url\" content=\"https:\/\/fr.twiza.org\/portail\/produit\/enduit-pierre-vue\/\" \/>\n<meta property=\"og:site_name\" content=\"R\u00e9seau Twiza\" \/>\n<meta property=\"article:publisher\" content=\"https:\/\/fr-fr.facebook.com\/Twiza.fr\/\" \/>\n<meta property=\"article:modified_time\" content=\"2026-03-06T10:28:26+00:00\" \/>\n<meta property=\"og:image\" content=\"https:\/\/fr.twiza.org\/portail\/wp-content\/uploads\/2026\/02\/Vignette-Formation-Pierre-vue-Nico-v0.jpg\" \/>\n\t<meta property=\"og:image:width\" content=\"1180\" \/>\n\t<meta property=\"og:image:height\" content=\"791\" \/>\n\t<meta property=\"og:image:type\" content=\"image\/jpeg\" \/>\n<meta name=\"twitter:card\" content=\"summary_large_image\" \/>\n<script type=\"application\/ld+json\" class=\"yoast-schema-graph\">{\"@context\":\"https:\\\/\\\/schema.org\",\"@graph\":[{\"@type\":\"WebPage\",\"@id\":\"https:\\\/\\\/fr.twiza.org\\\/portail\\\/produit\\\/enduit-pierre-vue\\\/\",\"url\":\"https:\\\/\\\/fr.twiza.org\\\/portail\\\/produit\\\/enduit-pierre-vue\\\/\",\"name\":\"Enduit de finition \u201cPierre Vue\u201d \u00e0 la chaux | R\u00e9seau Twiza\",\"isPartOf\":{\"@id\":\"https:\\\/\\\/fr.twiza.org\\\/portail\\\/#website\"},\"primaryImageOfPage\":{\"@id\":\"https:\\\/\\\/fr.twiza.org\\\/portail\\\/produit\\\/enduit-pierre-vue\\\/#primaryimage\"},\"image\":{\"@id\":\"https:\\\/\\\/fr.twiza.org\\\/portail\\\/produit\\\/enduit-pierre-vue\\\/#primaryimage\"},\"thumbnailUrl\":\"https:\\\/\\\/fr.twiza.org\\\/portail\\\/wp-content\\\/uploads\\\/2026\\\/02\\\/Vignette-Formation-Pierre-vue-Nico-v0.jpg\",\"datePublished\":\"2026-02-02T12:05:24+00:00\",\"dateModified\":\"2026-03-06T10:28:26+00:00\",\"description\":\"Sublimez vos murs anciens en deux journ\u00e9es ! Formation \\\"Pierres vues\\\" \u00e0 la chaux. Apprenez la technique traditionnelle du jointoiement pour un rendu authentique\",\"breadcrumb\":{\"@id\":\"https:\\\/\\\/fr.twiza.org\\\/portail\\\/produit\\\/enduit-pierre-vue\\\/#breadcrumb\"},\"inLanguage\":\"fr-FR\",\"potentialAction\":[{\"@type\":\"ReadAction\",\"target\":[\"https:\\\/\\\/fr.twiza.org\\\/portail\\\/produit\\\/enduit-pierre-vue\\\/\"]}]},{\"@type\":\"ImageObject\",\"inLanguage\":\"fr-FR\",\"@id\":\"https:\\\/\\\/fr.twiza.org\\\/portail\\\/produit\\\/enduit-pierre-vue\\\/#primaryimage\",\"url\":\"https:\\\/\\\/fr.twiza.org\\\/portail\\\/wp-content\\\/uploads\\\/2026\\\/02\\\/Vignette-Formation-Pierre-vue-Nico-v0.jpg\",\"contentUrl\":\"https:\\\/\\\/fr.twiza.org\\\/portail\\\/wp-content\\\/uploads\\\/2026\\\/02\\\/Vignette-Formation-Pierre-vue-Nico-v0.jpg\",\"width\":1180,\"height\":791,\"caption\":\"Formation Pierre vue Nico v0\"},{\"@type\":\"BreadcrumbList\",\"@id\":\"https:\\\/\\\/fr.twiza.org\\\/portail\\\/produit\\\/enduit-pierre-vue\\\/#breadcrumb\",\"itemListElement\":[{\"@type\":\"ListItem\",\"position\":1,\"name\":\"Accueil\",\"item\":\"https:\\\/\\\/fr.twiza.org\\\/portail\\\/\"},{\"@type\":\"ListItem\",\"position\":2,\"name\":\"Boutique\",\"item\":\"https:\\\/\\\/fr.twiza.org\\\/portail\\\/boutique\\\/\"},{\"@type\":\"ListItem\",\"position\":3,\"name\":\"Enduit de finition \u201cPierre Vue\u201d \u00e0 la chaux\"}]},{\"@type\":\"WebSite\",\"@id\":\"https:\\\/\\\/fr.twiza.org\\\/portail\\\/#website\",\"url\":\"https:\\\/\\\/fr.twiza.org\\\/portail\\\/\",\"name\":\"R\u00e9seau Twiza\",\"description\":\"Entraide pour un habitat \u00e9cologique, convivial et r\u00e9silient\",\"publisher\":{\"@id\":\"https:\\\/\\\/fr.twiza.org\\\/portail\\\/#organization\"},\"potentialAction\":[{\"@type\":\"SearchAction\",\"target\":{\"@type\":\"EntryPoint\",\"urlTemplate\":\"https:\\\/\\\/fr.twiza.org\\\/portail\\\/?s={search_term_string}\"},\"query-input\":{\"@type\":\"PropertyValueSpecification\",\"valueRequired\":true,\"valueName\":\"search_term_string\"}}],\"inLanguage\":\"fr-FR\"},{\"@type\":\"Organization\",\"@id\":\"https:\\\/\\\/fr.twiza.org\\\/portail\\\/#organization\",\"name\":\"R\u00e9seau Twiza\",\"url\":\"https:\\\/\\\/fr.twiza.org\\\/portail\\\/\",\"logo\":{\"@type\":\"ImageObject\",\"inLanguage\":\"fr-FR\",\"@id\":\"https:\\\/\\\/fr.twiza.org\\\/portail\\\/#\\\/schema\\\/logo\\\/image\\\/\",\"url\":\"https:\\\/\\\/fr.twiza.org\\\/portail\\\/wp-content\\\/uploads\\\/2021\\\/05\\\/cropped-logo-reseau-twiza.jpg\",\"contentUrl\":\"https:\\\/\\\/fr.twiza.org\\\/portail\\\/wp-content\\\/uploads\\\/2021\\\/05\\\/cropped-logo-reseau-twiza.jpg\",\"width\":400,\"height\":102,\"caption\":\"R\u00e9seau Twiza\"},\"image\":{\"@id\":\"https:\\\/\\\/fr.twiza.org\\\/portail\\\/#\\\/schema\\\/logo\\\/image\\\/\"},\"sameAs\":[\"https:\\\/\\\/fr-fr.facebook.com\\\/Twiza.fr\\\/\",\"https:\\\/\\\/www.instagram.com\\\/twiza_fr\\\/\",\"https:\\\/\\\/www.linkedin.com\\\/company\\\/reseautwiza\\\/\"]}]}<\/script>\n<!-- \/ Yoast SEO Premium plugin. -->","yoast_head_json":{"title":"Enduit de finition \u201cPierre Vue\u201d \u00e0 la chaux | R\u00e9seau Twiza","description":"Sublimez vos murs anciens en deux journ\u00e9es ! Formation \"Pierres vues\" \u00e0 la chaux. Apprenez la technique traditionnelle du jointoiement pour un rendu authentique","robots":{"index":"index","follow":"follow","max-snippet":"max-snippet:-1","max-image-preview":"max-image-preview:large","max-video-preview":"max-video-preview:-1"},"canonical":"https:\/\/fr.twiza.org\/portail\/produit\/enduit-pierre-vue\/","og_locale":"fr_FR","og_type":"article","og_title":"Enduit de finition \u201cPierre Vue\u201d \u00e0 la chaux","og_description":"Sublimez vos murs anciens en deux journ\u00e9es ! Formation \"Pierres vues\" \u00e0 la chaux. Apprenez la technique traditionnelle du jointoiement pour un rendu authentique","og_url":"https:\/\/fr.twiza.org\/portail\/produit\/enduit-pierre-vue\/","og_site_name":"R\u00e9seau Twiza","article_publisher":"https:\/\/fr-fr.facebook.com\/Twiza.fr\/","article_modified_time":"2026-03-06T10:28:26+00:00","og_image":[{"width":1180,"height":791,"url":"https:\/\/fr.twiza.org\/portail\/wp-content\/uploads\/2026\/02\/Vignette-Formation-Pierre-vue-Nico-v0.jpg","type":"image\/jpeg"}],"twitter_card":"summary_large_image","schema":{"@context":"https:\/\/schema.org","@graph":[{"@type":"WebPage","@id":"https:\/\/fr.twiza.org\/portail\/produit\/enduit-pierre-vue\/","url":"https:\/\/fr.twiza.org\/portail\/produit\/enduit-pierre-vue\/","name":"Enduit de finition \u201cPierre Vue\u201d \u00e0 la chaux | R\u00e9seau Twiza","isPartOf":{"@id":"https:\/\/fr.twiza.org\/portail\/#website"},"primaryImageOfPage":{"@id":"https:\/\/fr.twiza.org\/portail\/produit\/enduit-pierre-vue\/#primaryimage"},"image":{"@id":"https:\/\/fr.twiza.org\/portail\/produit\/enduit-pierre-vue\/#primaryimage"},"thumbnailUrl":"https:\/\/fr.twiza.org\/portail\/wp-content\/uploads\/2026\/02\/Vignette-Formation-Pierre-vue-Nico-v0.jpg","datePublished":"2026-02-02T12:05:24+00:00","dateModified":"2026-03-06T10:28:26+00:00","description":"Sublimez vos murs anciens en deux journ\u00e9es ! Formation \"Pierres vues\" \u00e0 la chaux. Apprenez la technique traditionnelle du jointoiement pour un rendu authentique","breadcrumb":{"@id":"https:\/\/fr.twiza.org\/portail\/produit\/enduit-pierre-vue\/#breadcrumb"},"inLanguage":"fr-FR","potentialAction":[{"@type":"ReadAction","target":["https:\/\/fr.twiza.org\/portail\/produit\/enduit-pierre-vue\/"]}]},{"@type":"ImageObject","inLanguage":"fr-FR","@id":"https:\/\/fr.twiza.org\/portail\/produit\/enduit-pierre-vue\/#primaryimage","url":"https:\/\/fr.twiza.org\/portail\/wp-content\/uploads\/2026\/02\/Vignette-Formation-Pierre-vue-Nico-v0.jpg","contentUrl":"https:\/\/fr.twiza.org\/portail\/wp-content\/uploads\/2026\/02\/Vignette-Formation-Pierre-vue-Nico-v0.jpg","width":1180,"height":791,"caption":"Formation Pierre vue Nico v0"},{"@type":"BreadcrumbList","@id":"https:\/\/fr.twiza.org\/portail\/produit\/enduit-pierre-vue\/#breadcrumb","itemListElement":[{"@type":"ListItem","position":1,"name":"Accueil","item":"https:\/\/fr.twiza.org\/portail\/"},{"@type":"ListItem","position":2,"name":"Boutique","item":"https:\/\/fr.twiza.org\/portail\/boutique\/"},{"@type":"ListItem","position":3,"name":"Enduit de finition \u201cPierre Vue\u201d \u00e0 la chaux"}]},{"@type":"WebSite","@id":"https:\/\/fr.twiza.org\/portail\/#website","url":"https:\/\/fr.twiza.org\/portail\/","name":"R\u00e9seau Twiza","description":"Entraide pour un habitat \u00e9cologique, convivial et r\u00e9silient","publisher":{"@id":"https:\/\/fr.twiza.org\/portail\/#organization"},"potentialAction":[{"@type":"SearchAction","target":{"@type":"EntryPoint","urlTemplate":"https:\/\/fr.twiza.org\/portail\/?s={search_term_string}"},"query-input":{"@type":"PropertyValueSpecification","valueRequired":true,"valueName":"search_term_string"}}],"inLanguage":"fr-FR"},{"@type":"Organization","@id":"https:\/\/fr.twiza.org\/portail\/#organization","name":"R\u00e9seau Twiza","url":"https:\/\/fr.twiza.org\/portail\/","logo":{"@type":"ImageObject","inLanguage":"fr-FR","@id":"https:\/\/fr.twiza.org\/portail\/#\/schema\/logo\/image\/","url":"https:\/\/fr.twiza.org\/portail\/wp-content\/uploads\/2021\/05\/cropped-logo-reseau-twiza.jpg","contentUrl":"https:\/\/fr.twiza.org\/portail\/wp-content\/uploads\/2021\/05\/cropped-logo-reseau-twiza.jpg","width":400,"height":102,"caption":"R\u00e9seau Twiza"},"image":{"@id":"https:\/\/fr.twiza.org\/portail\/#\/schema\/logo\/image\/"},"sameAs":["https:\/\/fr-fr.facebook.com\/Twiza.fr\/","https:\/\/www.instagram.com\/twiza_fr\/","https:\/\/www.linkedin.com\/company\/reseautwiza\/"]}]}},"jetpack_sharing_enabled":true,"_links":{"self":[{"href":"https:\/\/fr.twiza.org\/portail\/wp-json\/wp\/v2\/product\/13965","targetHints":{"allow":["GET"]}}],"collection":[{"href":"https:\/\/fr.twiza.org\/portail\/wp-json\/wp\/v2\/product"}],"about":[{"href":"https:\/\/fr.twiza.org\/portail\/wp-json\/wp\/v2\/types\/product"}],"wp:featuredmedia":[{"embeddable":true,"href":"https:\/\/fr.twiza.org\/portail\/wp-json\/wp\/v2\/media\/13966"}],"wp:attachment":[{"href":"https:\/\/fr.twiza.org\/portail\/wp-json\/wp\/v2\/media?parent=13965"}],"wp:term":[{"taxonomy":"product_brand","embeddable":true,"href":"https:\/\/fr.twiza.org\/portail\/wp-json\/wp\/v2\/product_brand?post=13965"},{"taxonomy":"product_cat","embeddable":true,"href":"https:\/\/fr.twiza.org\/portail\/wp-json\/wp\/v2\/product_cat?post=13965"},{"taxonomy":"product_tag","embeddable":true,"href":"https:\/\/fr.twiza.org\/portail\/wp-json\/wp\/v2\/product_tag?post=13965"}],"curies":[{"name":"wp","href":"https:\/\/api.w.org\/{rel}","templated":true}]}}